
{"id":134,"date":"2016-12-27T10:58:19","date_gmt":"2016-12-27T09:58:19","guid":{"rendered":"http:\/\/hynek.jason-drson.com\/?page_id=134"},"modified":"2016-12-27T10:58:19","modified_gmt":"2016-12-27T09:58:19","slug":"2012-10-20-hon-na-lisku","status":"publish","type":"page","link":"https:\/\/hynek.jason-drson.com\/?page_id=134","title":{"rendered":"2012 10 20 Hon na Li\u0161ku"},"content":{"rendered":"<div class=\"page\">\n<div class=\"content\">\n<p>Mno\u017estv\u00ed honc\u016f orienta\u010dn\u00edch se\u0161lo se \u00a0v country ran\u010di bosy\u0148sk\u00e9m o mlhav\u00e9 sobot\u011b 20. \u0159\u00edjna 2012.<\/p>\n<p>V lese kolem Harasova na n\u011b \u010d\u00edhalo 24 za\u0161it\u00fdch li\u0161ek a jin\u00e9 vype\u010den\u00e9 \u00fakoly. Asi nejobl\u00edben\u011bj\u0161\u00edm bylo oboustrann\u00e9 pexeso, kde mnoho z v\u00e1s m\u011blo probl\u00e9my zpracovat instrukce (patrn\u011b z d\u016fvodu kysl\u00edkov\u00e9ho dluhu po zdol\u00e1n\u00ed strm\u00e9ho svahu). \u0160lo o to jen si spr\u00e1vn\u011b a p\u0159esn\u011b zorganizovat pr\u00e1ci a ne jen zmaten\u011b pob\u00edhat a halekat na sebe popisy obr\u00e1zk\u016f. Nap\u0159.: &#8222;M\u00e1m kuku\u0159ici s o\u0159echem !&#8220;, je nedostate\u010dn\u00e1 informace, neb o\u0159echy byly jak l\u00edskov\u00e9 tak vla\u0161sk\u00e9 :-).<\/p>\n<p>Obl\u00edben\u00e1 byla i azimutov\u00e1 kontrola. Zde se poda\u0159il &#8222;husarsk\u00fd&#8220; kousek v\u00edt\u011bzn\u00e9 dvojici Jan\u011b s Viktorem. Po spr\u00e1vn\u00e9m spo\u010d\u00edt\u00e1n\u00ed azimutu 240 stup\u0148\u016f se dle sv\u00e9 \u201cprofesion\u00e1ln\u00ed\u201d palcov\u00e9 buzoly s d\u00edlky od 0 do 36 (ov\u0161em zna\u010den\u00fdmi PROTI sm\u011bru hodinov\u00fdch ru\u010di\u010dek) vydali hledat strom n\u011bkam do pol\u00ed na jihov\u00fdchod.<\/p>\n<p>V testu li\u0161\u010d\u00edch znalost\u00ed n\u011bkte\u0159\u00ed p\u0159ekvapili a jin\u00ed tak\u00e9 p\u0159ekvapili. To, \u017ee posledn\u00ed P\u0159emyslovec nebyl ani Ji\u0159\u00ed z Pod\u011bbrad, ani P\u0159emysl Otakar II. by se dalo mo\u017en\u00e1 p\u0159ehl\u00e9dnout, ale \u017ee n\u011bkdo nezn\u00e1 autora cit\u00e1tu: \u201dJsem bezv\u00fdhradn\u00fd ateista, a\u017e se boj\u00edm, \u017ee m\u011b P\u00e1nb\u016fh potrest\u00e1\u201d, je neomluviteln\u00e9 a proto vol\u00e1m: \u201cHanba, hanba, hanba!\u201d. Pou\u010den\u00edm jest, \u017ee je t\u0159eba v\u00edce osv\u011bty a v\u00edce akc\u00ed na podporu na\u0161eho navzdory nejv\u011bt\u0161\u00edho \u010cecha J\u00e1ry Cimrmana.<\/p>\n<p>Krom\u011b dosp\u011bl\u00fdch honc\u016f li\u0161ek vyrazil do lesa po f\u00e1borc\u00edch i \u00factyhodn\u00fd po\u010det t\u00fdm\u016f d\u011btsk\u00fdch li\u0161\u010dat (12 dru\u017estev). I je \u010dekaly li\u0161ky a ot\u00e1zky s nimi\u017e si hrav\u011b poradili.<\/p>\n<p>P\u0159ed ve\u010dern\u00edm vyhl\u00e1\u0161en\u00edm vit\u011bz\u016f, na kter\u00fd v\u00edt\u011bzov\u00e9 nedorazili (op\u011bt hanba), prob\u011bhlo ocen\u011bn\u00ed nejv\u011bt\u0161\u00edho k\u0159iklouna Honu na Li\u0161ku 2012. Budi\u017e mu po pr\u00e1vo p\u0159izn\u00e1no, \u017ee je jeho inzulta\u010dn\u00ed jek hned p\u0159i dopoledn\u00ed registraci, m\u011bl sv\u00e9 opodstatn\u011bn\u00ed. Abych \u0161et\u0159il na\u0161e lesy, vytiskl jsem popisy kontrol v pon\u011bkud men\u0161\u00edm m\u011b\u0159\u00edtku, ne\u017e bylo pro o\u010di zrakuslab\u0161\u00edch p\u0159\u00edhodn\u00e9. T\u00edmto se v\u0161em posti\u017een\u00fdm omlouv\u00e1m a slibuji, \u017ee na p\u0159\u00ed\u0161t\u00ed Li\u0161ce, budu-li ji je\u0161t\u011b n\u011bkdy po\u0159\u00e1dat, p\u0159id\u00e1m n\u011bkolik speci\u00e1ln\u00edch hmatov\u00fdch kontrol inspirovan\u00fdch panem Breillem. Karlovi jsem se revan\u0161oval za jeho hlasit\u00fd projev cenou masky My\u0161\u00e1ka Zoro Mstitele, kterou si musel hned v s\u00e1le vyzkou\u0161et \u00a0:<a href=\"http:\/\/jasondrson.rajce.idnes.cz\/2012_10_20_Hon_na_Lisku\/#2012_Hon_na_LIsku_41.jpg\">http:\/\/jasondrson.rajce.idnes.cz\/2012_10_20_Hon_na_Lisku\/#2012_Hon_na_LIsku_41.jpg<\/a><\/p>\n<p>Nutno je\u0161t\u011b poznamenati, \u017ee b\u011bhem ve\u010dern\u00edho bujar\u00e9ho vesel\u00ed dostal Karel od majitele ran\u010de Bobra je\u0161t\u011b jednu do\u017eivotn\u00ed p\u0159ezd\u00edvku: za somb\u00e9ro a p\u011bst\u011bn\u00fd vous mu od 20.10.2012 21:23:13 p\u0159in\u00e1le\u017e\u00ed titul: \u201cKalv\u00e9ra lupi\u010d mexick\u00fd a arizonsk\u00fd\u201d:<\/p>\n<p><a href=\"http:\/\/jasondrson.rajce.idnes.cz\/2012_10_20_Hon_na_Lisku\/#2012_Hon_na_LIsku_82.jpg\"> http:\/\/jasondrson.rajce.idnes.cz\/2012_10_20_Hon_na_Lisku\/#2012_Hon_na_LIsku_82.jpg<\/a><\/p>\n<p>Sic velk\u00e9 mno\u017estv\u00ed lid\u00ed k ve\u010deru odjelo, zdrav\u00e9 j\u00e1dro slo\u017een\u00e9 p\u0159edev\u0161\u00edm z organiz\u00e1tor\u016f a jejich nejv\u011brn\u011bj\u0161\u00edch rozpoutalo na parketu p\u0159ehl\u00eddku umu a \u010desk\u00e9 lidov\u00e9 tvo\u0159ivosti. K \u00fadivu samotn\u00e9 kapely dok\u00e1zali v\u0161ichni, posiln\u011bni mnoha korbely Holby, pohotov\u011b a sv\u011b\u017ee reagovat na rytmy ze v\u0161ech sv\u011btov\u00fdch zdroj\u016f tane\u010dn\u00ed hudby. Kdy\u017e se do kolektivu p\u0159idala i obsluha ran\u010de U Bobra s tane\u010dn\u00ed akrobatickou kreac\u00ed \u201c\u017eidle\u201d, bylo jasn\u00e9, \u017ee ve\u010d\u00edrek se vyda\u0159il (dle dochovan\u00fdch zpr\u00e1v pr\u00fd posledn\u00ed \u00fa\u010dastn\u00edc\u00ed Li\u0161ky odch\u00e1zeli na vlak do M\u0161ena kolem 4. r\u00e1no).<\/p>\n<p>Na z\u00e1v\u011br nutno pod\u011bkovat v\u0161em kte\u0159\u00ed se na jubilejn\u00ed 40. Li\u0161ce pod\u00edleli :<\/p>\n<ul>\n<li>m\u00e9 drah\u00e9 sest\u0159e Radce, je\u017e tra\u0165 pro honce d\u011btsk\u00e9 p\u0159ipravila a \u0161iky jejich organizovala<\/li>\n<li>m\u00e9 drah\u00e9 Lidce, je\u017e v\u00fdpo\u010detn\u00ed st\u0159edisko \u0159\u00eddila a data pe\u010dliv\u011b zpracov\u00e1vala<\/li>\n<li>par\u0165\u00e1kovi Martinovi, je\u017e tra\u0165 vzdu\u0161nou p\u0159ipravil a na bezpe\u010dnost va\u0161\u00ed celou dobu dbal<\/li>\n<li>pomocn\u00edk\u016fm Radce, Vydr\u00e1kovi a Jardovi, kte\u0159\u00ed ochotn\u011b v n\u00e1valu nejv\u011bt\u0161\u00edm s vyhodnocov\u00e1n\u00edm pr\u016fkaz\u016f pomohli a t\u00edm k v\u010dasn\u00e9mu vyhl\u00e1\u0161en\u00ed p\u0159isp\u011bli<\/li>\n<li>v\u00fdborn\u00e9mu kresl\u00ed\u0159i Petru \u010eoubal\u00edkovi (<a href=\"http:\/\/www.douba.cz\/\">http:\/\/www.douba.cz\/<\/a>), jen\u017e n\u00e1m poskytl sv\u00e9 &#8222;Pi\u017e\u010fuchy&#8220;na diplomy: (<a href=\"http:\/\/jasondrson.rajce.idnes.cz\/2012_10_20_Hon_na_Lisku\/#Liska_2012.jpg\">http:\/\/jasondrson.rajce.idnes.cz\/2012_10_20_Hon_na_Lisku\/#Liska_2012.jpg<\/a>).\u00a0V\u011bzte, \u017ee \u010eouba byl tak\u00e9\u00a0organiz\u00e1torem legend\u00e1rn\u00edho &#8222;Z\u00e1vodu Zku\u0161en\u00fdch&#8220;, jen\u017e n\u00e1s p\u0159ed lety inspiroval k po\u0159\u00e1d\u00e1n\u00ed Jason\u011b Drson\u011b\u00a0<a href=\"http:\/\/www.jason-drson.com\/\">http:\/\/www.jason-drson.com\/<\/a>.<\/li>\n<\/ul>\n<p>Do va\u0161ich nor v\u00e1s zdrav\u00ed Hynek, co Sesko\u010dil z rud\u00e9 sk\u00e1ly a vyrazil si dech.<\/p>\n<p>Fotky:<\/p>\n<p><a href=\"http:\/\/jasondrson.rajce.idnes.cz\/2012_10_20_Hon_na_Lisku\/\">http:\/\/jasondrson.rajce.idnes.cz\/2012_10_20_Hon_na_Lisku\/<\/a><\/p>\n<p>V\u00fdsledky:<\/p>\n<p><a href=\"http:\/\/rac.xf.cz\/\">http:\/\/rac.xf.cz\/<\/a><\/p>\n<p>Podrobn\u00e9 v\u00fdsledky:<\/p>\n<p><a href=\"http:\/\/www.jason-drson.com\/akce\/2012%2010%20Hon%20na%20Lisku\/Liska%202012%20vysledky%20web.pdf\"> http:\/\/www.jason-drson.com\/akce\/2012%2010%20Hon%20na%20Lisku\/Liska%202012%20vysledky%20web.pdf<\/a><\/p>\n<p>V\u00fdsledky d\u011btsk\u00e1 Li\u0161ka:<\/p>\n<p><a href=\"http:\/\/www.jason-drson.com\/akce\/2012%2010%20Hon%20na%20Lisku\/Liska%20detska%202012%20vysledky%20web.pdf\"> http:\/\/www.jason-drson.com\/akce\/2012%2010%20Hon%20na%20Lisku\/Liska%20detska%202012%20vysledky%20web.pdf<\/a><\/p>\n<p>Ot\u00e1zky na kontrol\u00e1ch:<\/p>\n<p><a href=\"http:\/\/www.jason-drson.com\/akce\/2012%2010%20Hon%20na%20Lisku\/Liska%20otazky%20s%20cisly.pdf\"> http:\/\/www.jason-drson.com\/akce\/2012%2010%20Hon%20na%20Lisku\/Liska%20otazky%20s%20cisly.pdf<\/a><\/p>\n<p>Spr\u00e1vn\u00e9 odpov\u011bdi na ot\u00e1zky :<\/p>\n<p><a href=\"http:\/\/www.jason-drson.com\/akce\/2012%2010%20Hon%20na%20Lisku\/Hon%20na%20Lisku%20spravne%20odpovedi.pdf\"> http:\/\/www.jason-drson.com\/akce\/2012%2010%20Hon%20na%20Lisku\/Hon%20na%20Lisku%20spravne%20odpovedi.pdf<\/a><\/p>\n<\/div>\n<\/div>\n","protected":false},"excerpt":{"rendered":"<p>Mno\u017estv\u00ed honc\u016f orienta\u010dn\u00edch se\u0161lo se \u00a0v country ran\u010di bosy\u0148sk\u00e9m o mlhav\u00e9 sobot\u011b 20. \u0159\u00edjna 2012. V lese kolem Harasova na n\u011b \u010d\u00edhalo 24 za\u0161it\u00fdch li\u0161ek a jin\u00e9 vype\u010den\u00e9 \u00fakoly. Asi nejobl\u00edben\u011bj\u0161\u00edm bylo oboustrann\u00e9 pexeso, kde mnoho z v\u00e1s m\u011blo probl\u00e9my zpracovat instrukce (patrn\u011b z d\u016fvodu kysl\u00edkov\u00e9ho dluhu po zdol\u00e1n\u00ed strm\u00e9ho svahu). \u0160lo o to jen [&hellip;]<\/p>\n","protected":false},"author":1,"featured_media":0,"parent":0,"menu_order":0,"comment_status":"closed","ping_status":"closed","template":"","meta":{"footnotes":""},"class_list":["post-134","page","type-page","status-publish","hentry"],"_links":{"self":[{"href":"https:\/\/hynek.jason-drson.com\/index.php?rest_route=\/wp\/v2\/pages\/134","targetHints":{"allow":["GET"]}}],"collection":[{"href":"https:\/\/hynek.jason-drson.com\/index.php?rest_route=\/wp\/v2\/pages"}],"about":[{"href":"https:\/\/hynek.jason-drson.com\/index.php?rest_route=\/wp\/v2\/types\/page"}],"author":[{"embeddable":true,"href":"https:\/\/hynek.jason-drson.com\/index.php?rest_route=\/wp\/v2\/users\/1"}],"replies":[{"embeddable":true,"href":"https:\/\/hynek.jason-drson.com\/index.php?rest_route=%2Fwp%2Fv2%2Fcomments&post=134"}],"version-history":[{"count":1,"href":"https:\/\/hynek.jason-drson.com\/index.php?rest_route=\/wp\/v2\/pages\/134\/revisions"}],"predecessor-version":[{"id":136,"href":"https:\/\/hynek.jason-drson.com\/index.php?rest_route=\/wp\/v2\/pages\/134\/revisions\/136"}],"wp:attachment":[{"href":"https:\/\/hynek.jason-drson.com\/index.php?rest_route=%2Fwp%2Fv2%2Fmedia&parent=134"}],"curies":[{"name":"wp","href":"https:\/\/api.w.org\/{rel}","templated":true}]}}