
{"id":143,"date":"2016-12-27T11:04:49","date_gmt":"2016-12-27T10:04:49","guid":{"rendered":"http:\/\/hynek.jason-drson.com\/?page_id=143"},"modified":"2016-12-27T11:05:17","modified_gmt":"2016-12-27T10:05:17","slug":"historicky-prvni-sestrel-orientacniho-bezce-v-cechach","status":"publish","type":"page","link":"https:\/\/hynek.jason-drson.com\/?page_id=143","title":{"rendered":"Historicky prvn\u00ed sest\u0159el orienta\u010dn\u00edho b\u011b\u017ece v \u010cech\u00e1ch"},"content":{"rendered":"<div class=\"content\">\n<p><span style=\"color: #000000;\"><span style=\"font-family: Arial,sans-serif;\"><span style=\"font-size: medium;\"><strong>Sest\u0159el na Kozlovi<\/strong><\/span><\/span><\/span><\/p>\n<p><span style=\"font-family: Arial,sans-serif;\"><span style=\"font-size: medium;\">A\u017e teprve po odb\u011bhu 6.ro\u010dn\u00edku orienta\u010dn\u00edho tr\u00e9ninku pra\u017esk\u00e9 zimn\u00ed ligy <a title=\"Opet na Kozla\" href=\"http:\/\/opetnakozla.wz.cz\/\">&#8222;Op\u011bt Na Kozla&#8220;<\/a> jsem pochopil pro\u010d lete\u010dt\u00ed st\u00edha\u010di za druh\u00e9 sv\u011btov\u00e9 v\u00e1lky m\u011bli takovou pak\u00e1rnu s uzn\u00e1n\u00edm sest\u0159el\u016f nep\u0159\u00e1telsk\u00fdch letadel. Pokud nebylo k dispozici sv\u011bdectv\u00ed alespo\u0148 dvou o\u010dit\u00fdch sv\u011bdk\u016f, byl sest\u0159el jen pravd\u011bpodobn\u00fd. Velitelstv\u00ed m\u011bla pro uzn\u00e1n\u00ed sest\u0159el\u016f velmi p\u0159\u00edsn\u00e1 krit\u00e9ria, jakoby necht\u011bla uv\u011b\u0159it nikomu z chrabr\u00fdch pilot\u016f.<\/span><\/span><\/p>\n<p><span style=\"font-family: Arial,sans-serif;\">Stejn\u011b tak se tv\u00e1\u0159ila v\u011bt\u0161ina poslucha\u010d\u016f, kdy\u017e jsem jim po dob\u011bhu vypr\u00e1v\u011bl n\u00e1sleduj\u00edc\u00ed historku:<\/span><\/p>\n<p><span style=\"font-family: Arial,sans-serif;\">Kontrolu \u010d\u00edslo 7 v dlouh\u00e9 r\u00fdze raz\u00edm jako prvn\u00ed ve \u010dty\u0159\u010dlenn\u00e9 skupince. Pak svi\u017en\u011b sb\u00edh\u00e1me z kopce po \u00fazk\u00e9 p\u011b\u0161ince. T\u0159i borci v\u010detn\u011b Obucha to pou\u0161t\u011bj\u00ed dolu velmi svi\u017en\u011b, a tak mi ut\u00edkaj o asi 20 metr\u016f. Vlevo je n\u00edzk\u00fd ostru\u017einov\u00fd podrost. Obuch bu\u0161\u00ed do lesn\u00ed podlo\u017eky (\u017ee by ploch\u00e9 nohy ?) a \u00a0vypla\u0161\u00ed srnku , kter\u00e1 sk\u00e1\u010de v ohromn\u00fdch oblouc\u00edch p\u0159es podrost. Proto\u017ee srna \u010dum\u00ed jen dolu na ty t\u0159i a mysl\u00ed si, \u017ee jsou v lese jedin\u00ed, drze mne ignoruje a m\u00ed\u0159\u00ed p\u0159\u00edmo kolmo p\u0159es cesti\u010dku p\u0159ede mnou.\u00a0<\/span><\/p>\n<p><span style=\"font-family: Arial,sans-serif;\">Te\u010f zpomalen\u00fd z\u00e1b\u011br: \u00a0\u00a0<\/span><\/p>\n<p><span style=\"font-family: Arial,sans-serif;\">B\u011b\u017e\u00edm jak vichr z hor, abych dohnal ty p\u0159ede mnou. Srna v nejvy\u0161\u0161\u00edm bod\u011b skoku ot\u00e1\u010d\u00ed hlavu a zmer\u010d\u00ed m\u011b. Je jasn\u00e9, \u017ee na\u0161e trajektorie se nemohou minout. Sna\u017e\u00edm se uhnout, ale 40ti kilov\u00e9 hovado se ve vzduchu strachy rozvln\u00ed a m\u00edsto p\u0159\u00edm\u00e9ho skoku p\u0159es p\u011b\u0161inu se na m\u011b \u0159\u00edt\u00ed bokem. Dle Newtonov\u00fdch z\u00e1kon\u016f jsem nekompromisn\u011b\u00a0smeten z cesty a zavalen srn\u010d\u00edm se \u0161\u00edpkovou. Kop\u00fdtka se na\u0161t\u011bst\u00ed zaryj\u00ed vedle m\u00e9 hlavy. \u00a0Na\u0161e pohledy se na pikosekundu st\u0159etnou t\u00e9m\u011b\u0159 na dotyk obou \u010dum\u00e1k\u016f a oba stra\u0161n\u011b za\u0159veme. Je\u010d\u00edc\u00ed srnka miz\u00ed v hou\u0161t\u00ed a j\u00e1 se sb\u00edr\u00e1m z \u0161\u00edpkov\u00e9ho ke\u0159\u00edku.\u00a0<\/span><\/p>\n<p><span style=\"font-family: Arial,sans-serif;\">T\u00edmto \u017e\u00e1d\u00e1m v\u0161echny sv\u011bdky t\u00e9to ud\u00e1losti (ty co b\u011b\u017eeli p\u0159ede mnou i za mnou), aby m\u00edstop\u0159\u00edse\u017en\u00fdm prohl\u00e1\u0161en\u00edm podali sv\u011bdectv\u00ed.<br \/>\nOdd\u00edlu velkopopovick\u00fdch srn tak bude na \u00a0sto procent p\u0159izn\u00e1n historicky prvn\u00ed sest\u0159el orienta\u010dn\u00edho b\u011b\u017ece v \u010cech\u00e1ch.<\/span><\/p>\n<p><span style=\"font-family: Arial,sans-serif;\">Sv\u011bdectv\u00ed Obucha u\u017e m\u00e1m. N\u011bco v tomto duchu: &#8222;Jo vid\u011bl jsem, jak se tam s n\u011b\u010d\u00edm v\u00e1l\u00ed\u0161 na zemi a stra\u0161n\u011b \u0159ve\u0161. Proto\u017ee jsem si myslel, \u017ee t\u011b napadnul divo\u010d\u00e1k, rad\u011bji jsem zrychlil.&#8220; \u00a0<\/span><\/p>\n<p><span style=\"font-family: Arial,sans-serif;\">D\u00edky v\u0161em organiz\u00e1tor\u016fm za skv\u011ble p\u0159ipravenou akci !<\/span><\/p>\n<p><span style=\"font-family: Arial,sans-serif;\">Hynek z koko\u0159\u00ednsk\u00e9ho odd\u00edlu p\u0159\u00edrodn\u00edch sport\u016f: &#8222;Sesko\u010dil z rud\u00e9 sk\u00e1ly a vyrazil si dech&#8220;<br \/>\n<\/span><\/p>\n<p><span style=\"font-family: Arial,sans-serif;\">Ra\u017een\u00ed z GPS zde:\u00a0<a href=\"http:\/\/jasondrson.rajce.idnes.cz\/PZL_OB_Mapy\/#2013_01_05_PZL_Na_Kozla_000.jpg\" target=\"_blank\">http:\/\/jasondrson.rajce.idnes.cz\/PZL_OB_Mapy\/#2013_01_05_PZL_Na_Kozla_000.jpg<\/a><\/span><\/p>\n<\/div>\n","protected":false},"excerpt":{"rendered":"<p>Sest\u0159el na Kozlovi A\u017e teprve po odb\u011bhu 6.ro\u010dn\u00edku orienta\u010dn\u00edho tr\u00e9ninku pra\u017esk\u00e9 zimn\u00ed ligy &#8222;Op\u011bt Na Kozla&#8220; jsem pochopil pro\u010d lete\u010dt\u00ed st\u00edha\u010di za druh\u00e9 sv\u011btov\u00e9 v\u00e1lky m\u011bli takovou pak\u00e1rnu s uzn\u00e1n\u00edm sest\u0159el\u016f nep\u0159\u00e1telsk\u00fdch letadel. Pokud nebylo k dispozici sv\u011bdectv\u00ed alespo\u0148 dvou o\u010dit\u00fdch sv\u011bdk\u016f, byl sest\u0159el jen pravd\u011bpodobn\u00fd. Velitelstv\u00ed m\u011bla pro uzn\u00e1n\u00ed sest\u0159el\u016f velmi p\u0159\u00edsn\u00e1 krit\u00e9ria, jakoby [&hellip;]<\/p>\n","protected":false},"author":1,"featured_media":0,"parent":0,"menu_order":0,"comment_status":"closed","ping_status":"closed","template":"","meta":{"footnotes":""},"class_list":["post-143","page","type-page","status-publish","hentry"],"_links":{"self":[{"href":"https:\/\/hynek.jason-drson.com\/index.php?rest_route=\/wp\/v2\/pages\/143","targetHints":{"allow":["GET"]}}],"collection":[{"href":"https:\/\/hynek.jason-drson.com\/index.php?rest_route=\/wp\/v2\/pages"}],"about":[{"href":"https:\/\/hynek.jason-drson.com\/index.php?rest_route=\/wp\/v2\/types\/page"}],"author":[{"embeddable":true,"href":"https:\/\/hynek.jason-drson.com\/index.php?rest_route=\/wp\/v2\/users\/1"}],"replies":[{"embeddable":true,"href":"https:\/\/hynek.jason-drson.com\/index.php?rest_route=%2Fwp%2Fv2%2Fcomments&post=143"}],"version-history":[{"count":1,"href":"https:\/\/hynek.jason-drson.com\/index.php?rest_route=\/wp\/v2\/pages\/143\/revisions"}],"predecessor-version":[{"id":145,"href":"https:\/\/hynek.jason-drson.com\/index.php?rest_route=\/wp\/v2\/pages\/143\/revisions\/145"}],"wp:attachment":[{"href":"https:\/\/hynek.jason-drson.com\/index.php?rest_route=%2Fwp%2Fv2%2Fmedia&parent=143"}],"curies":[{"name":"wp","href":"https:\/\/api.w.org\/{rel}","templated":true}]}}