
{"id":306,"date":"2018-09-18T21:20:30","date_gmt":"2018-09-18T20:20:30","guid":{"rendered":"http:\/\/hynek.jason-drson.com\/?page_id=306"},"modified":"2018-10-21T21:45:46","modified_gmt":"2018-10-21T20:45:46","slug":"2018-10-20-hon-na-lisku","status":"publish","type":"page","link":"https:\/\/hynek.jason-drson.com\/?page_id=306","title":{"rendered":"2018 10 20 Hon na Li\u0161ku"},"content":{"rendered":"<p><span style=\"color: #ff0000;\"><strong>V\u00fdsledky a zhodnocen\u00ed<\/strong><\/span><\/p>\n<p><a href=\"https:\/\/drive.google.com\/file\/d\/1c5s4aA0ChbWrQGiiEaLg4IRRw5g_uuBg\/view?usp=sharing\">V\u00fdsledky dosp\u011bl\u00e1 Li\u0161ka<\/a><\/p>\n<p><a href=\"https:\/\/drive.google.com\/file\/d\/1xrHG5Z9gd9-XXMV2_P-21yu_bbKhXML2\/view?usp=sharing\">V\u00fdsledky d\u011btsk\u00e1 Li\u0161ka<\/a><\/p>\n<p><a href=\"https:\/\/drive.google.com\/file\/d\/1cwixow2fMc6TFy_4pZKsQoyPLtfvRxxU\/view?usp=sharing\">Ot\u00e1zky a odpov\u011bdi dosp\u011bl\u00e1 Li\u0161ka<\/a><\/p>\n<p><a href=\"https:\/\/jasondrson.rajce.idnes.cz\/2018_10_20_Hon_na_Lisku\/\">Foto<\/a><\/p>\n<p><a href=\"https:\/\/www.youtube.com\/watch?v=J6nbyk7Ky40\">Video<\/a><\/p>\n<p>Budi\u017e pochv\u00e1len\u00ed v\u0161ichni, kte\u0159\u00ed odlovu Li\u0161ek v\u00a0 po\u010das\u00ed kr\u00e1sn\u00e9m a padaj\u00edc\u00edm list\u00ed protkan\u00e9m se se ct\u00ed a odvahou z\u00fa\u010dastnili. Takt\u00e9\u017e po\u010detn\u00fd houf Li\u0161\u010dat nutno vychv\u00e1liti, neb \u010das budouc\u00ed \u017e\u00e1d\u00e1 si omlazen\u00ed ans\u00e1mblu honc\u016f i organiz\u00e1tor\u016f.<br \/>\nProto n\u00e1s t\u011b\u0161\u00ed, \u017ee omladina opanovala bednu velk\u00fdch Li\u0161ek a dvojn\u00e1sob t\u011b\u0161\u00ed, \u017ee v\u0161echny t\u0159i dvojice byly gendrov\u011b p\u011bkn\u011b vyv\u00e1\u017een\u00e9. V\u00edt\u011bzi a tud\u00ed\u017e dr\u017eci pochodn\u011b Li\u0161\u010d\u00ed pro ro\u010dn\u00edk 47. nadch\u00e1zej\u00edc\u00ed stali\u017e se sm\u00ed\u0161en\u00fd p\u00e1re\u010dek <a href=\"https:\/\/jasondrson.rajce.idnes.cz\/2018_10_20_Hon_na_Lisku\/#Liska_2018_049.jpg\">JanDa, Jana J\u00edchov\u00e1 a David Outrata (1079 bod\u016f)<\/a>. Za n\u00edm v z\u00e1v\u011bsu Pavl\u00edna Pecoldov\u00e1 a Dan Dvo\u0159\u00e1\u010dek\u00a0(1053b) a Mirka Pal\u016fchov\u00e1 s Adamem Bl\u0161\u0165\u00e1kem (996b). Nejv\u00edce bod\u016f (1210b) a z\u00e1rove\u0148 jako jedin\u00fd, kter\u00fd prosm\u00fd\u010dil v\u0161echny li\u0161\u010d\u00ed kontroly byl <a href=\"https:\/\/www.youtube.com\/watch?v=J6nbyk7Ky40\">s\u00f3lov\u00fd lovec Tom\u00e1\u0161 Van\u011bk<\/a>, kter\u00fd se na vlastn\u00ed \u017e\u00e1dost vy\u0159adil z hodnocen\u00ed dru\u017estev.<br \/>\nNejlep\u0161\u00ed pom\u011br spr\u00e1vn\u00fdch odpov\u011bd\u00ed k celkov\u00e9mu po\u010dtu nasb\u00edran\u00fdch bod\u016f dos\u00e1hlo dru\u017estvo Hamaro (61%).<\/p>\n<p>Pod\u011bkov\u00e1n\u00ed pat\u0159\u00ed v\u0161em, kte\u0159\u00ed ruku ke zd\u00e1rn\u00e9mu po\u0159\u00e1d\u00e1n\u00ed p\u0159ilo\u017eili:<\/p>\n<p>Martin jen\u017e kontroly lozi\u010dsk\u00e9 p\u0159ipravil a pe\u010dliv\u011b postavil.<br \/>\nRadka K. jen\u017e Li\u0161ku d\u011btskou vymyslela a s hav\u011bt\u00ed drobnou se po dobou kl\u00e1n\u00ed zaob\u00edrala.<br \/>\nRadka \u0160. jen\u017e ot\u00e1zek v\u011bt\u0161inu p\u0159ipravila a okem bystr\u00fdm pr\u016fkazy hodnotila.<br \/>\nSa\u0161a jen\u017e takt\u00e9\u017e zrakem bystr\u00fdm dbal by pr\u016fkazy va\u0161e \u0159\u00e1dn\u011b porovn\u00e1ny byly a rukou pomocnou ku d\u011btsk\u00e9 Li\u0161ce p\u0159ilo\u017eil.<br \/>\nLidu\u0161ka a Hostiv\u00edt, kte\u0159\u00ed za ve\u010der\u016f dlouh\u00fdch trp\u011bliv\u00e9 kor\u00e1lek po kor\u00e1lku medaile li\u0161\u010d\u00ed pro v\u00e1s skl\u00e1dali.<\/p>\n<p>Do va\u0161ich brloh\u016f v\u00e1s zdrav\u00ed<\/p>\n<p>Sesko\u010dil z rud\u00e9 sk\u00e1ly a vyrazil si dech<\/p>\n<p>&nbsp;<\/p>\n<p><span style=\"color: #ff0000;\"><strong>Posledn\u00ed pokyny pro registraci na startu a pravidla:<\/strong><\/span><br \/>\nPo p\u0159\u00edchodu do restaurace v ATC kempu prove\u010fte \u00fakony v n\u00e1sleduj\u00edc\u00edm po\u0159ad\u00ed:<br \/>\n1. Vyberte si startovn\u00ed \u010das na formul\u00e1\u0159i (A3 na stole \u010di pobl\u00ed\u017e)a zapi\u0161te do n\u011bj n\u00e1zev dru\u017estva plus svoje jm\u00e9na<br \/>\n2. Zapamatujte si startovn\u00ed \u010d\u00edslo z formul\u00e1\u0159e a \u010das startu<br \/>\n3. Zaregistrujte se a zapla\u0165te startovn\u00e9. Dostanete startovn\u00ed pr\u016fkaz (A4) a popisy kontrol.<br \/>\n4. Na startovn\u00ed pr\u016fkaz dopl\u0148te va\u0161e jm\u00e9na a \u010das startu<br \/>\n8. Asi minutu p\u0159ed startem se dostavte k \u010dasom\u00ed\u0159e (tam dostanete mapu)<\/p>\n<p>Nezapome\u0148te na povinn\u00e9 vybaven\u00ed.<\/p>\n<p><strong><span style=\"color: #ff0000;\">Pravidla dosp\u011bl\u00e1 Li\u0161ka:<\/span><br \/>\n<\/strong>Scorelauf (voln\u00e9 po\u0159ad\u00ed sb\u011bru kontrol) s limitem 5 hodin. Rozhoduje po\u010det bod\u016f p\u0159i shod\u011b pak \u010das.<br \/>\nBodov\u00e9 ohodnocen\u00ed (jak kontrol tak i ot\u00e1zek) je na pr\u016fkazce a na popisu kontrol.<br \/>\nKontroly \u010d.1-9 jsou za 20b, kontroly \u010d.10-20 za 40b.<br \/>\nZa p\u0159\u00edchod p\u0159es 1min = -10bod\u016f (nad 30min DISK)<br \/>\nKontrola se raz\u00ed voskovkou k\u0159\u00ed\u017ekem do pol\u00ed\u010dka.<br \/>\nOt\u00e1zky (pokud nen\u00ed pops\u00e1no na kontrole) se nach\u00e1z\u00ed do cca 10m od kontroly.<br \/>\nV\u011bt\u0161ina kontrol je s mo\u017enost\u00ed vz\u00edt si jeden pap\u00edrek s ot\u00e1zkami (je jich tam dost) a lu\u0161tit po cest\u011b, nebo n\u011bkde v klidu. Na ka\u017ed\u00e9 Li\u0161ce s je tak\u00e9 jedna A4 s ot\u00e1zkami v\u011bt\u0161\u00edmi p\u00edsmeny. Tato A4 je pro slabozrak\u00e9, kte\u0159\u00ed nep\u0159e\u010dtou &#8222;trhac\u00ed ot\u00e1zky&#8220;. Tuto A4 nechte na m\u00edst\u011b.<br \/>\n<strong>Pros\u00edm v\u017edy vracejte Li\u0161ku s ot\u00e1zkami na sv\u00e9 m\u00edsto.<\/strong><\/p>\n<p>Na trase jsou t\u0159i \u201elezeck\u00e9\u201c kontroly 13,15,19 (ozna\u010deno v map\u011b \u201e<strong>lez<\/strong>\u201c), kde budete pot\u0159ebovat lezeck\u00e9 vybaven\u00ed (slan\u011bn\u00ed \u010di ji\u0161t\u011bn\u00ed p\u0159i p\u0159el\u00e9z\u00e1n\u00ed).<br \/>\nD\u00e1le jsou na trase dv\u011b kontroly 10,14 na stromech (ozna\u010deno v map\u011b \u201e<strong>str<\/strong>\u201c).<br \/>\n<strong>U lezeck\u00fdch a stromov\u00fdch kontrol jsou ot\u00e1zky na viditeln\u00fdch m\u00edstech bez nutnosti l\u00e9zt na strom \u010di pou\u017e\u00edvat sed\u00e1k<\/strong>. Tud\u00ed\u017e je mo\u017enost plnit ot\u00e1zky pro ty, co nemaj\u00ed vybaven\u00ed, nebo necht\u011bj\u00ed \u0161plhat po strom\u011b.<\/p>\n<p><strong><span style=\"color: #ff0000;\">Pravidla d\u011btsk\u00e1 Li\u0161ka:<br \/>\n<\/span><\/strong>Okruh po zna\u010den\u00e9 tur. zna\u010dce (okru\u017en\u00ed \u010dervenob\u00edl\u00e1 kolem kempu). Za\u010d\u00edn\u00e1te u d\u011btsk\u00e9ho h\u0159i\u0161t\u011b dole v kempu (v map\u011b ozna\u010deno hv\u011bzdi\u010dkou). Jd\u011bt\u011b po sm\u011bru hodinov\u00fdch ru\u010di\u010dek !!<br \/>\nPo cest\u011b bude celkem 6 kontrol. Kontroly nejsou ozna\u010deny v map\u011b, ale jsou jasn\u011b viditeln\u00e9 z cesty. Kontroly se v\u011bnuj\u00ed ur\u010dit\u00e9mu p\u0159\u00edb\u011bhu. Ot\u00e1zky k p\u0159\u00edb\u011bhu dostanete a\u017e v c\u00edli (restaurace). Dob\u0159e si v\u0161e zapamatujte. Nesm\u00ed se pou\u017e\u00edvat \u017e\u00e1dn\u00e9 fotografick\u00e9 za\u0159\u00edzen\u00ed ani jin\u00e9 z\u00e1znamov\u00e9 za\u0159\u00edzen\u00ed (pouze hlava).<\/p>\n<p>&nbsp;<\/p>\n<p>Tra\u0165 se uzav\u00edr\u00e1 pro v\u0161echny v 16:00.<\/p>\n<p>&nbsp;<\/p>\n<p><span style=\"font-size: 14pt;\"><strong>Pozv\u00e1nka:<\/strong><\/span><\/p>\n<p><em><strong>Motto:\u00a0 \u201cSpr\u00e1vn\u00fd Li\u0161\u00e1k je chytr\u00fd jak li\u0161ka, dob\u0159e se orientuje v\u00a0ter\u00e9nu a\u00a0 mapa je jeho kamar\u00e1d. Nav\u00edc je spole\u010densk\u00fd a tuze se t\u011b\u0161\u00ed na bloud\u011bn\u00ed v tlup\u011b dvou a v\u00edce\u201d<\/strong><\/em><\/p>\n<p align=\"center\"><strong>Na v\u011bdomost se d\u00e1v\u00e1 v\u0161em Li\u0161k\u00e1m, Li\u0161\u00e1k\u016fm, Li\u0161\u010dat\u016fm, jako\u017e i jin\u00e9 hav\u011bti, \u017ee<\/strong><\/p>\n<p align=\"center\"><strong>46. ro\u010dn\u00edk Honu na Li\u0161ku<\/strong><\/p>\n<p align=\"center\"><strong>konati se bude v\u00a0sobotu dne 20.\u0159\u00edjna 2018.<\/strong><\/p>\n<p align=\"center\">Registrace otev\u0159ena bude <strong>od 9:00 v restauraci v kempu <a title=\"Kemp ATC kokorinsky dul\" href=\"http:\/\/camp.kokorin.info\/\">ATC Koko\u0159\u00edn v koko\u0159\u00ednsk\u00e9m dole<\/a><\/strong><\/p>\n<p>Honci dosp\u011bl\u00ed od hodiny dev\u00e1t\u00e9 postupn\u011b vypu\u0161t\u011bni budou po dru\u017estvech, jen\u017e minim\u00e1ln\u011b 2 p\u00e1r\u016f noh m\u00edti mus\u00ed.<\/p>\n<p>Li\u0161\u010dat \u010das ku zdol\u00e1n\u00ed trati d\u011btsk\u00e9 pak nastane od hodiny des\u00e1t\u00e9 dopoledn\u00ed. Apelujeme, \u017ee trasa Li\u0161\u010dat ur\u010dena jest pro d\u011bcka m\u00e1l\u00e1 do v\u011bku maxim\u00e1ln\u011b jedn\u00e9 dek\u00e1dy, \u010di pro d\u011bcka men\u0161\u00ed v doprovodu rodi\u010d\u016f.<\/p>\n<p>Jeliko\u017e \u0161m\u00edrov\u00e1n\u00ed li\u0161ek v\u00a0doupatech a skal\u00e1ch odehr\u00e1vati se bude, pom\u016fcek n\u00e1sleduj\u00edc\u00edch pro pln\u011bn\u00ed \u00fakol\u016f na dru\u017estvo dosp\u011bl\u00fdch hbit\u00e9 jest po\u017eadov\u00e1no:<\/p>\n<p>\u2013\u00a0\u00a0\u00a0\u00a0\u00a0\u00a0\u00a0\u00a0\u00a0 1x sed\u00e1k horolezeck\u00fd, 1x zamykac\u00ed karabina, 1x smyce, 1x osma \u010di jin\u00e9 sla\u0148ovadlo \u00a0 (lozen\u00ed neplat\u00ed pro d\u011bcka)<\/p>\n<p>&#8211; \u00a0 \u00a0 \u00a0 \u00a0 \u00a0 jest budou kontroly n\u011bkter\u00e9 obohaceny o snadn\u00e9 lozen\u00ed po sosn\u00e1ch \u010di haluz\u00edch rozsochat\u00fdch. Pro vyznava\u010de technik zabezpe\u010dovac\u00edch, jen\u017e ji\u0161t\u011bn\u00ed zbo\u017e\u0148uj\u00ed, jest mo\u017eno i k tomuto n\u00e1\u010din\u00ed si s sebou vz\u00edti (kup\u0159\u00edkladu lano).<\/p>\n<p>&#8211;\u00a0\u00a0\u00a0\u00a0\u00a0\u00a0\u00a0\u00a0\u00a0 Jest umo\u017en\u011bno t\u011bm, jim\u017e lozen\u00ed ve v\u00fd\u0161k\u00e1ch ne\u0161timuje a vybaven\u00edm t\u00edmto nedisponuj\u00ed, odlovu li\u0161ek se takt\u00e9\u017e z\u00fa\u010dastniti. M\u00edsta technik lozi\u010dsk\u00fdch po\u017eaduj\u00edc\u00edch (i stromov\u00fdch) v\u00a0map\u011b zakreslena p\u0159edem budou a \u00a0t\u00edm jest mo\u017enost hr\u00e1tk\u00e1m vzdu\u0161n\u00fdm se vyhnouti a um sv\u016fj na kontroly jin\u00e9 koncentrovati. Av\u0161ak ot\u00e1zky li\u0161\u010d\u00ed plniti na t\u011bchto kontrol\u00e1ch umo\u017en\u011bno bude. U kontrol t\u011bchto op\u00e1\u010dn\u011b se to chyst\u00e1. Li\u0161ka viditeln\u00e1 a jednodu\u0161e vyzna\u010dena bude a brk ku ozna\u010den\u00ed pr\u016fkazu bude na m\u00edst\u011b, kde \u00fasil\u00ed jest nutno podat.<\/p>\n<p>D\u00e1le tlomok honc\u016f nesm\u00ed postr\u00e1dati:<\/p>\n<p>\u2013\u00a0\u00a0\u00a0\u00a0\u00a0\u00a0\u00a0\u00a0\u00a0 tu\u017eku psac\u00ed a vlhkosti odol\u00e1vaj\u00edc\u00ed, pergamen<\/p>\n<p>N\u00e1stroje a pom\u016fcky doporu\u010den\u00e9:<\/p>\n<p>\u2013\u00a0\u00a0\u00a0\u00a0\u00a0\u00a0\u00a0\u00a0\u00a0 r\u016f\u017eice magnetick\u00e1 ku severu v\u017edy m\u00ed\u0159\u00edc\u00ed<\/p>\n<p>\u2013\u00a0\u00a0\u00a0\u00a0\u00a0\u00a0\u00a0\u00a0\u00a0 sva\u010dina vydatn\u00e1 a lektvar posiluj\u00edc\u00ed<\/p>\n<p>\u2013\u00a0\u00a0\u00a0\u00a0\u00a0\u00a0\u00a0\u00a0\u00a0 obal nepromokav\u00fd na mapu a pr\u016fkaz sed\u00edc\u00ed<\/p>\n<p>N\u00e1stroje a pom\u016fcky zapov\u011bzen\u00e9:<\/p>\n<p>\u2013\u00a0\u00a0\u00a0\u00a0\u00a0\u00a0\u00a0\u00a0\u00a0 mobiln\u00ed p\u0159\u00edstroje povoleny jen ve vypnut\u00e9m stavu a ku p\u0159ivol\u00e1n\u00ed pomoci<\/p>\n<p>\u2013\u00a0\u00a0\u00a0\u00a0\u00a0\u00a0\u00a0\u00a0\u00a0 p\u0159istroje fotografick\u00e9 jako\u017e i jin\u00e1 za\u0159\u00edzen\u00ed z\u00e1znamov\u00e1 nesm\u00ed b\u00fdti pou\u017eita pro pln\u011bn\u00ed \u00fakol\u016f<\/p>\n<p>Honcovn\u00e9 ku kl\u00e1n\u00ed oprav\u0148uj\u00edc\u00ed jest stanoveno na 50 zlat\u00fdch na hlavu. D\u011bcka a vojsko polovic.<\/p>\n<p>Za parkov\u00e1n\u00ed o\u0159\u016f plechov\u00fdch bude pak hospod\u00e1\u0159em kempu po\u017eadov\u00e1no v\u0161\u00edmn\u00e9 dle listiny platebn\u00ed kempem vydan\u00e9.<\/p>\n<p>V \u00fatrob\u00e1ch restaurace \u00fatuln\u00e9 se pak zdr\u017ete konzumace j\u00eddel a lektvar\u016f dovezen\u00fdch a rad\u011bji od \u0161enk\u00fd\u0159ky vl\u00eddn\u00e9 \u017e\u00e1dejte krm\u011b lahodn\u00e9 a n\u00e1poje osv\u011b\u017euj\u00edc\u00ed.<\/p>\n<p>P\u0159ihl\u00e1\u0161ky vy\u0161krabujte v desku internetovou je\u017e nalinkov\u00e1na jest <a href=\"https:\/\/docs.google.com\/forms\/d\/e\/1FAIpQLSfggwkYHevjnF_DNzxpRjtkrYp5dadPERKBidyRrZec4ZekFA\/viewform\">ZDE.<\/a><\/p>\n<p>Listina p\u0159ihl\u00e1\u0161en\u00fdch <a href=\"https:\/\/docs.google.com\/spreadsheets\/d\/1klrpFVQnCz49zIRz5WZcU0Y81RtqsyCTGW0NZD4zdSA\/edit?usp=sharing\">ZDE.<\/a><\/p>\n<p align=\"center\">Uz\u00e1v\u011brka desek startovn\u00edch jest stanovena na dobu klek\u00e1n\u00ed o p\u016flnoci m\u011bs\u00edce \u0159\u00edjna dne sedumn\u00e1ct\u00e9ho. Opozdilci v hvozd li\u0161\u010d\u00ed takt\u00e9\u017e vpu\u0161t\u011bni budou, le\u010d st\u00e1ti se m\u016f\u017ee, \u017ee pergamen s doupaty zakreslen\u00fdmi nemus\u00ed b\u00fdt \u010derstv\u00fd \u010di barevn\u011b vyzdoben.<\/p>\n<p align=\"center\">Na \u00a0\u010destn\u00e9 z\u00e1polen\u00ed se t\u011b\u0161\u00ed<\/p>\n<p align=\"center\">Hynek, Martin a Radka<\/p>\n<p align=\"center\">\u00a0 v\u010detn\u011b<br \/>\nkoko\u0159\u00ednsk\u00e9ho odd\u00edlu p\u0159\u00edrodn\u00edch sport\u016f \u201cSesko\u010dil z rud\u00e9 sk\u00e1ly a vyrazil si dech\u201d<\/p>\n","protected":false},"excerpt":{"rendered":"<p>V\u00fdsledky a zhodnocen\u00ed V\u00fdsledky dosp\u011bl\u00e1 Li\u0161ka V\u00fdsledky d\u011btsk\u00e1 Li\u0161ka Ot\u00e1zky a odpov\u011bdi dosp\u011bl\u00e1 Li\u0161ka Foto Video Budi\u017e pochv\u00e1len\u00ed v\u0161ichni, kte\u0159\u00ed odlovu Li\u0161ek v\u00a0 po\u010das\u00ed kr\u00e1sn\u00e9m a padaj\u00edc\u00edm list\u00ed protkan\u00e9m se se ct\u00ed a odvahou z\u00fa\u010dastnili. Takt\u00e9\u017e po\u010detn\u00fd houf Li\u0161\u010dat nutno vychv\u00e1liti, neb \u010das budouc\u00ed \u017e\u00e1d\u00e1 si omlazen\u00ed ans\u00e1mblu honc\u016f i organiz\u00e1tor\u016f. Proto n\u00e1s t\u011b\u0161\u00ed, \u017ee [&hellip;]<\/p>\n","protected":false},"author":1,"featured_media":0,"parent":131,"menu_order":0,"comment_status":"closed","ping_status":"closed","template":"","meta":{"footnotes":""},"class_list":["post-306","page","type-page","status-publish","hentry"],"_links":{"self":[{"href":"https:\/\/hynek.jason-drson.com\/index.php?rest_route=\/wp\/v2\/pages\/306","targetHints":{"allow":["GET"]}}],"collection":[{"href":"https:\/\/hynek.jason-drson.com\/index.php?rest_route=\/wp\/v2\/pages"}],"about":[{"href":"https:\/\/hynek.jason-drson.com\/index.php?rest_route=\/wp\/v2\/types\/page"}],"author":[{"embeddable":true,"href":"https:\/\/hynek.jason-drson.com\/index.php?rest_route=\/wp\/v2\/users\/1"}],"replies":[{"embeddable":true,"href":"https:\/\/hynek.jason-drson.com\/index.php?rest_route=%2Fwp%2Fv2%2Fcomments&post=306"}],"version-history":[{"count":13,"href":"https:\/\/hynek.jason-drson.com\/index.php?rest_route=\/wp\/v2\/pages\/306\/revisions"}],"predecessor-version":[{"id":345,"href":"https:\/\/hynek.jason-drson.com\/index.php?rest_route=\/wp\/v2\/pages\/306\/revisions\/345"}],"up":[{"embeddable":true,"href":"https:\/\/hynek.jason-drson.com\/index.php?rest_route=\/wp\/v2\/pages\/131"}],"wp:attachment":[{"href":"https:\/\/hynek.jason-drson.com\/index.php?rest_route=%2Fwp%2Fv2%2Fmedia&parent=306"}],"curies":[{"name":"wp","href":"https:\/\/api.w.org\/{rel}","templated":true}]}}