
{"id":362,"date":"2019-10-08T23:47:49","date_gmt":"2019-10-08T22:47:49","guid":{"rendered":"http:\/\/hynek.jason-drson.com\/?page_id=362"},"modified":"2019-10-29T08:40:45","modified_gmt":"2019-10-29T07:40:45","slug":"2019-10-23-dablicka-bludicka","status":"publish","type":"page","link":"https:\/\/hynek.jason-drson.com\/?page_id=362","title":{"rendered":"2019 10 23 \u010e\u00e1blick\u00e1 Bludi\u010dka"},"content":{"rendered":"\n<p><\/p>\n\n\n\n<p>Zhodnocen\u00ed: <\/p>\n\n\n\n<p>O st\u0159ede\u010dn\u00ed noci \u0159\u00edjna 23. l\u00e1tkov\u00e9 mno\u017estv\u00ed bludi\u010d\u016f vyplnilo \u010e\u00e1blick\u00fd a \u010cimick\u00fd lesopark do posledn\u00edho molu. Magick\u00e1 zelen\u00e1 sv\u011btla p\u0159itahovala nejen orienta\u010dn\u00ed hmyz, ale i zv\u00edd\u00e1v\u00e9 policisty, kte\u0159\u00ed zelen\u00e9 oko podez\u00edrali z teroristick\u00fdch \u00famysl\u016f.  <\/p>\n\n\n\n<p>O m\u00edsto prvn\u00edho mola se strhla l\u00edt\u00e1 bitva, kdy se v\u0161emi kontrolami o pouh\u00fdch 37 vte\u0159in dob\u011bhl p\u0159ed <a href=\"http:\/\/luciferlights.net\/\">Luciferem O-P\u00e9r\u00e1kem <\/a>Borek Sysel.  Pot\u00e9 nastala 20 minutov\u00e1 pauza. Pak, jako t\u0159et\u00ed a z\u00e1rove\u0148 prvn\u00ed v \u017een\u00e1ch, p\u0159il\u00e9tla molyn\u011b B\u00e1ra Kova\u0159\u00edkov\u00e1. O necel\u00e9 dv\u011b minuty za n\u00ed doplachtil prope\u010den\u00fd <a href=\"https:\/\/jasondrson.rajce.idnes.cz\/2019_10_23_Dablicka_Bludicka\/#Bludicka_2019_019.jpg\">Chleb\u00e1k \u017ditn\u00fd<\/a>.  Druh\u00e9 a t\u0159et\u00ed m\u00edsto v \u017een\u00e1ch nasv\u00edtily Vanda Kr\u00e1lov\u00e1 a Petra Vahalov\u00e1. Nen\u00ed jasn\u00e9, kter\u00e9 m\u00edsto obsadila z\u00e1vodnice, jen\u017e si v restauraci <a href=\"https:\/\/jasondrson.rajce.idnes.cz\/2019_10_23_Dablicka_Bludicka\/#Bludicka_2019_043.jpg\">zapomn\u011bla kalhoty<\/a>, ale za matematicko- abecedn\u00ed p\u00e1sek lad\u00edc\u00ed s leto\u0161n\u00edm t\u00e9matem j\u00ed kalhoty vr\u00e1t\u00edme.  <br><em>Update 24.10: Dnes mi p\u0159i\u0161la tato SMS od Dany R. : &#8222;Nem\u00e1m u tebe kalhoty?&#8220;. <br>Dostat se tahle zpr\u00e1va do &#8222;nepovolan\u00fdch&#8220; o\u010d\u00ed, bez n\u00e1le\u017eit\u00e9ho vysv\u011btlen\u00ed, tak to zav\u00e1n\u00ed rodinnou roztr\u017ekou (&#8230; nebo p\u0159esdr\u017ekou) :-).  <\/em><\/p>\n\n\n\n<p> D\u00edky pat\u0159\u00ed Evi\u010dce za pomoc na startu, Honzovi \u0158. za zap\u016fj\u010den\u00ed skv\u011bl\u00fdch blika\u010dek a dal\u0161\u00edmu Honzovi K. za sb\u011br kontrol.<\/p>\n\n\n\n<p>Uzn\u00e1n\u00ed pak v\u0161em kte\u0159\u00ed uctili den Avogadrovy konstanty. Jist\u011b si ji\u017e budete pamatovat pro\u010d prvn\u00ed leto\u0161n\u00ed bludi\u010dka startovala 23.10. p\u0159esn\u011b v 6:02 PM :-). Kdo st\u00e1le nev\u00ed, a\u0165 nahl\u00e9dne do matematicko-fyzik\u00e1ln\u00edch tabulek. <br><br><a href=\"https:\/\/drive.google.com\/open?id=1ZtXBloh5KArbEm2bA4kx_JN-lo61NZD5\">V\u00ddSLEDKY<\/a><\/p>\n\n\n\n<p><a href=\"https:\/\/jasondrson.rajce.idnes.cz\/2019_10_23_Dablicka_Bludicka\/\">FOTKY<\/a><\/p>\n\n\n\n<p><br><\/p>\n\n\n\n<p><strong>Pozv\u00e1nka:<br> \u010e\u00e1blick\u00e1 Bludi\u010dka (st\u0159eda, 23.10.2019 \u2013 16.no\u010dn\u00edk)<\/strong><\/p>\n\n\n\n<p>Zveme v\u0161echny p\u0159\u00edznivce hmyzu, aby no\u010dn\u00edm orienta\u010dn\u00edm b\u011bhem \u010e\u00e1blick\u00fdm h\u00e1jem oslavili mezin\u00e1rodn\u00ed den mol\u016f. Inspir\u00e1torem tohoto dne byl popr\u00e1vu d\u011bde\u010dek J\u00e1ry Cimrmana, kter\u00fd se za sv\u00e9ho pobytu v Tur\u00edn\u011b v polovin\u011b 19.stolet\u00ed pravideln\u011b setk\u00e1val nad odpoledn\u00edm capuccinem s ne p\u0159ili\u0161 \u00fasp\u011b\u0161n\u00fdm v\u011bdcem Amedeem Avogadrem (cel\u00e9 jm\u00e9no Lorenzo Romano Amedeo Carlo Avogadro di Quaregna e Cerreto). Cimrman sledoval chab\u00e9 pokusy Avogadra s elektromagnetickou indukc\u00ed a doslova \u0161kol\u00e1ck\u00e9 chyby s experimenty v oblasti elektrochemie. V\u0161iml si v\u0161ak, \u017ee jeho p\u0159\u00edtel Amedeus vynik\u00e1 v matematick\u00e9 zru\u010dnosti. Zejm\u00e9na pak v pr\u00e1ci s kuli\u010dkov\u00fdm po\u010d\u00edtadlem (abakusem) dosahoval pozoruhodn\u00fdch v\u00fdsledk\u016f. Cimrman tak v dob\u011b, kter\u00e1 postr\u00e1dala v\u00fdpo\u010detn\u00ed kapacitu, vyu\u017eil Avogadrovy schopnosti k ji\u017e dlouho pl\u00e1novan\u00e9mu z\u00e1m\u011bru spo\u010d\u00edtat po\u010det molekul v mal\u00e9m objemu plynu. Avogardo se n\u011bkolikr\u00e1t Cimrmana dotazoval, jak\u00fd plyn m\u00e1 b\u00fdt pou\u017eit k v\u00fdpo\u010dt\u016fm. Unaven\u00fd Cimrman jen m\u00e1vl rukou a odbyl Amedea slovy: \u201cTo m\u00e1\u0161 jedno, v\u0161echny jsou stejn\u00e9\u201d.  Dodnes nen\u00ed jasn\u00e9, jestli h\u016f\u0159e sly\u0161\u00edc\u00ed Cimrman reagoval na plyny, nebo na nedokon\u010den\u00fd p\u0159edchoz\u00ed hovor o \u017een\u00e1ch. Punt\u00ed\u010dk\u00e1\u0159sk\u00fd Avogadro si Cimmanova slova zapsal a pozd\u011bji drze rozvinul v tzv. Avogard\u016fv z\u00e1kon: &#8220; Stejn\u00e9 objemy v\u0161ech plyn\u016f obsahuj\u00ed za stejn\u00e9ho tlaku a teploty v\u017edy stejn\u00fd po\u010det molekul&#8220;. Bohu\u017eel d\u011bde\u010dka opomn\u011bl jakkoliv citovat. Avogadrovi se v\u0161ak jeho ne\u010destnost vr\u00e1tila. Ani za dvacet t\u0159i let tvrd\u00e9 pr\u00e1ce se mu toti\u017e na abakusu nepoda\u0159ilo se\u010d\u00edst v\u0161echny molekuly, a v roce 1856 um\u00edr\u00e1 s rozdr\u00e1san\u00fdmi prsty od p\u0159esouv\u00e1n\u00ed kuli\u010dek.<\/p>\n\n\n\n<p>Cimrman\u016fv d\u011bde\u010dek po dlouh\u00e1 l\u00e9ta pe\u010dliv\u011b st\u0159e\u017eil geni\u00e1ln\u00ed my\u0161lenku jak zjednodu\u0161ovat v\u00fdpo\u010dty chemick\u00fdch rovnic pomoc\u00ed mol\u016f. Jeho syn (otec J\u00e1ry), kter\u00e9mu jeho t\u00e1ta tajemstv\u00ed p\u0159edal, v\u0161ak neudr\u017eel jazyk za zuby a z\u00e1kladn\u00ed principy vysv\u011btlil sv\u00e9mu spolubydl\u00edc\u00edmu Johannu Josefu Loschmidtovi. Tento star\u00fd v\u00edde\u0148\u00e1k narozen\u00fd v Karlov\u00fdch Varech se hned pustil do pokra\u010dov\u00e1n\u00ed s\u010d\u00edt\u00e1n\u00ed molekul v jednom krychlov\u00e9m centimetru.  Po dlouh\u00fdch 36 letech po\u010d\u00edt\u00e1n\u00ed, b\u011bhem kter\u00e9ho mu narostl dlouh\u00fd plnovous, kone\u010dn\u011b do\u0161el k v\u00fdsledku. V odborn\u00fdch kruz\u00edch zn\u00e1m\u00e9mu jako tzv. Loschmidtova konstanta. V literatu\u0159e se bohu\u017eel nesetk\u00e1me ani s n\u00e1znakem vd\u011bku Cimramanov\u011b rodin\u011b v tak podstatn\u00e9m objevu. <\/p>\n\n\n\n<p>Jedin\u00fdm\nzadostiu\u010din\u011bn\u00edm je pak rok 2019, kdy 144. Gener\u00e1ln\u00ed konference pro m\u00edry a v\u00e1hy,\nna n\u00e1tlak buditel\u016f J\u00e1ry Cimrmana, definitivn\u011b zvolila uhl\u00edk C12\/6 jako zdroj pro\nur\u010den\u00ed Avogadro-Cimrmanovy konstanty.<\/p>\n\n\n\n<p>Nutno podotknout, \u017ee pr\u00e1v\u011b uhl\u00edk C12\/6 byl i kl\u00ed\u010dov\u00fdm k zji\u0161t\u011bn\u00ed, kdy se J\u00e1ra Cimrman p\u0159ist\u011bhoval do Lipt\u00e1kova (bylo to na podzim roku 1906 plus m\u00ednus 200 let). <\/p>\n\n\n\n<p><br><strong>KDY:<\/strong> ve st\u0159edu 23.10.2019, prvn\u00ed bludi\u010d bude vypu\u0161t\u011bn p\u0159esn\u011b v 6:02 PM,  start bude uzav\u0159en v cca 7:30 PM<\/p>\n\n\n\n<p><strong>KDE:&nbsp;<\/strong>restaurace Na M\u011blnick\u00e9 v \u010e\u00e1blic\u00edch (naproti \nh\u0159bitovu). Restaurace se nach\u00e1z\u00ed na rozhran\u00ed ulic O\u0159echov\u00e1 a \u010e\u00e1blick\u00e1: \nGPS: [50\u00b08\u20194.707\u2033N, 14\u00b028\u201939.846\u2033E].<\/p>\n\n\n\n<p>Odkaz na mapu:&nbsp;<a href=\"http:\/\/mapy.cz\/s\/5EVd\" target=\"_blank\" rel=\"noreferrer noopener\">ZDE<\/a><\/p>\n\n\n\n<p><strong>&nbsp;JAK&nbsp;se tam dostat ?:<\/strong> Dostanete se tam bud p\u011b\u0161ky od metra Ladv\u00ed (1,5km), nebo St\u0159\u00ed\u017ekov (1km), tramvaj\u00ed (10) nebo autobusy \u010d. 103,183,348,369.<\/p>\n\n\n\n<p><strong>CO TAM ?<\/strong> : Krom\u011b oslavy mol\u016f, restaurace Na  M\u011blnick\u00e9 \u010depuje Gambrinus 10, a Plze\u0148 12. Je zde i bohat\u00fd v\u00fdb\u011br minutek  za slu\u0161nou cenu, tak ne, abyste se naprali p\u0159edem.<\/p>\n\n\n\n<p><strong>CO S SEBOU ? :<\/strong>&nbsp;S sebou si vemte: \u010delovku, sv\u00edtilnu \u010di kahan, <strong>buzolu \u010di kompas<\/strong>, <strong>tu\u017eku (ta se taky \u0161ikne)<\/strong>, <strong>hodinky \u010di chronometr<\/strong>, oble\u010den\u00ed a ozut\u00ed dle po\u010das\u00ed, drobn\u00e9 na pivo a startovn\u00e9 (40,-). Mapa (form\u00e1t A4) <strong>nebude<\/strong> vodovzdorn\u011b upravena, a proto si <strong>vemte futr\u00e1lek<\/strong>.<\/p>\n\n\n\n<p>Vemte si pevn\u00e9 nohavice! Ostru\u017e\u00edn\u00ed je v \u010e\u00e1bli\u010d\u00e1ku v\u00fd\u017eivn\u00e9.<\/p>\n\n\n\n<p><strong>&nbsp;Pravidla :<\/strong><\/p>\n\n\n\n<p>Dostanete oboustranou mapu A4, kde bude zakresleno 20 kontrol a jeden pozorovac\u00ed bod PB (ten se nezna\u010d\u00ed). Z PB budou (pokud nebude velk\u00e1 mlha) vid\u011bt 3 sv\u011bteln\u00e9 bludi\u010dky A,B,C, kter\u00e9 budou blikat v morseovce s intervalem 4 vte\u0159iny. Sv\u011bteln\u00e9 bludi\u010dky ra\u017ete do pol\u00ed\u010dek 21,22,23.<br><br>Celkem tedy m\u016f\u017eete orazit a\u017e 23 kontrol. V\u0161e je scorelauf (voln\u00e9 po\u0159ad\u00ed sb\u011bru kontrol). Po\u0159\u00e1dn\u011b si v\u0161e napl\u00e1nujte a mapu prohl\u00e9dn\u011bte, a\u0165 na n\u011bjakou kontrolu nezapomenete \ud83d\ude42<br><br>Po p\u0159\u00edchodu do restaurace si nejd\u0159\u00edve vyberte voln\u00fd startovn\u00ed \u010das na \np\u0159ipraven\u00e9m formul\u00e1\u0159i (odstup 1 minuta), napi\u0161te sv\u00e9 ct\u011bn\u00e9 jm\u00e9no, a \nzapamatujte startovn\u00ed \u010d\u00edslo a startovn\u00ed \u010das.<\/p>\n\n\n\n<p>Pot\u00e9 se zaregistrujte (hla\u0161te p\u0159\u00edjmen\u00ed jm\u00e9no a startovn\u00ed \u010d\u00edslo) a zapla\u0165te startovn\u00e9 (p\u0159ipravte si drobn\u00e9 40,-).<\/p>\n\n\n\n<p>Dostanete pr\u016fkazku se startovn\u00edm \u010d\u00edslem do kter\u00e9 vypl\u0148te jm\u00e9no a startovn\u00ed \u010das.<\/p>\n\n\n\n<p>Minutu p\u0159ed startem bu\u010fte u \u010dasom\u00edry s p\u0159ipravenou pr\u016fkazkou ke kontrole.<\/p>\n\n\n\n<p><strong>Ra\u017een\u00ed voskovkou, kter\u00e1 je na stuze pobl\u00ed\u017e reflexn\u00ed ty\u010dky. \nP\u0159\u00edpadn\u00ed oblepova\u010di, lepte izolepu jen z jedn\u00e9 strany (t\u00e9 druh\u00e9 bez \nchl\u00edve\u010dk\u016f samoz\u0159ejm\u011b \u2026).<\/strong><\/p>\n\n\n\n<p><strong>Hodnocen\u00ed : Nen\u00ed \u010dasov\u00fd limit, ale tombola a vyhl\u00e1\u0161en\u00ed bude v cca 21:30. Rozhoduje po\u010det kontrol a p\u0159i shod\u011b pak \u010das.<br>\n<\/strong><\/p>\n\n\n\n<p>Vyhl\u00e1\u0161en\u00ed : v cca 21:30; bude i tombola s n\u00e1slednou oslavou<strong>&nbsp;D\u00e9lka trasy :<\/strong>&nbsp;t\u011b\u017eko \u0159\u00edct, ale asi okolo 8 km, letos nen\u00ed \u010dasov\u00fd limit, ale po 22:30 si to m\u011b\u0159\u00edte sami <\/p>\n\n\n\n<p><strong>P\u0159ihl\u00e1\u0161ky<\/strong>&nbsp;: p\u0159es google formul\u00e1\u0159: <a rel=\"noreferrer noopener\" aria-label=\" (otev\u0159e se na nov\u00e9 z\u00e1lo\u017ece)\" href=\"https:\/\/docs.google.com\/forms\/d\/1Lp8X9EKDxjEYUF6sWgqSa8yzSOZyI3XC8d4Zr7sLf6A\/edit\" target=\"_blank\">LINK<\/a>  (jednodu\u0161e p\u0159ipi\u0161te jm\u00e9no p\u0159\u00edjmen\u00ed a email), nebo nouzov\u011b na email  hyneku(uzen\u00e1\u010d)seznam.cz do 21.10.2019 23:49 SEC, nebo do napln\u011bn\u00ed limitu  bludi\u010d\u016f. Pot\u00e9 jen po individu\u00e1ln\u00ed domluv\u011b a s d\u00e1rky pro po\u0159adatele.  T\u011bm, co p\u0159ihl\u00e1\u0161ku nepo\u0161lou hroz\u00ed, \u017ee bu\u010f dostanou pou\u017eitou mapu od  dob\u011bhnuv\u0161\u00edho bloudila, nebo se na n\u011b budu zlobit (p\u0159\u00edpadn\u011b oboj\u00ed).  Ka\u017edop\u00e1dn\u011b maxim\u00e1ln\u00ed po\u010det \u00fa\u010dastn\u00edk\u016f je 60, hla\u0161te se v\u010das. Pro ty (ta  d\u011bv\u010data), kte\u0159\u00ed (kter\u00e1) se strachuj\u00ed o svou po\u010destnost, je dovoleno  vyraziti i ve dvou.<\/p>\n\n\n\n<p>Seznam p\u0159ihl\u00e1\u0161en\u00fdch: <a href=\"https:\/\/docs.google.com\/spreadsheets\/d\/1qVzyL3n8xIBqw70sKrlwrvANn3OMK02NgGQ-f48A_KA\/edit?usp=sharing\" target=\"_blank\" rel=\"noreferrer noopener\" aria-label=\" (otev\u0159e se na nov\u00e9 z\u00e1lo\u017ece)\">ZDE<\/a><\/p>\n\n\n\n<p>Za organiza\u010dn\u00ed team Hynek&nbsp;(602 114 407)<\/p>\n","protected":false},"excerpt":{"rendered":"<p>Zhodnocen\u00ed: O st\u0159ede\u010dn\u00ed noci \u0159\u00edjna 23. l\u00e1tkov\u00e9 mno\u017estv\u00ed bludi\u010d\u016f vyplnilo \u010e\u00e1blick\u00fd a \u010cimick\u00fd lesopark do posledn\u00edho molu. Magick\u00e1 zelen\u00e1 sv\u011btla p\u0159itahovala nejen orienta\u010dn\u00ed hmyz, ale i zv\u00edd\u00e1v\u00e9 policisty, kte\u0159\u00ed zelen\u00e9 oko podez\u00edrali z teroristick\u00fdch \u00famysl\u016f. O m\u00edsto prvn\u00edho mola se strhla l\u00edt\u00e1 bitva, kdy se v\u0161emi kontrolami o pouh\u00fdch 37 vte\u0159in dob\u011bhl p\u0159ed Luciferem O-P\u00e9r\u00e1kem [&hellip;]<\/p>\n","protected":false},"author":1,"featured_media":0,"parent":0,"menu_order":0,"comment_status":"closed","ping_status":"closed","template":"","meta":{"footnotes":""},"class_list":["post-362","page","type-page","status-publish","hentry"],"_links":{"self":[{"href":"https:\/\/hynek.jason-drson.com\/index.php?rest_route=\/wp\/v2\/pages\/362","targetHints":{"allow":["GET"]}}],"collection":[{"href":"https:\/\/hynek.jason-drson.com\/index.php?rest_route=\/wp\/v2\/pages"}],"about":[{"href":"https:\/\/hynek.jason-drson.com\/index.php?rest_route=\/wp\/v2\/types\/page"}],"author":[{"embeddable":true,"href":"https:\/\/hynek.jason-drson.com\/index.php?rest_route=\/wp\/v2\/users\/1"}],"replies":[{"embeddable":true,"href":"https:\/\/hynek.jason-drson.com\/index.php?rest_route=%2Fwp%2Fv2%2Fcomments&post=362"}],"version-history":[{"count":19,"href":"https:\/\/hynek.jason-drson.com\/index.php?rest_route=\/wp\/v2\/pages\/362\/revisions"}],"predecessor-version":[{"id":392,"href":"https:\/\/hynek.jason-drson.com\/index.php?rest_route=\/wp\/v2\/pages\/362\/revisions\/392"}],"wp:attachment":[{"href":"https:\/\/hynek.jason-drson.com\/index.php?rest_route=%2Fwp%2Fv2%2Fmedia&parent=362"}],"curies":[{"name":"wp","href":"https:\/\/api.w.org\/{rel}","templated":true}]}}