
{"id":38,"date":"2016-11-15T17:25:42","date_gmt":"2016-11-15T16:25:42","guid":{"rendered":"http:\/\/hynek.jason-drson.com\/?page_id=38"},"modified":"2026-03-05T08:25:28","modified_gmt":"2026-03-05T07:25:28","slug":"uvodni-stranka","status":"publish","type":"page","link":"https:\/\/hynek.jason-drson.com\/","title":{"rendered":"\u00davodn\u00ed str\u00e1nka"},"content":{"rendered":"<p>Aktuality:<\/p>\n<p><a href=\"https:\/\/hynek.jason-drson.com\/?page_id=883\">PZL Tr\u00e9nink na Jason\u011b Drson\u011b (zhodnocen\u00ed, v\u00fdsledky, postupy, fotky)<\/a><\/p>\n<p>Term\u00edn Jason\u011b Drson\u011b stanoven: sobota 16.5.2026 v kempu Jachta u Holan<\/p>\n<p>\u010e\u00e1blick\u00e1 Bludi\u010dka 10\/2025. <a href=\"https:\/\/hynek.jason-drson.com\/?page_id=806\">Zhodnocen\u00ed a v\u00fdsledky<\/a>. <a href=\"https:\/\/www.rajce.idnes.cz\/jasondrson\/album\/2025-10-23-dablicka-bludicka\" target=\"_blank\" rel=\"noopener\">Fotky<\/a><\/p>\n<p>Hon na Li\u0161ku 10\/2025: <a href=\"https:\/\/hynek.jason-drson.com\/?page_id=786\">Zhodnocen\u00ed a v\u00fdsledky<\/a>. <a href=\"https:\/\/www.rajce.idnes.cz\/jasondrson\/album\/2025-10-18-hon-na-lisku\" target=\"_blank\" rel=\"noopener\">Fotky<\/a><\/p>\n<p>\u010derven 2025: T\u00fdm SZRSAVSD 24.5. reprezentoval na <a href=\"https:\/\/eposurvival.cz\/\">EPO Survivalu 2025<\/a>. Byla u toho i <a href=\"https:\/\/www.ceskatelevize.cz\/porady\/10000000061-extremni-sporty\/225471291362101\/\">\u010cTSport<\/a> (special attention 2:35 \ud83d\ude42 ) .<\/p>\n<p>kv\u011bten 2025:\u00a0<a href=\"https:\/\/www.facebook.com\/zavod.jason.drson\/\"> Jaso\u0148 Drso\u0148 2025<\/a> je za n\u00e1mi. <a href=\"https:\/\/www.jason-drson.com\/\">V\u00fdsledky ZDE<\/a>. <a href=\"https:\/\/play-map.com\/event.php?id=1066&amp;lang=czech\">Postupy ZDE<\/a>.<\/p>\n<p>\u0159\u00edjen 2024: \u010e\u00e1blick\u00e1 Bludi\u010dka 2024 v\u00fdsledky a zhodnocen\u00ed <a href=\"https:\/\/hynek.jason-drson.com\/?page_id=682\">ZDE<\/a><\/p>\n<p>kv\u011bten 2023: <a href=\"https:\/\/www.jason-drson.com\/\">Jaso\u0148 Drso\u0148<\/a> je za n\u00e1mi<br \/>\n\u0159\u00edjen 2023: \u010e\u00e1blick\u00e1 Bludi\u010dka 2023 <a href=\"https:\/\/hynek.jason-drson.com\/?page_id=603\">V\u00fdsledky a zhodnocen\u00ed.<\/a><br \/>\nkv\u011bten 2023:\u00a0 Jaso\u0148 Drso\u0148 je za <a href=\"https:\/\/www.jason-drson.com\/index.php?stranka=pozvanka.php\">n\u00e1mi.<\/a><br \/>\n\u0159\u00edjen 2022: \u010e\u00e1blick\u00e1 Bludi\u010dka \u00fater\u00fd 25.10.2022. V\u00fdsledky za protokol <a href=\"https:\/\/hynek.jason-drson.com\/?page_id=565\">ZDE.<\/a><br \/>\nkv\u011bten 2022: Jaso\u0148 Drso\u0148 je za n\u00e1mi v\u010detn\u011b M\u00e1chovy &#8222;marn\u00e9 to touhy v za\u0161l\u00fd sv\u011bt&#8220; \ud83d\ude42<br \/>\n<a href=\"https:\/\/www.jason-drson.com\/\">V\u00fdsledky a postupy<\/a><\/p>\n<p>b\u0159ezen 2022: p\u0159\u00edprava na <a href=\"https:\/\/www.jason-drson.com\/\">Jason\u011b Drson\u011b<\/a> (sobota 7.5.2022) ji\u017e v pln\u00e9m proudu. Lesy stra\u0161n\u00e9ho les\u016f p\u00e1na a okol\u00ed T\u0159eskoprsk (\u010cty\u0159l\u00edstku) v\u00e1s netrp\u011bliv\u011b o\u010dek\u00e1vaj\u00ed.<\/p>\n<p>\u0159\u00edjen 2021: \u010e\u00e1blick\u00e1 Bludi\u010dka 2021 a OBSONKK: <a href=\"https:\/\/hynek.jason-drson.com\/?page_id=497\">zhodnocen\u00ed, v\u00fdsledky a n\u00e1lezy<\/a><\/p>\n<p>\u0159\u00edjen 2021: Sou\u010dasn\u011b s \u010e\u00e1blickou Bludi\u010dkou prob\u011bhne 12.10. dal\u0161\u00ed kolo oslavy 30. v\u00fdro\u010d\u00ed zalo\u017een\u00ed OBSONKK (Orienta\u010dn\u00ed b\u011bh s ob\u010derstven\u00edm na ka\u017ed\u00e9 kontrole). Je to pam\u011b\u0165ov\u00fd NOB (lahv\u00e1\u010dov\u00fd scorelauf), kde rozhoduje po\u010det p\u0159inesen\u00fdch z\u00e1tek. <a href=\"https:\/\/docs.google.com\/forms\/d\/1FUIkcF8mjPYzuqsjQtC-jEtHHhQ9RULP0FzywfXzu0A\/edit\">P\u0159ihl\u00e1\u0161ky zde<\/a> (omezen\u00fd po\u010det m\u00edst kv\u016fli evropsk\u00fdm kv\u00f3t\u00e1m na zapiven\u00ed lesa).<\/p>\n<p>z\u00e1\u0159\u00ed 2021: <a href=\"https:\/\/hynek.jason-drson.com\/?page_id=497\" target=\"_blank\" rel=\"noopener\">\u010e\u00e1blick\u00e1 Bludi\u010dka bude 12.\u0159\u00edjna 2021<\/a><\/p>\n<p>kv\u011bten 2021: <a href=\"http:\/\/www.jason-drson.com\">Jaso\u0148 Drso\u0148<\/a> je ji\u017e minulost\u00ed (<a href=\"https:\/\/www.jason-drson.com\/index.php?stranka=zhodnoceni.html\">zhodnocen\u00ed<\/a>, <a href=\"https:\/\/jason-drson.com\/vysledky.archiv\/2021.pdf\">v\u00fdsledky<\/a>)<\/p>\n<p>\u0159\u00edjen 2020: Zhodnocen\u00ed Li\u0161\u010d\u00ed \u0159\u00edjnov\u00e9 sobotn\u00ed vych\u00e1zky <a href=\"https:\/\/hynek.jason-drson.com\/?page_id=410\">ZDE <\/a><\/p>\n<p><em>b\u0159ezen 2020<\/em>: Dnes, v sobotn\u00ed den b\u0159ezna osumadvac\u00e1t\u00e9ho, zasedala nebesk\u00e1 komise, aby doporu\u010den\u00edm \u0161esti\u010dlenn\u00e9 rady vydala toto prohl\u00e1\u0161en\u00ed:<br \/>\nV\u0161em bez rozd\u00edlu uniforem i kategori\u00ed, tj. Jaso\u0148\u016fm, Drso\u0148um, \u0160mudl\u016fm i Drsn\u00fdm Jaso\u0148\u016fm se a\u017e do odvol\u00e1n\u00ed nakazuje m\u00fdti si ruce, zbyte\u010dn\u011b nekl\u00e1bositi ve skupin\u00e1ch a hadrem \u010dist\u00fdm hubu p\u0159ikrytou m\u00edti. <b>Kv\u011btnov\u00fd cyklistick\u00fd sn\u011bm se neru\u0161\u00ed, n\u00fdbr\u017e p\u0159esouv\u00e1 na rok p\u0159\u00ed\u0161t\u00ed. <\/b>Bratr Tyr\u0161 p\u0159isl\u00edbil na rok 2021 dvojit\u00e1 cvi\u010den\u00ed, jen\u017e utu\u017e\u00ed va\u0161e zavirovan\u00e1 t\u011bla a nahrad\u00ed chv\u00edle leno\u0161en\u00ed.<br \/>\nHeslo:<br \/>\n<b>Dezinfekce v\u00edt\u011bz\u00ed!<br \/>\nI kdy\u017e na \u010das pora\u017eena b\u00fdv\u00e1.<\/b><\/p>\n<p><strong>\u010e\u00e1blick\u00e1 Bludi\u010dka 2019. <a href=\"https:\/\/hynek.jason-drson.com\/?page_id=362\">V\u00fdsledky a zhodnocen\u00ed.<\/a><br \/>\n<\/strong><\/p>\n<p><a href=\"https:\/\/1url.cz\/vzd6a\">Video vzpom\u00ednka na Adventure Race 2020<\/a><\/p>\n<p><a href=\"https:\/\/sport5.cz\/extremni\/wenger-czech-adventure-race-2019-karlstejn-1313576b.html\">Video vzpom\u00ednka na Adventure Race 2019<\/a><\/p>\n<p><a href=\"https:\/\/www.facebook.com\/EPOSurvival\/videos\/512602036152435\/\">EPO survival 2019 pohledem kamery (special attention 4:07 \ud83d\ude42 )<\/a><\/p>\n<p><a href=\"https:\/\/youtu.be\/st2kQJJAolk\">Velmi p\u011bkn\u00e9 video z Jason\u011b Drson\u011b 2016<\/a><\/p>\n<p><a href=\"https:\/\/youtu.be\/r2buw-fpxDw\" target=\"_blank\" rel=\"noopener noreferrer\">TRAILER na video dokument Jaso\u0148 Drso\u0148 2016<\/a><\/p>\n<p><a href=\"https:\/\/youtu.be\/ef1jfAOsNyw\" target=\"_blank\" rel=\"noopener noreferrer\">Video Tarzan\u016fv skok Zden\u011bk<\/a><strong><br \/>\n<\/strong><\/p>\n<p><a href=\"https:\/\/youtu.be\/H-LleoWUVQQ\" target=\"_blank\" rel=\"noopener noreferrer\">Video Tarzan\u016fv skok Sa\u0161a<\/a><\/p>\n<p><a href=\"https:\/\/youtu.be\/z4fVmpZxA-s\" target=\"_blank\" rel=\"noopener noreferrer\">Video \u0160mudl\u00ed kol\u00e1\u010dky<\/a><strong><br \/>\n<\/strong><\/p>\n<p><a href=\"https:\/\/www.toplist.cz\" id=\"toplistcz1841362\" title=\"TOPlist\"><noscript><img loading=\"lazy\" decoding=\"async\" src=\"https:\/\/toplist.cz\/count.asp?id=1841362&#038;logo=mc&#038;njs=1\" border=\"0\"\nalt=\"TOPlist\" width=\"88\" height=\"60\"\/><\/noscript><script language=\"JavaScript\">\n(function(d,e,s) {d.getElementById('toplistcz1841362').innerHTML='<img loading=\"lazy\" decoding=\"async\" src=\"https:\/\/toplist.cz\/count.asp?id=1841362&#038;logo=mc&#038;http='+\ne(d.referrer)+'&#038;t='+e(d.title)+'&#038;l='+e(d.URL)+'&#038;wi='+e(s.width)+'&#038;he='+e(s.height)+'&#038;cd='+\ne(s.colorDepth)+'\" width=\"88\" height=\"60\" border=\"0\" alt=\"TOPlist\" \/>';\n}(document,encodeURIComponent,window.screen))\n<\/script><\/a><\/p>\n","protected":false},"excerpt":{"rendered":"<p>Aktuality: PZL Tr\u00e9nink na Jason\u011b Drson\u011b (zhodnocen\u00ed, v\u00fdsledky, postupy, fotky) Term\u00edn Jason\u011b Drson\u011b stanoven: sobota 16.5.2026 v kempu Jachta u Holan \u010e\u00e1blick\u00e1 Bludi\u010dka 10\/2025. Zhodnocen\u00ed a v\u00fdsledky. Fotky Hon na Li\u0161ku 10\/2025: Zhodnocen\u00ed a v\u00fdsledky. Fotky \u010derven 2025: T\u00fdm SZRSAVSD 24.5. reprezentoval na EPO Survivalu 2025. Byla u toho i \u010cTSport (special attention 2:35 \ud83d\ude42 [&hellip;]<\/p>\n","protected":false},"author":1,"featured_media":0,"parent":0,"menu_order":0,"comment_status":"closed","ping_status":"closed","template":"","meta":{"footnotes":""},"class_list":["post-38","page","type-page","status-publish","hentry"],"_links":{"self":[{"href":"https:\/\/hynek.jason-drson.com\/index.php?rest_route=\/wp\/v2\/pages\/38","targetHints":{"allow":["GET"]}}],"collection":[{"href":"https:\/\/hynek.jason-drson.com\/index.php?rest_route=\/wp\/v2\/pages"}],"about":[{"href":"https:\/\/hynek.jason-drson.com\/index.php?rest_route=\/wp\/v2\/types\/page"}],"author":[{"embeddable":true,"href":"https:\/\/hynek.jason-drson.com\/index.php?rest_route=\/wp\/v2\/users\/1"}],"replies":[{"embeddable":true,"href":"https:\/\/hynek.jason-drson.com\/index.php?rest_route=%2Fwp%2Fv2%2Fcomments&post=38"}],"version-history":[{"count":130,"href":"https:\/\/hynek.jason-drson.com\/index.php?rest_route=\/wp\/v2\/pages\/38\/revisions"}],"predecessor-version":[{"id":999,"href":"https:\/\/hynek.jason-drson.com\/index.php?rest_route=\/wp\/v2\/pages\/38\/revisions\/999"}],"wp:attachment":[{"href":"https:\/\/hynek.jason-drson.com\/index.php?rest_route=%2Fwp%2Fv2%2Fmedia&parent=38"}],"curies":[{"name":"wp","href":"https:\/\/api.w.org\/{rel}","templated":true}]}}