
{"id":410,"date":"2020-09-24T15:59:36","date_gmt":"2020-09-24T14:59:36","guid":{"rendered":"http:\/\/hynek.jason-drson.com\/?page_id=410"},"modified":"2020-10-27T00:22:52","modified_gmt":"2020-10-26T23:22:52","slug":"2020-10-24-hon-na-lisku","status":"publish","type":"page","link":"https:\/\/hynek.jason-drson.com\/?page_id=410","title":{"rendered":"2020 10 24 Hon na Li\u0161ku"},"content":{"rendered":"\n<p>26.10.2020 Zhodnocen\u00ed ozdravn\u00e9 li\u0161\u010d\u00ed vych\u00e1zky<\/p>\n<p>Slovutn\u00e9 Li\u0161ky, ct\u011bn\u00ed Li\u0161\u00e1ci, nezbedn\u00e1 Li\u0161\u010data i koedukovan\u00e9 tlupy lesn\u00ed zv\u011b\u0159e.<br \/>Hru\u010f m\u00e1 dme se p\u00fdchou nad umem a obratnost\u00ed jazyka, j\u00edm\u017e mistrn\u011b, hbit\u011b a obratn\u011b roztan\u010dili jste r\u00fdmy p\u0159\u00edtok\u016f vltavsk\u00fdch a vtesali je do ver\u0161\u016f \u017eertovn\u00fdch I pou\u010dn\u00fdch.<br \/>Do poezie zda\u0159ilo se v\u00e1m vklu\u010diti fotbal, M\u00e1j, Prymulu, rozep\u0159e rodinn\u00e9, pij\u00e1ctv\u00ed, vod\u00e1ctv\u00ed, ekologii, Mikol\u00e1\u0161e Al\u0161e, No\u010dn\u00ed M\u016fry, Polednici, rogaining, nov\u00e1 jm\u00e9na (Klotylda), absolutn\u00ed r\u00fdm, dent\u00e1ln\u00ed hygienu\u00a0 a dal\u0161\u00ed (<a href=\"https:\/\/drive.google.com\/file\/d\/1v-sXffTKQ1d1QXmafieH-AZ7hbSxyemu\/view?usp=sharing\">pro pobaven\u00ed mrkn\u011bte sem<\/a>).<br \/>Nezhyne n\u00e1rod n\u00e1\u0161, neb tvo\u0159ivost a vtip v\u017edy zv\u00edt\u011bz\u00ed nad tupost\u00ed a mrzoutstv\u00edm.<\/p>\n<p>Le\u010d v\u00fdtka mal\u00e1 jest zcela na m\u00edst\u011b, by J\u00e1ra v\u00a0hrob\u011b se p\u0159\u00ed\u0161t\u011b obraceti nemusel. Hry psan\u00e9 i hran\u00e9 jest nutno nap\u0159\u00ed\u0161t\u011b l\u00e9pe prostudovat a znalosti z\u00a0nich pat\u0159i\u010dn\u011b utu\u017eit.<br \/>Zejm\u00e9na rodi\u010dovstvo p\u0159\u00edkladu by si vz\u00edti m\u011blo z Cimrmanovy hry o v\u00fdprav\u011b do Afriky od velk\u00e9ho \u010desk\u00e9ho niz\u0161\u00edho \u0161lechtice barona Ludwiga \u00davalsk\u00e9ho von \u00davaly u Prahy. Ten p\u0159ikladn\u011b a lapid\u00e1rn\u011b v gondole vzducholodi vyj\u00e1d\u0159il sv\u016fj v\u0159el\u00fd cit k nejbli\u017e\u0161\u00edm: \u201eJak je kr\u00e1sn\u00e9 m\u00edti svou rodinu takhle hluboko pod sebou\u201c.<br \/>Takt\u00e9\u017e my\u0161lenk\u00e1m u\u010denc\u016f jest t\u0159eba se v\u011bnovat a nevkl\u00e1dat omylem v\u00a0hrtan jinak tak jist\u011b vyzna\u010dn\u00fdch osobnost\u00ed (jako kup\u0159ikladu Albertu Einsteinovi) do \u00fast cit\u00e1ty prvn\u00ed kategorie (jako kup\u0159\u00edkladu \u201eKa\u017ed\u00e9 zbyte\u010dn\u00e9 slovo je zbyte\u010dn\u00e9\u201c) a jest je ponechat ve vlastnictv\u00ed myslitel\u016f prav\u00fdch (jako kup\u0159ikladu J\u00e1rovi Cimrmanovi).<\/p>\n<p>Nejpomazan\u011bj\u0161\u00ed dvoj\u00edc\u00ed Li\u0161\u00e1k\u016f za rok 2020 se st\u00e1vaj\u00ed Balk\u00f3nov\u00e9 V\u010dely (Lucka Trd\u00e1 a Va\u0161ek Klom\u00ednsk\u00fd). A\u017e na Cimrmanovu kontrolu \u010d.19 donesly do \u00falu v\u0161echny kv\u011btinky. Sn\u016f\u0161ka za odpov\u011bdi jim ale p\u0159inesla privil\u00e9gium po\u0159\u00e1dat p\u0159\u00ed\u0161t\u00ed ro\u010dn\u00edk Honu na Li\u0161ku. Gratulujeme !<\/p>\n<p>O pouh\u00fdch 5 pohodov\u00fdch bod\u016f za nimi se zjevil t\u00fdm Poho\u010f\u00e1ci (Zuzka a Vl\u00e1\u010fa Nehasilovi). Bronz bere ta\u0165ka se synem Honza a Albert \u0158ez\u00e1\u010d.<br \/>Na Cimrmanem nejobl\u00edben\u011bj\u0161\u00edm \u010dtvrt\u00e9m m\u00edst\u011b (J\u00e1ra tvrdil, \u017ee trefit se do \u010dvrt\u00e9ho m\u00edsta je daleko slo\u017eit\u011bj\u0161\u00ed ne\u017e vyhr\u00e1t) se um\u00edstili \u201eSu\u0161enky a l\u00edvance\u201c (Pavl\u00edna Pecoldov\u00e1 a Dan Dvo\u0159\u00e1\u010dek).<br \/>Zeleninov\u00e9 p\u00e1t\u00e9 m\u00edsto pak obsadily \u201eKedlubny\u201c (Andrea Hokrov\u00e1, Pavel Hokr).<br \/>Je a\u017e t\u011b\u017eko uv\u011b\u0159iteln\u00e9, \u017ee t\u011bchto 5 prvn\u00edch t\u00fdm\u016f se ve\u0161lo do rozp\u011bt\u00ed pouh\u00fdch 63 bod\u016f, co\u017e p\u0159i v\u00edt\u011bzn\u00e9m po\u010dtu bod\u016f 1285 ukazuje jak bylo li\u0161\u00e1ck\u00e9 \u010delo vyrovnan\u00e9.<\/p>\n<p>Takt\u00e9\u017e Li\u0161\u010data ve skupin\u00e1ch p\u0159ed\u0161kol\u00e1k\u016f i \u0161kol\u00e1k\u016f dosahovala pozoruhodn\u00fdch v\u00fdsledk\u016f a ani li\u0161\u010d\u00ed zelen\u00e9 o\u010di je nedradily od sm\u00fd\u010den\u00ed v\u00a0nor\u00e1ch.<\/p>\n<p>Na z\u00e1v\u011br je\u0161t\u011b jeden cit\u00e1t od autora, kter\u00e9ho snad ani nemus\u00edm jmenovat:<br \/>\u201eNepochv\u00e1l\u00edm-li se s\u00e1m, nikdo to za mne neud\u011bl\u00e1 !\u201c<br \/>a sou\u010dasn\u011b i ver\u0161e od t\u00fdmu Bezchybn\u00e1 navigace:<\/p>\n<p>\u201cHled\u00e1m, sh\u00e1n\u00edm kontroly, vztekle b\u011bh\u00e1m po lese, <br \/>Nemohu si vzpomenout na princezny, na lezce.<br \/>Hynku, Vil\u00e9me, Martine,<br \/>V\u00a0Berounce \u010di S\u00e1zav\u011b utop\u00edm v\u00e1s \u2013 to v\u00e1s nemine!\u201d<\/p>\n<p>Co v\u00edc si m\u016f\u017eeme p\u0159\u00e1t, \u017ee ? &#x1f60a;<\/p>\n<p>To\u017e d\u00edky v\u0161em a Li\u0161\u00e1ctv\u00ed zdar !<\/p>\n<p>P.S. Odkaz na v\u00fdsledky jsem poslal po Emilovi. Nedostalo-li se k\u00a0v\u00e1m, ozv\u011bte se.<\/p>\n<p>P\u0159ed\u00e1n\u00ed putovn\u00edch trofej\u00ed a odm\u011bny nejlep\u0161\u00edm t\u00fdm\u016fm uskute\u010dn\u00edme na individualn\u00edch ceremoni\u00e1lech.<\/p>\n<p>\u00a0<\/p>\n<p>\u00a0<\/p>\n<p>Info 22.10.2020:<br \/>Situace s breberkami se p\u0159iost\u0159ila a tak, abychom neporu\u0161ovali sou\u010dasn\u00e1 na\u0159\u00edzen\u00ed, tradi\u010dn\u00ed Li\u0161\u010d\u00ed z\u00e1vod<strong> ru\u0161\u00edme<\/strong> a nahrazujeme ozdravnou proch\u00e1zkou v p\u0159irod\u011b na pos\u00edlen\u00ed imunity. Proto m\u011bjte v patrnosti tyto body:<\/p>\n<ol>\n<li>Li\u0161ka nen\u00ed \u017e\u00e1dn\u00fd organizovan\u00fd z\u00e1vod, pouze ozdravn\u00e1 proch\u00e1zka p\u0159\u00edrodou s pln\u011bn\u00edm \u00fakol\u016f na povzbuzen\u00ed mysli.<\/li>\n<li>Proch\u00e1zejte se maxim\u00e1ln\u011b ve dvou \u010di v rodinn\u00fdch skupin\u00e1ch. Pokud v\u00e1m chyb\u00ed par\u0165\u00e1k, na proch\u00e1zku m\u016f\u017eete vyrazit i jednotliv\u011b.<\/li>\n<li>P\u0159ije\u010fte p\u0159ibli\u017en\u011b na \u010das, a\u0165 se nesrocujete. Parkujte rozumn\u011b, a\u0165 nezaberete mnoho m\u00edsta a neblokujete m\u00edstn\u00ed.<\/li>\n<li>V\u00fddej map, popis\u016f a pr\u016fkazu budou<u><b> samoobslu\u017en\u00e9:<\/b><\/u><br \/>&#8211; p\u0159ijedete p\u0159ibli\u017en\u011b na \u010das uveden\u00fd na webu,<br \/>&#8211; <b><u>jeden<\/u><\/b> z t\u00fdmu si vyzvedne z p\u0159ipraven\u00e9 bedny mapu, pr\u016fkaz a popis kontrol<br \/>&#8211; do kasi\u010dky vhod\u00ed dobrovoln\u00e9 startovn\u00e9 (doporu\u010den\u00e9 na t\u00fdm: 150,- dosp\u011bl\u00ed, 80,- d\u011bcka, m\u011bjte p\u0159ipraven\u00e9 drobn\u00e9)<br \/>&#8211; vypln\u00edte pr\u016fkaz (jm\u00e9na) a a\u017e budete p\u0159ipraveni i startovn\u00ed \u010das (m\u011bl by b\u00fdt p\u00e1r minut po \u010dase uveden\u00e9m na webu)<br \/>&#8211; po ob\u011bhnut\u00ed Li\u0161ky si sami zap\u00ed\u0161ete c\u00edlov\u00fd \u010das a pr\u016fkaz hod\u00edte do bedny. V p\u0159ipad\u011b, \u017ee v cili ji\u017e nikdo nebude, pr\u016fkaz oskenujete z obou stran a po\u0161lete emailem.<\/li>\n<li>Nebude vyhl\u00e1\u0161en\u00ed. Mo\u017en\u00e1 ud\u011bl\u00e1me v ned\u011bli ve\u010der virtu\u00e1ln\u00ed p\u0159es Microsoft Teams <img decoding=\"async\" title=\":-)\" src=\"https:\/\/email.seznam.cz\/static\/wm\/img\/smileys\/s01.png\" alt=\":-)\" \/><br \/>\u00a0 Ceny a putovn\u00ed Li\u0161ku se sudem p\u0159ed\u00e1me pozd\u011bji.<\/li>\n<li>D\u011bti maji doporu\u010den\u00fd za\u010d\u00e1tek od 10:00. Pros\u00edm p\u0159ij\u00ed\u017ed\u011bjte co nejbl\u00ed\u017ee k \u010dasu uveden\u00e9m na webu.<\/li>\n<li>Hospoda bude m\u00edt otev\u0159en\u00e9 ok\u00e9nko od 12:00 do 16:30 ale pouze pro n\u00e1kup n\u00e1poj\u016f, maxim\u00e1ln\u011b n\u011bjak\u00e1 pol\u00e9vka. Vemte si sva\u010dinu s sebou.<\/li>\n<\/ol>\n<div>Pravidla dosp\u011bl\u00e9 Li\u0161ky:<\/div>\n<div>\u010casov\u00fd limit 5h, za zapo\u010datou minutu p\u0159es -10b.<\/div>\n<div>Kontroly, kter\u00e9 se zna\u010d\u00ed voskovkou maj\u00ed r\u016fzn\u00fd po\u010det bod\u016f (najdete v popisu kontrol i na pr\u016fkazu).<\/div>\n<div>Li\u0161ka s ot\u00e1zkami (pokud nen\u00ed d\u00e1no popisem na m\u00edst\u011b) je obvykle do 10m od kontroly. Maxim\u00e1ln\u00ed po\u010det bod\u016f, kter\u00e9 m\u016f\u017eete dostat za spr\u00e1vn\u00e9 dopov\u011bdi je tak\u00e9 uveden s popisem kontrol.<\/div>\n<div>2 kontroly jsou slan\u011bn\u00ed, jedna na slacklin\u011b a p\u00e1r jich je na strom\u011b.<\/div>\n<div>Li\u0161ky s ot\u00e1zkami jsou ale v\u017edy rozumn\u011b p\u0159\u00edstupn\u00e9, tak aby i nelezci mohli plnit \u00fakol (pokud se na to nec\u00edt\u00edte, nelezte na strom, nebo na sk\u00e1ly).<\/div>\n<div>V\u011bt\u0161ina Li\u0161ek s ot\u00e1zkami m\u00e1 &#8222;trhac\u00ed&#8220; verze, tj. utrhn\u011bte si <u><b>jeden<\/b><\/u> pap\u00edrek. Cestou na dal\u0161\u00ed kontrolu m\u016f\u017eete vym\u00fd\u0161let odpov\u011bdi.<\/div>\n<div>Li\u0161ku s ot\u00e1zkami v\u017edy vracejte na p\u016fvodn\u00ed m\u00edsto.<\/div>\n<div>Po cest\u011b m\u016f\u017eete narazit na d\u011btsk\u00e9 kontroly (nechte je pros\u00edm d\u011btem i kdy\u017e se v\u00e1m budou l\u00edbit)<\/div>\n<p>\u00a0<\/p>\n<p>Pravidla d\u011btsk\u00e9 Li\u0161ky:<br \/>Okruh po turistick\u00fdch zna\u010dk\u00e1ch podle mapy s odbo\u010dkou na Li\u0161\u010d\u00ed o\u010di. Po trase bude na viditeln\u00fdch m\u00edstech 8 kontrol na kter\u00fdch budete plnit \u00fakoly &#8211; zapisujte do pr\u016fkazu. Na n\u011bkter\u00fdch kontrol\u00e1ch jsou dv\u011b kategorie: \u0161kol\u00e1ci a p\u0159ed\u0161kol\u00e1ci (vyberte si \u00fakol z kategorie, kam pat\u0159ite). Jedna kontrola (ozna\u010den\u00e1 v map\u011b kole\u010dkem) v\u00e1m pom\u016f\u017ee, jak se dostat ke kontrole 8.\u00a0 <br \/>Pr\u016fkaz i mapu si samooblu\u017en\u011b vyzvedne jeden z t\u00fdmu. Dopln\u00edte jm\u00e9na a n\u00e1zev t\u00fdmu. A\u017e budete p\u0159ipraveni, sami se odstartujete &#8211; napi\u0161te si \u010das startu do pr\u016fkazu. Po dob\u011bhu zapi\u0161te c\u00edlov\u00fd \u010das a odevzdejte pr\u016fkaz do bedny. Pokud v c\u00edli nikdo nebude, oskenujte pr\u016fkaz a po\u0161lete mailem. <br \/>Jedna kontrola je spole\u010dn\u00e1 s dosp\u011blou Li\u0161kou &#8211; ot\u00e1zky pro dosp\u011bl\u00e9 neberte.<\/p>\n<p>\u00a0<\/p>\n<p>\u00a0<\/p>\n<p>\u00a0<\/p>\n<p><strong>Pozv\u00e1nka:<\/strong><\/p>\n<p><em><strong>Motto:\u00a0 \u201cSpr\u00e1vn\u00fd Li\u0161\u00e1k je chytr\u00fd jak li\u0161ka, dob\u0159e se orientuje v\u00a0ter\u00e9nu a\u00a0 mapa je jeho kamar\u00e1d. Nav\u00edc je spole\u010densk\u00fd a tuze se t\u011b\u0161\u00ed na bloud\u011bn\u00ed v tlup\u011b dvou a v\u00edce\u201d<\/strong><\/em><\/p>\n<p align=\"center\"><strong>Na v\u011bdomost se d\u00e1v\u00e1 v\u0161em Li\u0161k\u00e1m, Li\u0161\u00e1k\u016fm, Li\u0161\u010dat\u016fm, jako\u017e i jin\u00e9 hav\u011bti, \u017ee<\/strong><\/p>\n<p align=\"center\"><strong>48. ro\u010dn\u00edk Honu na Li\u0161ku<\/strong><\/p>\n<p align=\"center\"><strong>konati se bude v sobotu dne 24.\u0159\u00edjna 2020.<\/strong><\/p>\n<p align=\"center\">Registrace otev\u0159ena bude <strong>od 8:30 v <a href=\"https:\/\/en.mapy.cz\/s\/haralobamo\">hospod\u011b Pod Houskou<\/a> <\/strong><\/p>\n<p>Honci dosp\u011bl\u00ed od hodiny dev\u00e1t\u00e9 postupn\u011b vypu\u0161t\u011bni budou po dru\u017estvech, jen\u017e minim\u00e1ln\u011b 2 p\u00e1r\u016f noh m\u00edti mus\u00ed.<\/p>\n<p>Li\u0161\u010dat \u010das ku zdol\u00e1n\u00ed trati d\u011btsk\u00e9 pak nastane od hodiny des\u00e1t\u00e9 dopoledn\u00ed. Apelujeme, \u017ee trasa Li\u0161\u010dat ur\u010dena jest pro d\u011bcka m\u00e1l\u00e1 do v\u011bku maxim\u00e1ln\u011b jedn\u00e9 dek\u00e1dy, \u010di pro d\u011bcka men\u0161\u00ed v doprovodu rodi\u010d\u016f.<\/p>\n<p>Jeliko\u017e \u0161m\u00edrov\u00e1n\u00ed li\u0161ek v\u00a0doupatech a skal\u00e1ch odehr\u00e1vati se bude, pom\u016fcek n\u00e1sleduj\u00edc\u00edch pro pln\u011bn\u00ed \u00fakol\u016f na dru\u017estvo dosp\u011bl\u00fdch hbit\u00e9 jest po\u017eadov\u00e1no:<\/p>\n<p>\u2013\u00a0\u00a0\u00a0\u00a0\u00a0\u00a0\u00a0\u00a0\u00a0 1x sed\u00e1k horolezeck\u00fd, 1x zamykac\u00ed karabina, 1x smyce, 1x osma \u010di jin\u00e9 sla\u0148ovadlo \u00a0 (lozen\u00ed neplat\u00ed pro d\u011bcka)<\/p>\n<p>\u2013 \u00a0 \u00a0 \u00a0 \u00a0 \u00a0 jest budou kontroly n\u011bkter\u00e9 obohaceny o snadn\u00e9 lozen\u00ed po sosn\u00e1ch \u010di haluz\u00edch rozsochat\u00fdch. Pro vyznava\u010de technik zabezpe\u010dovac\u00edch, jen\u017e ji\u0161t\u011bn\u00ed zbo\u017e\u0148uj\u00ed, jest mo\u017eno i k tomuto n\u00e1\u010din\u00ed si s sebou vz\u00edti (kup\u0159\u00edkladu lano).<\/p>\n<p>\u2013\u00a0\u00a0\u00a0\u00a0\u00a0\u00a0\u00a0\u00a0\u00a0 Jest umo\u017en\u011bno t\u011bm, jim\u017e lozen\u00ed ve v\u00fd\u0161k\u00e1ch ne\u0161timuje a vybaven\u00edm t\u00edmto nedisponuj\u00ed, odlovu li\u0161ek se takt\u00e9\u017e z\u00fa\u010dastniti. M\u00edsta technik lozi\u010dsk\u00fdch po\u017eaduj\u00edc\u00edch (i stromov\u00fdch) v\u00a0map\u011b zakreslena p\u0159edem budou a \u00a0t\u00edm jest mo\u017enost hr\u00e1tk\u00e1m vzdu\u0161n\u00fdm se vyhnouti a um sv\u016fj na kontroly jin\u00e9 koncentrovati. Av\u0161ak ot\u00e1zky li\u0161\u010d\u00ed plniti na t\u011bchto kontrol\u00e1ch umo\u017en\u011bno bude. U kontrol t\u011bchto op\u00e1\u010dn\u011b se to chyst\u00e1. Li\u0161ka viditeln\u00e1 a jednodu\u0161e vyzna\u010dena bude a brk ku ozna\u010den\u00ed pr\u016fkazu bude na m\u00edst\u011b, kde \u00fasil\u00ed jest nutno podat.<\/p>\n<p>D\u00e1le tlomok honc\u016f nesm\u00ed postr\u00e1dati:<\/p>\n<p>\u2013\u00a0\u00a0\u00a0\u00a0\u00a0\u00a0\u00a0\u00a0\u00a0 tu\u017eku psac\u00ed a vlhkosti odol\u00e1vaj\u00edc\u00ed, pergamen<\/p>\n<p>N\u00e1stroje a pom\u016fcky doporu\u010den\u00e9:<\/p>\n<p>\u2013\u00a0\u00a0\u00a0\u00a0\u00a0\u00a0\u00a0\u00a0\u00a0 r\u016f\u017eice magnetick\u00e1 ku severu v\u017edy m\u00ed\u0159\u00edc\u00ed<\/p>\n<p>\u2013\u00a0\u00a0\u00a0\u00a0\u00a0\u00a0\u00a0\u00a0\u00a0 sva\u010dina vydatn\u00e1 a lektvar posiluj\u00edc\u00ed<\/p>\n<p>\u2013\u00a0\u00a0\u00a0\u00a0\u00a0\u00a0\u00a0\u00a0\u00a0 obal nepromokav\u00fd na mapu a pr\u016fkaz sed\u00edc\u00ed<\/p>\n<p>N\u00e1stroje a pom\u016fcky zapov\u011bzen\u00e9:<\/p>\n<p>\u2013\u00a0\u00a0\u00a0\u00a0\u00a0\u00a0\u00a0\u00a0\u00a0 mobiln\u00ed p\u0159\u00edstroje povoleny jen ve vypnut\u00e9m stavu a ku p\u0159ivol\u00e1n\u00ed pomoci<\/p>\n<p>\u2013\u00a0\u00a0\u00a0\u00a0\u00a0\u00a0\u00a0\u00a0\u00a0 p\u0159istroje fotografick\u00e9 jako\u017e i jin\u00e1 za\u0159\u00edzen\u00ed z\u00e1znamov\u00e1 nesm\u00ed b\u00fdti pou\u017eita pro pln\u011bn\u00ed \u00fakol\u016f<\/p>\n<p>Honcovn\u00e9 ku kl\u00e1n\u00ed oprav\u0148uj\u00edc\u00ed jest stanoveno na 150 zlat\u00fdch na hl\u00eddku. D\u011bcka a vojsko 80 zlatek za bandu \u010di rotu.<\/p>\n<p>V \u00fatrob\u00e1ch restaurace \u00fatuln\u00e9 se pak zdr\u017ete konzumace j\u00eddel a lektvar\u016f dovezen\u00fdch a rad\u011bji od \u0161enk\u00fd\u0159ky vl\u00eddn\u00e9 \u017e\u00e1dejte krm\u011b lahodn\u00e9 a n\u00e1poje osv\u011b\u017euj\u00edc\u00ed. V p\u0159ihl\u00e1\u0161ce pak udejte i po\u010det krm\u00ed je\u017e hodl\u00e1te v hopod\u011b poz\u0159\u00edti. Jest to informace pro \u0161enk\u00fd\u0159ku by \u0159\u00e1dn\u011b sp\u00ed\u017e a kucht\u00edky p\u0159ipravila.<\/p>\n<p>Uz\u00e1v\u011brka desek startovn\u00edch jest stanovena na dobu klek\u00e1n\u00ed o p\u016flnoci m\u011bs\u00edce \u0159\u00edjna dne dvac\u00e1t\u00e9hoprvn\u00edho. Opozdilci v hvozd li\u0161\u010d\u00ed takt\u00e9\u017e vpu\u0161t\u011bni budou, le\u010d st\u00e1ti se m\u016f\u017ee, \u017ee pergamen s doupaty zakreslen\u00fdmi nemus\u00ed b\u00fdt \u010derstv\u00fd \u010di barevn\u011b vyzdoben.<\/p>\n<p align=\"center\">Na \u00a0\u010destn\u00e9 z\u00e1polen\u00ed se t\u011b\u0161\u00ed<\/p>\n<p align=\"center\">Hynek, Martin a Radka<\/p>\n<p align=\"center\">\u00a0 v\u010detn\u011b<br \/>koko\u0159\u00ednsk\u00e9ho odd\u00edlu p\u0159\u00edrodn\u00edch sport\u016f \u201cSesko\u010dil z rud\u00e9 sk\u00e1ly a vyrazil si dech\u201d<\/p>\n","protected":false},"excerpt":{"rendered":"<p>26.10.2020 Zhodnocen\u00ed ozdravn\u00e9 li\u0161\u010d\u00ed vych\u00e1zky Slovutn\u00e9 Li\u0161ky, ct\u011bn\u00ed Li\u0161\u00e1ci, nezbedn\u00e1 Li\u0161\u010data i koedukovan\u00e9 tlupy lesn\u00ed zv\u011b\u0159e.Hru\u010f m\u00e1 dme se p\u00fdchou nad umem a obratnost\u00ed jazyka, j\u00edm\u017e mistrn\u011b, hbit\u011b a obratn\u011b roztan\u010dili jste r\u00fdmy p\u0159\u00edtok\u016f vltavsk\u00fdch a vtesali je do ver\u0161\u016f \u017eertovn\u00fdch I pou\u010dn\u00fdch.Do poezie zda\u0159ilo se v\u00e1m vklu\u010diti fotbal, M\u00e1j, Prymulu, rozep\u0159e rodinn\u00e9, pij\u00e1ctv\u00ed, vod\u00e1ctv\u00ed, [&hellip;]<\/p>\n","protected":false},"author":1,"featured_media":0,"parent":0,"menu_order":0,"comment_status":"closed","ping_status":"closed","template":"","meta":{"footnotes":""},"class_list":["post-410","page","type-page","status-publish","hentry"],"_links":{"self":[{"href":"https:\/\/hynek.jason-drson.com\/index.php?rest_route=\/wp\/v2\/pages\/410","targetHints":{"allow":["GET"]}}],"collection":[{"href":"https:\/\/hynek.jason-drson.com\/index.php?rest_route=\/wp\/v2\/pages"}],"about":[{"href":"https:\/\/hynek.jason-drson.com\/index.php?rest_route=\/wp\/v2\/types\/page"}],"author":[{"embeddable":true,"href":"https:\/\/hynek.jason-drson.com\/index.php?rest_route=\/wp\/v2\/users\/1"}],"replies":[{"embeddable":true,"href":"https:\/\/hynek.jason-drson.com\/index.php?rest_route=%2Fwp%2Fv2%2Fcomments&post=410"}],"version-history":[{"count":27,"href":"https:\/\/hynek.jason-drson.com\/index.php?rest_route=\/wp\/v2\/pages\/410\/revisions"}],"predecessor-version":[{"id":460,"href":"https:\/\/hynek.jason-drson.com\/index.php?rest_route=\/wp\/v2\/pages\/410\/revisions\/460"}],"wp:attachment":[{"href":"https:\/\/hynek.jason-drson.com\/index.php?rest_route=%2Fwp%2Fv2%2Fmedia&parent=410"}],"curies":[{"name":"wp","href":"https:\/\/api.w.org\/{rel}","templated":true}]}}