
{"id":55,"date":"2016-12-26T23:21:46","date_gmt":"2016-12-26T22:21:46","guid":{"rendered":"http:\/\/hynek.jason-drson.com\/?page_id=55"},"modified":"2016-12-26T23:53:12","modified_gmt":"2016-12-26T22:53:12","slug":"2015-10-28-dablicka-bludicka","status":"publish","type":"page","link":"https:\/\/hynek.jason-drson.com\/?page_id=55","title":{"rendered":"2015 10 28 \u010e\u00e1blick\u00e1 Bludi\u010dka"},"content":{"rendered":"<div class=\"content\">\n<p><strong><a href=\"https:\/\/drive.google.com\/open?id=0B_6sWvIt3dm6by1iZmhfWjhXMnM\">V\u00fdsledky \u010e\u00e1blick\u00e9 Bludi\u010dky 2015<\/a><br \/>\n<\/strong><\/p>\n<p>Jak patrno z v\u00fdsledk\u016f zku\u0161enost bludi\u010d\u016f zv\u00edt\u011bzila a nenechala se rozhodit nenad\u00e1l\u00fdm mno\u017estv\u00edm sv\u00edti\u010dek hanebn\u00fdch v map\u011b nezakreslen\u00fdch. Ba i kontrola 5 prohozena s fale\u0161nou nenad\u011blala v\u011bt\u0161in\u011b vr\u00e1sek. Omluva stavitele tud\u00ed\u017e m\u00ed\u0159\u00ed k t\u011bm, co dohled\u00e1vkou touto byli potr\u00e1peni.<\/p>\n<p>V\u00edt\u011bzem 12. no\u010dn\u00edku se stal \u0159editel v\u00fdrobny na skv\u011bl\u00e9 \u010delovky Petr Dvo\u0159\u00e1k alias O-P\u00e9r\u00e1k. Jak vidno, potvrzuje se, \u017ee <a href=\"http:\/\/luciferlights.net\/\">\u010delovky Lucifer<\/a> se pravideln\u011b um\u00eds\u0165uj\u00ed na p\u0159edn\u00edch pozic\u00edch no\u010dn\u00edch OB.<br \/>\nDruh\u00fd dob\u011bhl mistr sv\u011bta ve \u0161tafet\u00e1ch z OB 2013 <a href=\"https:\/\/cs.wikipedia.org\/wiki\/Tom%C3%A1%C5%A1_Dlabaja\">Tom\u00e1\u0161 Dlabaja alias Olaf<\/a>. O minutu za n\u00edm pak p\u0159ib\u011bhl t\u0159et\u00ed Tom\u00e1\u0161 J\u00edra. Kuri\u00f3zn\u00ed situace nastala na 5-6 m\u00edst\u011b, kde na sekundu p\u0159esn\u011b dob\u011bhli stejn\u011b Tom\u00e1\u0161 Johanovsk\u00fd a Pavel Kurz.<\/p>\n<p>D\u00e1my si rozd\u011blily bednu v n\u00e1sleduj\u00edc\u00edm po\u0159ad\u00ed: \u00c1ja Neradov\u00e1, Dana Ryp\u00e1\u010dkov\u00e1 a Marcela Kone\u010dn\u00e1.<\/p>\n<p>Skvrnkou na t\u00e9to akci\u010dce bylo mno\u017estv\u00ed lid\u00ed, kte\u0159\u00ed se p\u0159ihl\u00e1sili, ale nakonec (bez omluven\u00ed) nedorazili. Kv\u016fli mno\u017estv\u00ed lid\u00ed p\u0159ekra\u010duj\u00edc\u00ed kapacitu restaurace, jsem v polovin\u011b minul\u00e9ho t\u00fddne omezil p\u0159ihla\u0161ov\u00e1n\u00ed. Ur\u010dit\u011b by se na\u0161lo spousta dal\u0161\u00edch bludi\u010du, kte\u0159\u00ed by se r\u00e1di prob\u011bhli. O zbyte\u010dn\u011b vytiskl\u00fdch map\u00e1ch nemluv\u011b.<\/p>\n<p>Pod\u011bkovan\u00ed pat\u0159\u00ed Evi\u010dce Pykov\u00e9 za pomoc s registrac\u00ed a vyhodnocov\u00e1n\u00edm a <a href=\"https:\/\/cs.wikipedia.org\/wiki\/Tom%C3%A1%C5%A1_Dlabaja\">Koman\u010dovi (co organizuje v\u011b\u017eov\u00e9 orien\u0165\u00e1ky)<\/a>\u00a0 za sb\u011br kontrol.<\/p>\n<p>Ztr\u00e1ty a n\u00e1lezy:<br \/>\ndres s kr\u00e1tk\u00fdm ruk\u00e1vem SK Praga (\u010dichov\u011b velmi v\u00fdrazn\u00fd)<br \/>\nmodr\u00e9 tri\u010dko s dlouh\u00fdm ruk\u00e1vem Karimor<\/p>\n<p><strong>Bludi\u010d\u016fm a Bludi\u010dk\u00e1m ZDAR !<br \/>\n<\/strong><\/p>\n<p><strong>Hynek<br \/>\n<\/strong><\/p>\n<p><strong><a href=\"http:\/\/jasondrson.rajce.idnes.cz\/2015_10_Dablicka_bludicka\/\">Fotky Bludi\u010dka 2015<\/a><\/strong><\/p>\n<p><strong>&#8212;&#8212;&#8212;&#8212;&#8212;&#8212;&#8212;&#8212;&#8212;&#8212;&#8212;&#8212;&#8212;&#8212;&#8212;&#8212;&#8212;&#8212;&#8212;&#8212;&#8212;&#8212;&#8212;&#8212;&#8212;&#8212;&#8212;&#8212;&#8212;&#8212;&#8212;&#8212;&#8212;&#8212;&#8212;&#8212;&#8212;&#8212;&#8212;&#8212;&#8212;&#8212;&#8212;&#8212;&#8212;&#8212;&#8211;<br \/>\n<\/strong><\/p>\n<p><strong>Pozv\u00e1nka:<br \/>\n<\/strong><\/p>\n<p><strong>\u010e\u00e1blick\u00e1 Bludi\u010dka (st\u0159eda, 28.10.2015 &#8211; 12.no\u010dn\u00edk)<\/strong><\/p>\n<p>Zveme v\u0161echny p\u0159\u00edznivce no\u010dn\u00edch ta\u0161ka\u0159ic, aby ve st\u0159edu 28. \u0159\u00edjna no\u010dn\u00edm prob\u011bhem v severn\u00ed \u010d\u00e1sti Prahy oslavili rozvr\u00e1cen\u00ed Rakousko-Uherska a zalo\u017een\u00ed na\u0161\u00ed drah\u00e9 republiky.<\/p>\n<p>Nutno podotknout, \u017ee na rozd\u00edl od hanebn\u00fdch pomaha\u010d\u016f habsbursk\u00e9ho tr\u016fnu, jako byl nap\u0159\u00edklad mar\u0161\u00e1l Radeck\u00fd (na vzniku republiky se nijak nepod\u00edlel), n\u00e1\u0161 obdivovan\u00fd J\u00e1ra Cimrman nikdy s ni\u010d\u00edm Habsburk\u016fm nepomohl a tak velk\u00fdm d\u00edlem p\u0159isp\u011bl ku vzniku samostatn\u00e9ho \u010desk\u00e9ho st\u00e1tu. Podrobn\u011b o prohnilosti rakousk\u00e9ho mocn\u00e1\u0159stv\u00ed, ve kter\u00e9m to po jednom silnej\u0161\u00edm de\u0161t\u00edku rupne, vypr\u00e1v\u00ed dnes ji\u017e sv\u011btov\u011b proslul\u00e9 Cimrmanovo d\u00edlo &#8222;Lijavec&#8220;.<\/p>\n<p>To\u017e op\u011bt se m\u016f\u017eete pobavit bloud\u011bn\u00edm v h\u00e1ji, hled\u00e1n\u00edm n\u011b\u010deho ve tm\u011b, v lese, v d\u00ed\u0159e, v j\u00e1m\u011b \u010f\u00e1blov\u011b, v r\u00fdze, v hustniku, v pelechu bezdomovce, za hromadou d\u0159eva, na sk\u00e1le \u010di v rybn\u00ed\u010dku.<\/p>\n<p><strong>\u00a0KDY:<\/strong>\u00a0ve st\u0159edu 28.10.2015, start otev\u0159en od 18:00 do 19:30<\/p>\n<p><strong>\u00a0KDE:\u00a0<\/strong>restaurace Na M\u011blnick\u00e9 v \u010e\u00e1blic\u00edch (naproti h\u0159bitovu). Restaurace se nach\u00e1z\u00ed na rozhran\u00ed ulic O\u0159echov\u00e1 a \u010e\u00e1blick\u00e1: GPS: [50\u00b08&#8217;4.707&#8243;N, 14\u00b028&#8217;39.846&#8243;E].<\/p>\n<p>Odkaz na mapu:\u00a0<a href=\"http:\/\/mapy.cz\/s\/5EVd\" target=\"_blank\">ZDE<\/a><\/p>\n<p><strong>\u00a0JAK\u00a0se tam dostat ?:<\/strong> Dostanete se tam bud p\u011b\u0161ky od metra Ladv\u00ed (1,5km), nebo St\u0159\u00ed\u017ekov (1km), tramvaj\u00ed (4, 10) nebo autobusy \u010d. 103,136,345,348,368.<\/p>\n<p><strong>CO TAM ?<\/strong>\u00a0: Krom\u011b oslavy v\u00fdro\u010d\u00ed a bloud\u011bn\u00ed h\u00e1jem, restaurace Na M\u011blnick\u00e9 \u010depuje Gambrinus 10, a Plze\u0148 12. Je zde i bohat\u00fd v\u00fdb\u011br minutek za slu\u0161nou cenu, tak ne, abyste se naprali p\u0159edem.<\/p>\n<p><strong>CO S SEBOU ? :<\/strong>\u00a0S sebou si vemte: \u010delovku, sv\u00edtilnu \u010di kahan, <strong>buzolu \u010di kompas<\/strong> <strong>(letos se budou obzvl\u00e1\u0161t\u011b hodit !)<\/strong>, <strong>tu\u017eku (ta se taky \u0161ikne)<\/strong>, <strong>hodinky \u010di chronometr<\/strong>, oble\u010den\u00ed a ozut\u00ed dle po\u010das\u00ed, drobn\u00e9 na pivo a startovn\u00e9 (30,-). Mapa (form\u00e1t A4) <strong>nebude<\/strong> vodovzdorn\u011b upravena, a proto si <strong>vemte futr\u00e1lek<\/strong>.<\/p>\n<p>Vemte si pevn\u00e9 nohavice! Ostru\u017e\u00edn\u00ed je v \u010e\u00e1bli\u010d\u00e1ku v\u00fd\u017eivn\u00e9.<\/p>\n<p><strong>\u00a0Pravidla :<\/strong><\/p>\n<p>Budou up\u0159esn\u011bna na startu. Letos sice bez sv\u011bteln\u00fdch bludi\u010dek, ale s o to v\u011bt\u0161\u00edm po\u010dtem bludi\u010dek v lese, v\u010detn\u011b t\u011bch, co v\u00e1s z\u00e1t\u00e1hnou i tam, kam byste necht\u011bli :-).<\/p>\n<p>Po p\u0159\u00edchodu do restaurace si nejd\u0159\u00edve vyberte voln\u00fd startovn\u00ed \u010das na p\u0159ipraven\u00e9m formul\u00e1\u0159i (odstup 1 minuta), napi\u0161te sv\u00e9 ct\u011bn\u00e9 jm\u00e9no, a zapamatujte startovn\u00ed \u010d\u00edslo.<\/p>\n<p>Pot\u00e9 se zaregistrujte (hla\u0161te p\u0159\u00edjmen\u00ed jm\u00e9no a startovn\u00ed \u010d\u00edslo) a zapla\u0165te startovn\u00e9.<\/p>\n<p>Dostanete pr\u016fkazku se startovn\u00edm \u010d\u00edslem do kter\u00e9 vypl\u0148te jm\u00e9no a startovn\u00ed \u010das.<\/p>\n<p>Minutu p\u0159ed startem bu\u010fte u \u010dasom\u00edry s p\u0159ipravenou pr\u016fkazkou ke kontrole.<\/p>\n<p><strong>Kontroly :<\/strong>\u00a0reflexn\u00ed ty\u010dky, sv\u011bteln\u00e9 bludi\u010dky, voskovky (pr\u016fkazku olepujte izolepou jen z jedn\u00e9 strany! )<\/p>\n<p><strong>\u00a0Vyhl\u00e1\u0161en\u00ed :<\/strong>\u00a0kr\u00e1tce po dob\u011bhnut\u00ed posledn\u00edho v limitu (cca 21:30); mo\u017en\u00e1 bude i tombola s n\u00e1slednou oslavou<\/p>\n<p><strong>\u00a0D\u00e9lka trasy :<\/strong>\u00a0t\u011b\u017eko \u0159\u00edct, ale asi okolo 6 km<\/p>\n<p><strong>P\u0159ihl\u00e1\u0161ky<\/strong>\u00a0: p\u0159es google dokument: <a title=\"p\u0159ihl\u00e1\u0161ka na Bludi\u010dku 2015\" href=\"https:\/\/docs.google.com\/spreadsheets\/d\/1ETpBzaw0EN_iWXTjUzVn5I5GPV-g0TRS4EWsOzRvqYo\/edit?usp=sharingaw0EN_iWXTjUzVn5I5GPV-g0TRS4EWsOzRvqYo\/edit#gid=0\" target=\"_blank\">LINK<\/a> (jednodu\u0161e p\u0159ipi\u0161te jm\u00e9no p\u0159\u00edjmen\u00ed a email), nebo nouzov\u011b na email hyneku(uzen\u00e1\u010d)seznam.cz do 26.10.2015 23:30 SEC, nebo do napln\u011bn\u00ed limitu bludi\u010d\u016f. Pot\u00e9 jen po individu\u00e1ln\u00ed domluv\u011b a s d\u00e1rky pro po\u0159adatele. T\u011bm, co p\u0159ihl\u00e1\u0161ku nepo\u0161lou hroz\u00ed, \u017ee bu\u010f dostanou pou\u017eitou mapu od dob\u011bhnuv\u0161\u00edho bloudila, nebo se na n\u011b budu zlobit (p\u0159\u00edpadn\u011b oboj\u00ed). Ka\u017edop\u00e1dn\u011b maxim\u00e1ln\u00ed po\u010det \u00fa\u010dastn\u00edk\u016f je 60, hla\u0161te se v\u010das. Pro ty (ta d\u011bv\u010data), kte\u0159\u00ed (kter\u00e1) se strachuj\u00ed o svou po\u010destnost, je dovoleno vyraziti i ve dvou.<\/p>\n<p>Za organiza\u010dn\u00ed team Hynek\u00a0(602 114 407)<\/p>\n<\/div>\n","protected":false},"excerpt":{"rendered":"<p>V\u00fdsledky \u010e\u00e1blick\u00e9 Bludi\u010dky 2015 Jak patrno z v\u00fdsledk\u016f zku\u0161enost bludi\u010d\u016f zv\u00edt\u011bzila a nenechala se rozhodit nenad\u00e1l\u00fdm mno\u017estv\u00edm sv\u00edti\u010dek hanebn\u00fdch v map\u011b nezakreslen\u00fdch. Ba i kontrola 5 prohozena s fale\u0161nou nenad\u011blala v\u011bt\u0161in\u011b vr\u00e1sek. Omluva stavitele tud\u00ed\u017e m\u00ed\u0159\u00ed k t\u011bm, co dohled\u00e1vkou touto byli potr\u00e1peni. V\u00edt\u011bzem 12. no\u010dn\u00edku se stal \u0159editel v\u00fdrobny na skv\u011bl\u00e9 \u010delovky Petr Dvo\u0159\u00e1k [&hellip;]<\/p>\n","protected":false},"author":1,"featured_media":0,"parent":94,"menu_order":0,"comment_status":"closed","ping_status":"closed","template":"","meta":{"footnotes":""},"class_list":["post-55","page","type-page","status-publish","hentry"],"_links":{"self":[{"href":"https:\/\/hynek.jason-drson.com\/index.php?rest_route=\/wp\/v2\/pages\/55","targetHints":{"allow":["GET"]}}],"collection":[{"href":"https:\/\/hynek.jason-drson.com\/index.php?rest_route=\/wp\/v2\/pages"}],"about":[{"href":"https:\/\/hynek.jason-drson.com\/index.php?rest_route=\/wp\/v2\/types\/page"}],"author":[{"embeddable":true,"href":"https:\/\/hynek.jason-drson.com\/index.php?rest_route=\/wp\/v2\/users\/1"}],"replies":[{"embeddable":true,"href":"https:\/\/hynek.jason-drson.com\/index.php?rest_route=%2Fwp%2Fv2%2Fcomments&post=55"}],"version-history":[{"count":1,"href":"https:\/\/hynek.jason-drson.com\/index.php?rest_route=\/wp\/v2\/pages\/55\/revisions"}],"predecessor-version":[{"id":57,"href":"https:\/\/hynek.jason-drson.com\/index.php?rest_route=\/wp\/v2\/pages\/55\/revisions\/57"}],"up":[{"embeddable":true,"href":"https:\/\/hynek.jason-drson.com\/index.php?rest_route=\/wp\/v2\/pages\/94"}],"wp:attachment":[{"href":"https:\/\/hynek.jason-drson.com\/index.php?rest_route=%2Fwp%2Fv2%2Fmedia&parent=55"}],"curies":[{"name":"wp","href":"https:\/\/api.w.org\/{rel}","templated":true}]}}