
{"id":565,"date":"2022-10-13T20:53:20","date_gmt":"2022-10-13T19:53:20","guid":{"rendered":"http:\/\/hynek.jason-drson.com\/?page_id=565"},"modified":"2022-10-26T19:55:52","modified_gmt":"2022-10-26T18:55:52","slug":"2022-10-25-dablicka-bludicka","status":"publish","type":"page","link":"https:\/\/hynek.jason-drson.com\/?page_id=565","title":{"rendered":"2022 10 25 \u010e\u00e1blick\u00e1 Bludi\u010dka"},"content":{"rendered":"\n<p><\/p>\n\n\n\n<p><strong>V\u00fdsledky a zhodnocen\u00ed:<\/strong><\/p>\n\n\n\n<p>61 bludi\u010d\u016f a bludi\u010dek<br>20 kontrol roznesen\u00fdch<br>1   kontrola (\u010d. 18) ukraden\u00e1<br>1   kontrola n\u011bjak\u00fdm nenechavcem p\u0159enesen\u00e1 (d\u00edky Pavlovi za navr\u00e1cen\u00ed na spr\u00e1vn\u00e9 m\u00edsto)<br>1 <a rel=\"noreferrer noopener\" href=\"https:\/\/jasondrson.rajce.idnes.cz\/2022_10_25_Dablicka_Bludicka\/1565727518\" data-type=\"URL\" data-id=\"https:\/\/jasondrson.rajce.idnes.cz\/2022_10_25_Dablicka_Bludicka\/1565727518\" target=\"_blank\">  vymknut\u00fd kotn\u00edk<\/a> &#8211; p\u0159ejeme brzk\u00e9 v\u00fdl\u00e9\u010den\u00ed<br>23 <a href=\"http:\/\/o-liga.cz\/2022\/10\/20\/o-liga-2022-25-ladvi-pokyny\/\">kontrol fale\u0161n\u00fdch<\/a> z OB ligy<br>1 <a rel=\"noreferrer noopener\" href=\"https:\/\/jasondrson.rajce.idnes.cz\/2022_10_25_Dablicka_Bludicka\/1565736598\" data-type=\"URL\" data-id=\"https:\/\/jasondrson.rajce.idnes.cz\/2022_10_25_Dablicka_Bludicka\/1565736598\" target=\"_blank\">nalezen\u00e9 slune\u010dn\u00ed br\u00fdle<\/a> &#8211; pokud zn\u00e1te majitele, ozv\u011bte se<br>1 b\u011b\u017eec (Chleb\u00e1k \u017ditn\u00fd), kter\u00fd si dal jako <a rel=\"noreferrer noopener\" href=\"https:\/\/www.svetbehu.cz\/behej-katastry-bezecka-zabava-nejen-v-lockdownu\/\" target=\"_blank\">z\u00e1kusek katastr<\/a> (+15km)<\/p>\n\n\n\n<p>Oslava ud\u011blen\u00ed Nobelovy ceny (25.10.1959) na\u0161\u00edm J\u00e1r\u016fm prob\u011bhla nav\u00fdsost d\u016fstojn\u011b.<br>V\u00fdsledn\u00e9 \u010dasy dob\u011bhl\u00fdch bludi\u010d\u016f a bludi\u010dek ovlivn\u011bny byly zcizenou kontrolou, jej\u00ed\u017e okol\u00ed mnoh\u00fdmi z v\u00e1s pro\u010des\u00e1v\u00e1no bylo drahnou chv\u00edli. V\u00fdsledn\u00e9 \u010dasy pak odpov\u00eddaj\u00ed stupni odhodl\u00e1n\u00ed prohled\u00e1vat podobn\u00e1 m\u00edsta a jistoty, \u017ee jste na spr\u00e1vn\u00e9m m\u00edst\u011b.<br>Pod hodinu les\u00edkem prosvi\u0161t\u011bl Myro p\u0159ed Obuchem a Pavlem Kurzem. Z dam se s hustn\u00edky v \u010e\u00e1bli\u010d\u00e1ku nejl\u00e9pe popasovala Petra Vahalov\u00e1 p\u0159ed Zuzkou Weisovou a Adrianou Plotzerovou.  Takt\u00e9\u017e rodinn\u00e9 t\u00fdmy a ml\u00e1de\u017e si zaslou\u017e\u00ed pochvalu. Nejd\u00e9le v lese pobyl Hostiv\u00edt alias Sk\u00e1kal p\u0159es ohe\u0148 a\u017e si prop\u00e1lil mokas\u00edny &#8211; t\u00e9m\u011b\u0159 3,5h (d\u00edky <a rel=\"noreferrer noopener\" href=\"https:\/\/jasondrson.rajce.idnes.cz\/2022_10_25_Dablicka_Bludicka\/1565727534\" target=\"_blank\">Honzovi za dozor nad jeho \u0161\u0165astn\u00fdm n\u00e1vratem do restaurace<\/a>).<br>Pod\u011bkov\u00e1n\u00ed pat\u0159\u00ed takt\u00e9\u017e v\u00fdpo\u010detn\u00edmu centru <a href=\"https:\/\/jasondrson.rajce.idnes.cz\/2022_10_25_Dablicka_Bludicka\/1565727513\">L\u00edd\u011b a Davidovi<\/a> a Ivan\u011b za sb\u011br kontrol.<\/p>\n\n\n\n<p>Do va\u0161ich brloh\u016f v\u00e1s zdrav\u00ed<\/p>\n\n\n\n<p>Sesko\u010dil z rud\u00e9 sk\u00e1ly z vyrazil si dech<\/p>\n\n\n\n<p><a href=\"https:\/\/drive.google.com\/file\/d\/1_IbmPtGWYclMm03yqSKxuj5-H0jrxSlM\/view?usp=sharing\">V\u00ddSLEDKY BLUDI\u010cKY 2022 ZDE<\/a><\/p>\n\n\n\n<p><a href=\"https:\/\/jasondrson.rajce.idnes.cz\/2022_10_25_Dablicka_Bludicka\/\">P\u00c1R FOTEK ZDE<\/a><\/p>\n\n\n\n<p><\/p>\n\n\n\n<p><strong>Pozv\u00e1nka:<\/strong><\/p>\n\n\n\n<p><strong>\u010e\u00e1blick\u00e1 Bludi\u010dka (\u00fater\u00fd, 25.\u0159\u00edjna 2022 \u2013 18.no\u010dn\u00edk)<\/strong><\/p>\n\n\n\n<p>Koncem roku 1921 se vypravil J\u00e1ra Cimrman na cestu do Japonska, aby pomohl s rekonstrukc\u00ed zem\u011b poni\u010den\u00e9 ni\u010div\u00fdm zem\u011bt\u0159esen\u00edm. P\u0159i odkl\u00edzen\u00ed trosek v chemick\u00e9 tov\u00e1rn\u011b nedaleko m\u011bsta \u0160izuoka si J\u00e1ra v\u0161iml nebezpe\u010dn\u011b odkap\u00e1vaj\u00edc\u00ed rtuti do z\u00e1sobn\u00edku s nezn\u00e1m\u00fdm roztokem. Z m\u00e1lo \u010diteln\u00e9ho n\u00e1pisu na k\u00e1di se dalo vy\u010d\u00edst pouze to, \u017ee obsahuje kadmium. Zv\u00eddav\u00fd J\u00e1ra se zamyslel a za\u010dal p\u0159em\u00fd\u0161let, jak zjistit p\u0159\u00edtomnost v\u0161ech prvk\u016f v nebezpe\u010dn\u011b bublaj\u00edc\u00edm roztoku. Inspirov\u00e1n faktem, \u017ee rtu\u0165 je vodi\u010d, p\u0159ipojil Cimrman ke k\u00e1di a k trubce s kapaj\u00edc\u00ed rtut\u00ed sv\u016fj kapesn\u00ed voltmetr, baterii, amp\u00e9rmetr a obl\u00edben\u00fd dvojmu\u017en\u00fd reostat. Pot\u00e9, co za\u010dal ot\u00e1\u010det reostatem a zvy\u0161ovat nap\u011bt\u00ed, u\u017easle spozoroval, \u017ee proud se nezvy\u0161uje line\u00e1rn\u011b, ale skokov\u011b. To ho p\u0159ivedlo k my\u0161lence, \u017ee skoky by mohly b\u00fdt jednotliv\u00e9 chemick\u00e9 prvky.<br>Cht\u011bl si svoji teorii ov\u011b\u0159it i na jin\u00e9m vzorku a v\u00fdsledky porovnat. M\u011bl \u0161t\u011bst\u00ed, \u017ee ve stejn\u00e9m m\u011bst\u011b, je\u0161t\u011b p\u0159ed zem\u011bt\u0159esen\u00edm, vypukla af\u00e9ra se zmrzlinou. Smetanov\u00e1 sm\u011bs na v\u00fdrobu zmrzl\u00e9 cukrovinky byla toti\u017e kontaminov\u00e1na jedovat\u00fdm kadmiem. J\u00e1ra tedy za\u0161el do skladu nejbli\u017e\u0161\u00ed cukr\u00e1rny a jako vzorek pou\u017eil pol\u00e1rkov\u00fd dort (v t\u00e9 dob\u011b ji\u017e roztekl\u00fd, neb ve m\u011bst\u011b nefungovala elekt\u0159ina). Po p\u0159ilo\u017een\u00ed  elektrod a odkap\u00e1n\u00ed n\u011bkolika kapek rtuti do pol\u00e1rkov\u00e9ho dortu zjistil, \u017ee skokov\u00fd pr\u016fb\u011bh proudu je naprosto stejn\u00fd jako ten, co pozoroval v chemick\u00e9 tov\u00e1rn\u011b. Zaj\u00e1sal nad objevem jedu ve zmrzlin\u011b a cel\u00fd postup si pe\u010dliv\u011b zapsal do sv\u00e9ho not\u00fdsku. Metodu dle smetanov\u00e9 laskominky nazval Pol\u00e1rkograf. Cimrman\u016fv not\u00fdsek si nedlouho pot\u00e9, v r\u00e1mci v\u00fduky \u010desk\u00e9ho jazyka, p\u016fj\u010dil jeho p\u0159\u00edtel Him\u0161o \u0160ikata, kter\u00fd se intenzivn\u011b p\u0159ipravoval na n\u00e1v\u0161t\u011bvu nov\u011b vznikl\u00e9ho \u010ceskoslovenska. J\u00e1rovi ho ale, jak tvrdil ze studijn\u00edch d\u016fvod\u016f, ji\u017e nevr\u00e1til. Z\u00e1pisky Cimrmanovy (mimo jin\u00e9) zahrnovali tak\u00e9 hru Proso, kter\u00e1  jak zn\u00e1mo obsahuje mnoho divadeln\u00edch obraz\u016f. Ty \u0160ikatovi daly \u0159\u00e1dn\u011b zabrat. Ne\u017e se je dokonale nau\u010dil nazpam\u011b\u0165, str\u00e1vil nad nimi 185 set\u016f sushi. Nakonec je ale v\u0161echny zvl\u00e1dl (obrazy i sushi) a po p\u0159\u00edjezdu do Prahy se s nabytou znalost\u00ed \u010de\u0161tiny pochlubil sv\u00e9mu dom\u00e1c\u00edmu, panu Jaroslavovi Heyrovsk\u00e9mu. Ten trp\u011bliv\u011b vyslechl \u0160ikat\u016fv p\u0159ednes a velmi zbyst\u0159il v pas\u00e1\u017ei, je\u017e se v\u011bnovala Cimrmanovu pokusu se rtut\u00ed. Tu si toti\u017e \u0160ikata omylem p\u0159idal k divadeln\u00ed h\u0159e jako obraz \u010d\u00edslo 68. Heyrovsk\u00fd jako zku\u0161en\u00fd chemik nelenil, a cel\u00fd pokus v roce 1922 vyzkou\u0161el a zve\u0159ejnil. <br>25. \u0159\u00edjna 1959 za n\u011bj pak Heyrovsk\u00fd dost\u00e1v\u00e1 Nobelovu cenu. Nutno podotknout, \u017ee Heyrovsk\u00fd byl nominov\u00e1n na tuto cenu celkem 18 kr\u00e1t. V 17 p\u0159\u00edpadech se v\u017edy na\u0161el n\u011bkdo, kdo komisi pro ud\u00edlen\u00ed cen na anonymn\u00edm pap\u00edrku sd\u011blil: &#8222;Tento objev vynalezl Jaroslav Cimrman&#8220;. P\u0159i osumn\u00e1ct\u00e9 nominaci ov\u0161em n\u011bjak\u00fd dareb\u00e1k utrhl konec l\u00edste\u010dku. Komise tak omylem schv\u00e1lila nespr\u00e1vn\u00e9ho Jaroslava.  \u00dat\u011bchou pro n\u00e1s Cimrmanology je pak fakt, \u017ee Heyrovsk\u00fd p\u0159evzal (i kdy\u017e zkomolen\u011b) J\u00e1r\u016fv n\u00e1zev objevu Pol\u00e1rkografu dnes zn\u00e1m\u00e9ho jako Polarografie. <\/p>\n\n\n\n<p><strong>O CO JDE:<\/strong><\/p>\n\n\n\n<p>B\u011bhem \u010di ch\u016fz\u00ed se m\u016f\u017eete pobavit bloud\u011bn\u00edm v h\u00e1ji, hled\u00e1n\u00edm n\u011b\u010deho ve tm\u011b, v lese, v d\u00ed\u0159e, v j\u00e1m\u011b \u010f\u00e1blov\u011b, v r\u00fdze, v hustniku, v pelechu bezdomovce, za hromadou d\u0159eva, na sk\u00e1le \u010di v rybn\u00ed\u010dku a sou\u010dasn\u011b oslavit v\u00fdro\u010d\u00ed ud\u011blen\u00ed Nobelovy ceny ob\u011bma Jaroslav\u016fm.<\/p>\n\n\n\n<p><strong>KDY:<\/strong> v \u00fater\u00fd 25.10.2022, start otev\u0159en od 18:00 do 19:30<\/p>\n\n\n\n<p><strong>KDE:&nbsp;<\/strong>restaurace Na M\u011blnick\u00e9 v \u010e\u00e1blic\u00edch (naproti h\u0159bitovu). Restaurace se nach\u00e1z\u00ed na rozhran\u00ed ulic O\u0159echov\u00e1 a \u010e\u00e1blick\u00e1: GPS: [50\u00b08\u20194.707\u2033N, 14\u00b028\u201939.846\u2033E].<\/p>\n\n\n\n<p>Odkaz na mapu:&nbsp;<a href=\"http:\/\/mapy.cz\/s\/5EVd\" target=\"_blank\" rel=\"noreferrer noopener\">ZDE<\/a><\/p>\n\n\n\n<p><strong>&nbsp;JAK&nbsp;se tam dostat ?:<\/strong> Dostanete se tam bud p\u011b\u0161ky od metra Ladv\u00ed (1,5km), nebo St\u0159\u00ed\u017ekov (1km), tramvaj\u00ed (10) nebo autobusy (103, 183, 368, 369, 368, 348).<\/p>\n\n\n\n<p><strong>CO TAM ?<\/strong> : Krom\u011b hled\u00e1n\u00ed odpov\u011bdi na ot\u00e1zku \u017eivota vesm\u00edru a v\u016fbec, restaurace Na M\u011blnick\u00e9 \u010depuje Gambrinus 10, a Plze\u0148 12. Je zde i bohat\u00fd v\u00fdb\u011br minutek, tak ne, abyste se naprali p\u0159edem.<\/p>\n\n\n\n<p><strong>CO S SEBOU ? :<\/strong>&nbsp;S sebou si vemte: \u010delovku, sv\u00edtilnu \u010di kahan, <strong>buzolu \u010di kompas<\/strong>, <strong>tu\u017eku (ta se taky \u0161ikne)<\/strong>, oble\u010den\u00ed a ozut\u00ed dle po\u010das\u00ed, drobn\u00e9 na pivo. Mapa (form\u00e1t A4) <strong>nebude<\/strong> vodovzdorn\u011b upravena, a proto si <strong>vemte futr\u00e1lek<\/strong>.<\/p>\n\n\n\n<p><strong>Startovn\u00e9:<\/strong> dobrovoln\u00e9 (v\u00edc ne\u017e 30,- mi ned\u00e1vejte, nechci se dostat mezi tu bohatou pak\u00e1\u017e)<\/p>\n\n\n\n<p>Vemte si pevn\u00e9 nohavice! Ostru\u017e\u00edn\u00ed je v \u010e\u00e1bli\u010d\u00e1ku v\u00fd\u017eivn\u00e9.<\/p>\n\n\n\n<p><strong>Pravidla :<br><\/strong>Budou je\u0161t\u011b up\u0159esn\u011bna na startu a p\u00e1r dn\u00ed p\u0159edem zde \u2013 sledujte web.<br><br>Po p\u0159\u00edchodu do restaurace si <strong>NEJD\u0158\u00cdVE vyberte na p\u0159ipraven\u00e9m formul\u00e1\u0159i <\/strong>(na kule\u010dn\u00edkov\u00e9m stole)<strong> voln\u00e9 startovn\u00ed \u010d\u00edslo se startovn\u00edm \u010dasem (odstup 1 minuta).&nbsp;<\/strong> <strong>Do formul\u00e1\u0159e p\u0159ipi\u0161te sv\u00e9 ct\u011bn\u00e9 jm\u00e9no<\/strong>, a zapamatujte si startovn\u00ed \u010d\u00edslo a startovn\u00ed \u010das.<\/p>\n\n\n\n<p>Pot\u00e9 se vedle v m\u00edstnosti zaregistrujte (<strong>hla\u0161te p\u0159\u00edjmen\u00ed jm\u00e9no a startovn\u00ed \u010d\u00edslo<\/strong>).<\/p>\n\n\n\n<p>Dostanete pr\u016fkazku se startovn\u00edm \u010d\u00edslem do kter\u00e9 <strong>vypl\u0148te jm\u00e9no a startovn\u00ed \u010das.<\/strong><\/p>\n\n\n\n<p>Minutu p\u0159ed startem bu\u010fte u \u010dasom\u00edry s p\u0159ipravenou pr\u016fkazkou ke kontrole.<\/p>\n\n\n\n<p><strong>Startujte se se sami<\/strong> (p\u0159epokl\u00e1d\u00e1me fair play) a v okam\u017eiku startu (\u010das na pr\u016fkazu) si berte i mapu (n\u00e9 p\u0159edem).<\/p>\n\n\n\n<p><strong>Ra\u017een\u00ed voskovkou, kter\u00e1 je na stuze pobl\u00ed\u017e reflexn\u00ed ty\u010dky. P\u0159\u00edpadn\u00ed oblepova\u010di, lepte izolepu jen z jedn\u00e9 strany (t\u00e9 druh\u00e9 bez chl\u00edve\u010dk\u016f samoz\u0159ejm\u011b \u2026).<\/strong><\/p>\n\n\n\n<p><strong>Po dob\u011bhu<\/strong> si sami sami napi\u0161te dob\u011bhov\u00fd \u010das do pr\u016fkazu (dle \u010dasom\u00edry na stole) a pr\u016fkaz odevzdejte.<\/p>\n\n\n\n<p><strong>Hodnocen\u00ed : <\/strong>Nen\u00ed \u010dasov\u00fd limit. Rozhoduje po\u010det kontrol a p\u0159i shod\u011b pak \u010das.<\/p>\n\n\n\n<p><\/p>\n\n\n\n<p><strong>D\u00e9lka trasy :<\/strong>&nbsp;t\u011b\u017eko \u0159\u00edct, ale asi okolo 7 km, letos nen\u00ed \u010dasov\u00fd limit, ale po 22:30 si to m\u011b\u0159\u00edte sami <\/p>\n\n\n\n<p><strong>P\u0159ihl\u00e1\u0161ky<\/strong>&nbsp;: p\u0159es google formul\u00e1\u0159: <a href=\"https:\/\/docs.google.com\/forms\/d\/e\/1FAIpQLSfgc6eYnh6jRjmLcgo36DoHI-yqSQT-q-rKgJ_c5pKYQTT0FQ\/viewform?usp=sf_link\" target=\"_blank\" rel=\"noreferrer noopener\">LINK<\/a> (jednodu\u0161e p\u0159ipi\u0161te jm\u00e9no p\u0159\u00edjmen\u00ed a email), nebo nouzov\u011b na email hyneku(uzen\u00e1\u010d)seznam.cz do 23.10.2022 23:30 SEC, nebo do napln\u011bn\u00ed limitu bludi\u010d\u016f. Pot\u00e9 jen po individu\u00e1ln\u00ed domluv\u011b a s d\u00e1rky pro po\u0159adatele. T\u011bm, co p\u0159ihl\u00e1\u0161ku nepo\u0161lou hroz\u00ed, \u017ee bu\u010f dostanou pou\u017eitou mapu od dob\u011bhnuv\u0161\u00edho bloudila, nebo se na n\u011b budu zlobit (p\u0159\u00edpadn\u011b oboj\u00ed). Ka\u017edop\u00e1dn\u011b maxim\u00e1ln\u00ed po\u010det \u00fa\u010dastn\u00edk\u016f je 60, hla\u0161te se v\u010das. Pro ty (ta d\u011bv\u010data), kte\u0159\u00ed (kter\u00e1) se strachuj\u00ed o svou po\u010destnost, je dovoleno vyraziti i ve dvou.<\/p>\n\n\n\n<p>Seznam p\u0159ihl\u00e1\u0161en\u00fdch: <a href=\"https:\/\/docs.google.com\/spreadsheets\/d\/1tL-XNXyJ3_yN-HMOx5arQUJbljaVZ5kDjcQNHkuXo2g\/edit?usp=sharing\" target=\"_blank\" rel=\"noreferrer noopener\">ZDE<\/a><\/p>\n\n\n\n<p>Za organiza\u010dn\u00ed team <a href=\"&#109;&#x61;&#105;&#x6c;&#116;&#x6f;:&#x68;y&#x6e;e&#107;&#x75;&#64;&#x73;&#101;&#x7a;&#110;&#x61;m&#x2e;c&#x7a;\">Hynek<\/a>&nbsp;(602 114 407)<\/p>\n","protected":false},"excerpt":{"rendered":"<p>V\u00fdsledky a zhodnocen\u00ed: 61 bludi\u010d\u016f a bludi\u010dek20 kontrol roznesen\u00fdch1 kontrola (\u010d. 18) ukraden\u00e11 kontrola n\u011bjak\u00fdm nenechavcem p\u0159enesen\u00e1 (d\u00edky Pavlovi za navr\u00e1cen\u00ed na spr\u00e1vn\u00e9 m\u00edsto)1 vymknut\u00fd kotn\u00edk &#8211; p\u0159ejeme brzk\u00e9 v\u00fdl\u00e9\u010den\u00ed23 kontrol fale\u0161n\u00fdch z OB ligy1 nalezen\u00e9 slune\u010dn\u00ed br\u00fdle &#8211; pokud zn\u00e1te majitele, ozv\u011bte se1 b\u011b\u017eec (Chleb\u00e1k \u017ditn\u00fd), kter\u00fd si dal jako z\u00e1kusek katastr (+15km) Oslava [&hellip;]<\/p>\n","protected":false},"author":1,"featured_media":0,"parent":0,"menu_order":0,"comment_status":"closed","ping_status":"closed","template":"","meta":{"footnotes":""},"class_list":["post-565","page","type-page","status-publish","hentry"],"_links":{"self":[{"href":"https:\/\/hynek.jason-drson.com\/index.php?rest_route=\/wp\/v2\/pages\/565","targetHints":{"allow":["GET"]}}],"collection":[{"href":"https:\/\/hynek.jason-drson.com\/index.php?rest_route=\/wp\/v2\/pages"}],"about":[{"href":"https:\/\/hynek.jason-drson.com\/index.php?rest_route=\/wp\/v2\/types\/page"}],"author":[{"embeddable":true,"href":"https:\/\/hynek.jason-drson.com\/index.php?rest_route=\/wp\/v2\/users\/1"}],"replies":[{"embeddable":true,"href":"https:\/\/hynek.jason-drson.com\/index.php?rest_route=%2Fwp%2Fv2%2Fcomments&post=565"}],"version-history":[{"count":17,"href":"https:\/\/hynek.jason-drson.com\/index.php?rest_route=\/wp\/v2\/pages\/565\/revisions"}],"predecessor-version":[{"id":593,"href":"https:\/\/hynek.jason-drson.com\/index.php?rest_route=\/wp\/v2\/pages\/565\/revisions\/593"}],"wp:attachment":[{"href":"https:\/\/hynek.jason-drson.com\/index.php?rest_route=%2Fwp%2Fv2%2Fmedia&parent=565"}],"curies":[{"name":"wp","href":"https:\/\/api.w.org\/{rel}","templated":true}]}}