
{"id":603,"date":"2023-10-02T21:13:03","date_gmt":"2023-10-02T20:13:03","guid":{"rendered":"http:\/\/hynek.jason-drson.com\/?page_id=603"},"modified":"2024-09-29T11:48:48","modified_gmt":"2024-09-29T10:48:48","slug":"2023-10-19-dablicka-bludicka","status":"publish","type":"page","link":"https:\/\/hynek.jason-drson.com\/?page_id=603","title":{"rendered":"2023 10 19 \u010e\u00e1blick\u00e1 Bludi\u010dka"},"content":{"rendered":"<h2>\u010e\u00e1blick\u00e1 Bludi\u010dka, \u010dtvrtek 19.10.2023, 19.no\u010dn\u00edk\u00a0<\/h2>\n<p><strong>Zhodnocen\u00ed:<br \/><\/strong>50 bludi\u010d\u016f a bludi\u010dek (z toho 3 DNF)<br \/>21 kontrol roznesen\u00fdch (z toho dv\u011b blikaj\u00edc\u00ed)<br \/>1 b\u011b\u017eec s IKEA ta\u0161kou napln\u011bnou psem<br \/>1 Schr\u00f6dingerova ko\u010dka<br \/>1 <a href=\"https:\/\/www.rajce.idnes.cz\/jasondrson\/album\/2023-10-19-dablicka-bludicka\/1613863311\">zapomenut\u00fd d\u00e1msk\u00fd kab\u00e1tek<\/a> a <a href=\"https:\/\/www.rajce.idnes.cz\/jasondrson\/album\/2023-10-19-dablicka-bludicka\/1613863310\">stylov\u00e9 lodi\u010dky<\/a> \u2013 majiteli, ozvi se<\/p>\n<p>Blahop\u0159ejeme v\u0161em dob\u011bhnuv\u0161\u00edm, \u017ee sv\u00fdm demonstrativn\u00edm \u00fas\u00edl\u00edm uctili sl\u00e1vu na\u0161ich velik\u00e1n\u016f. Jsme r\u00e1di, \u017ee jste si na vlastn\u00ed o\u010di mohli b\u011bhem prob\u011bhu vyzkou\u0161et i sv\u011btov\u011b proslul\u00fd Cimrman\u016fv pokus &#8222;fotonov\u00e1 past&#8220; (nejv\u011bt\u0161\u00ed ohlas vzbudil na Litom\u011b\u0159icku). Cimrman toti\u017e zve\u0159ejnil tehdy naprosto odm\u00edtanou (dalo by se \u0159\u00edci a\u017e nestravitelnou) my\u0161lenku, \u017ee sv\u011btlo se oh\u00fdb\u00e1, pokud se dostane do bl\u00edzkosti hmotn\u00fdch p\u0159edm\u011bt\u016f.<br \/>Z pevn\u00e9ho bodu Cimrman zam\u011b\u0159il m\u00edsto, kam ve sm\u011bru t\u011bsn\u011b pod obzorem, um\u00edstil sv\u011btlo sv\u00e9ho kahanu.\u00a0 Domn\u00edval se, \u017ee zv\u00fd\u0161en\u00edm hmoty na nejvy\u0161\u0161\u00edm m\u00edst\u011b horizontu dos\u00e1hne ohybu sv\u011btla a t\u00edm i d\u016fkazu sv\u00e9 teorie. K posm\u011bchu jin\u00fdch v\u011bdc\u016f, v\u010detn\u011b Vojty N\u00e1prstka, upocen\u00fd Cimrman nosil do p\u0159edem vykopan\u00fdch jam na vym\u011b\u0159en\u00e9m horizontu olov\u011bn\u00e9 ingoty, \u017eelezn\u00e9 ty\u010de i kamenn\u00e9 menhiry z nedalek\u00e9 skl\u00e1dky v Chabrech. Ano, tu\u0161\u00edte spr\u00e1vn\u011b, \u017ee ono m\u00edsto se nach\u00e1zelo pr\u00e1v\u011b mezi sv\u011bteln\u00fdm bodem A a B. Zat\u00edmco na bod A jste si b\u011bhem z pozorovac\u00edho bodu 5 (alespo\u0148 n\u011bkte\u0159\u00ed, co se nechali nachytat) zku\u0161en\u011b ov\u011b\u0159ili, \u017ee paprsek zmiz\u00ed pokud zab\u011bhnete p\u0159ili\u0161 pod obzor, z bodu A jste si mohli ov\u011b\u0159it, \u017ee sv\u011btlo se zase tolik nel\u00e1me a tudi\u017e je t\u0159eba do horizontu mezi bod A a B nanosit v\u00edce hmotn\u00e9ho materi\u00e1lu, aby se paprsek p\u0159iohnul. Jin\u00fdmi slovy, pokra\u010dovat v d\u00edle, kde Cimrman u\u017e nem\u011bl dost sil. <br \/>A o to by n\u00e1m m\u011blo j\u00edt p\u0159edev\u0161\u00edm.<br \/>Podez\u0159elou z ne\u00fasp\u011b\u0161n\u00e9ho pokusu ohybu sv\u011btla je i Schr\u00f6dingerova ko\u010dka, kterou n\u011bkolik \u00fa\u010dastn\u00edk\u016f \u00fadajn\u011b spat\u0159ilo na poli nedaleko obzoru, jak hrabe v zemi. Jeliko\u017e dob\u011bhla se v\u0161emi kontrolami krom\u011b sv\u011bteln\u00fdch (zelen\u00e9 sv\u011btlo ko\u010dku d\u011bs\u00ed), jist\u011b vzhledem ke sv\u00e9 superpozici v kvantov\u00e9m sv\u011bt\u011b, nem\u011bla dle na\u0161eho n\u00e1zoru \u010das na n\u011bjakou sabot\u00e1\u017e.<\/p>\n<p>D\u00edky Evi\u010dce za pomoc ve v\u00fdpo\u010detn\u00edm st\u0159edisku a Ivan\u011b za p\u00e1te\u010dn\u00ed sb\u011br kontrol.<br \/>Eko s\u00e1\u010dky na ovoce a zeleninu, v\u011bnoval O-P\u00e9r\u00e1k, <a href=\"https:\/\/luciferlights.net\/cs\" target=\"_blank\" rel=\"noopener\">v\u00fdrobce nejlep\u0161\u00edch \u010delovek na sv\u011bt\u011b Lucifer<\/a>. D\u00edky!<\/p>\n<p>Do va\u0161ich brloh\u016f v\u00e1s zdrav\u00ed<br \/>Hynek<\/p>\n<p><a href=\"https:\/\/drive.google.com\/file\/d\/1FLI3SGL2Bv1TjwcCiMlBmlSo7Shg5wZp\/view?usp=sharing\" target=\"_blank\" rel=\"noopener\">V\u00fdsledky Bludi\u010dky 2023<\/a><\/p>\n<p><a href=\"https:\/\/www.rajce.idnes.cz\/jasondrson\/album\/2023-10-19-dablicka-bludicka\" target=\"_blank\" rel=\"noopener\">P\u00e1r fotek zde<\/a><\/p>\n<p>\u00a0<\/p>\n<p><strong>Pozv\u00e1nka:<br \/><\/strong><br \/>Zveme v\u0161echny p\u0159\u00edznivce teorie Externismu, aby demonstrativn\u00edm no\u010dn\u00edm orienta\u010dn\u00edm b\u011bhem \u010e\u00e1blick\u00fdm h\u00e1jem podpo\u0159ili v\u011bdeckou studii J\u00e1ry Cimrmana, kter\u00e1 se a\u017e na n\u011bkter\u00e9 vyj\u00edmky setkala v odborn\u00fdch kruz\u00edch se z\u00e1vistiv\u00fdm odporem. Z\u00e1rove\u0148 uct\u011bme 86. v\u00fdro\u010d\u00ed od \u00famrt\u00ed Cimrmanova kolegy a p\u0159\u00edtele Ernesta Rutherforda, kter\u00fd se dlouhodob\u011b zab\u00fdval radioaktivn\u00edm z\u00e1\u0159en\u00edm a kter\u00fd nikdy ve\u0159ejn\u011b neodsoudil \u017e\u00e1dnou z Cimrmanov\u00fdch teori\u00ed. Pr\u00e1v\u011b cimrman\u016fv Externismus byl pro Rutherforda z\u00e1chrann\u00fdm lanem v dob\u011b, kdy na n\u011bj p\u0159i\u0161la tv\u016fr\u010d\u00ed krize. Nedok\u00e1zal toti\u017e sv\u00e9 objevy slou\u010dit s tehdy panuj\u00edc\u00ed p\u0159edstavou, \u017ee atom je ned\u011bliteln\u00fd a ve tvaru koule. Cimrman, jen\u017e tou dobou ji\u017e v ch\u00e1p\u00e1n\u00ed modelu atomu osah\u00e1val kvantou mechaniku, a kter\u00fd znal Ernesta od spole\u010dn\u00fdch studi\u00ed na novoz\u00e9landsk\u00e9 Canterbury College, v\u011bd\u011bl, \u017ee mus\u00ed s vysv\u011btlov\u00e1n\u00edm sv\u00e9 p\u0159evratn\u00e9 teorie na pon\u011bkud pomaleji ch\u00e1paj\u00edc\u00edho Rutherforda velmi opatrn\u011b. Proto Ernesta pozval na ned\u011bln\u00ed fotbalov\u00fd z\u00e1pas. V polo\u010dasu utk\u00e1n\u00ed, kdy v agresivn\u011bji pojat\u00e9m novoz\u00e9landsk\u00e9m fotbalu, byla ji\u017e polovina z obou hraj\u00edc\u00edch mu\u017estev vylou\u010dena (\u010dili se rozpadla) uk\u00e1zal, jak ch\u00e1pat laboratorn\u011b zkouman\u00e9 radioaktivn\u00ed z\u00e1\u0159en\u00ed alfa a beta. Po n\u011bkolika Cimrmanov\u00fdch didaktick\u00fdch pokusech vysv\u011btlit Rutherfordovi z\u00e1klady kvantov\u00e9 mechaniky se Cimrman vzdal dal\u0161\u00edho v\u00fdkladu, a doporu\u010dil, a\u0165 se Ernest rad\u011bji dr\u017e\u00ed p\u0159i zemi \u010di kolem slunce. Pot\u00e9 mu na t\u00e1cek od p\u00e1rku nakreslil snadn\u011bji pochopiteln\u00fd planet\u00e1rn\u00ed model atomu. Rutherford radost\u00ed zaplesal a tento lapid\u00e1rn\u00ed n\u00e1\u010drtek rozvinul. V roce 1908 za n\u011bj obdr\u017eel Nobelovu cenu. Cimrmanovi bylo stydno, \u017ee Ernestovi tento zkreslen\u00fd a nespr\u00e1vn\u00fd model vnutil, a proto se nijak nesna\u017eil o uzn\u00e1n\u00ed spoluautorstv\u00ed. Trvalo je\u0161t\u011b n\u011bkolik let, ne\u017e uzr\u00e1la doba, aby Cimrmanova kvantovka do\u0161la pochopen\u00ed. Nebylo to v\u0161ak ani tehdy jednoduch\u00e9. Cimrmanova hlavn\u00ed teze Externismu \u0159\u00edk\u00e1, \u017ee kdykoliv se v pr\u016fb\u011bhu pozn\u00e1vac\u00edho procesu pokou\u0161\u00edme dostat bl\u00ed\u017ee k n\u011bjak\u00e9mu p\u0159edm\u011btu, nutn\u011b nakonec dos\u00e1hneme m\u00edsta, kde p\u0159edm\u011bt nen\u00ed. Proto tedy na konci ka\u017ed\u00e9ho pozn\u00e1vac\u00edho procesu nev\u00edme nic, ale v\u00edme to p\u0159esn\u011b. Logick\u00fd z\u00e1v\u011br potom zn\u00ed: \u201eV\u00edme v\u0161e: nev\u00edme nic.\u201c T\u00edmto se Cimrman sna\u017eil v\u011bdeck\u00e9mu sv\u011btu vysv\u011btlit, jak funguje ch\u00e1p\u00e1n\u00ed obalu j\u00e1dra atomu. Jedin\u00fdm v\u011bdcem, kter\u00fd se k Cimrmanovi opovr\u017eliv\u011b nepostavil z\u00e1dy, byl mladi\u010dk\u00fd Erwin Schr\u00f6dinger. Hned si s n\u00edm za\u010dal dopisovat. Nad\u0161en\u00fd Cimrman mu ve v\u00edce ne\u017e ro\u010dn\u00edm koresponden\u010dn\u00edm styku vysv\u011btlil sv\u00e9 teoretick\u00e9 i praktick\u00e9 z\u00e1v\u011bry. Na d\u016fkaz p\u0159\u00e1telstv\u00ed i jako didaktickou pom\u016fcku k vysv\u011btlen\u00ed sv\u00fdch teori\u00ed pot\u00e9 Erwinovi poslal vln\u011bn\u00fd svetr a svou dlouhosrstou ko\u010dku. Zahalen ve vln\u011bn\u00e9m svetru a s p\u0159edouc\u00ed ko\u010dkou v n\u00e1ru\u010d\u00ed pak v roce 1925 Erwin p\u0159edstavuje vlnovou pohybovou nerelativistickou kvantovou teorii, tzv. Schr\u00f6dingerovu rovnici, popisuj\u00edc\u00ed vlnov\u00e9 funkce \u010d\u00e1stice. O osm let pozd\u011bji za n\u00ed Schr\u00f6dinger dost\u00e1v\u00e1 Nobelovu cenu. K vyt\u011b\u017een\u00ed Cimrmanov\u00fdch n\u00e1pad\u016f do\u0161lo i v p\u0159\u00edpad\u011b darovan\u00e9 ko\u010dky, po kter\u00e9 Schr\u00f6dinger pojmenoval slavn\u00fd pokus o interpretaci p\u0159echodu mezi makro a mikro sv\u011btem. Cimrman v\u0161ak nezaho\u0159kl a v\u011bd\u011bl, \u017ee na poli v\u011bdy je st\u00e1le obrovsk\u00fd prostor jak pomoc\u00ed jin\u00fdm, k slavn\u00fdm objev\u016fm. Vrhl se tedy na poln\u00ed \u010d\u00e1stice. Vid\u00edme tak Cimrmana, jak se sv\u00fdm typicky zasn\u011bn\u00fdm pohledem a se vzty\u010den\u00fdm ukazov\u00e1kem kyne sv\u011btu s dnes ji\u017e notoricky zn\u00e1m\u00fdm epitafem: &#8222;Temn\u00e1 budoucnost pat\u0159\u00ed hmot\u011b a energii&#8220;. Ale o tom zas n\u011bkdy p\u0159\u00ed\u0161t\u011b.<\/p>\n<p><strong>O CO JDE:<\/strong><\/p>\n<p>B\u011bhem \u010di ch\u016fz\u00ed se m\u016f\u017eete pobavit bloud\u011bn\u00edm v h\u00e1ji, hled\u00e1n\u00edm n\u011b\u010deho ve tm\u011b, v lese, v d\u00ed\u0159e, v j\u00e1m\u011b \u010f\u00e1blov\u011b, v r\u00fdze, v hustniku, v pelechu bezdomovce, za hromadou d\u0159eva, na sk\u00e1le \u010di v rybn\u00ed\u010dku a sou\u010dasn\u011b oslavit i slavn\u00e9 externisty J\u00e1ru, Ernesta i Erwina.<\/p>\n\n\n<p><strong>KDY:<\/strong> v \u010dtvrtek 19.10.2023, start otev\u0159en od 18:00 do 19:30<\/p>\n\n\n\n<p><strong>KDE:&nbsp;<\/strong>restaurace Na M\u011blnick\u00e9 v \u010e\u00e1blic\u00edch (naproti h\u0159bitovu). Restaurace se nach\u00e1z\u00ed na rozhran\u00ed ulic O\u0159echov\u00e1 a \u010e\u00e1blick\u00e1: GPS: [50\u00b08\u20194.707\u2033N, 14\u00b028\u201939.846\u2033E].<\/p>\n\n\n\n<p>Odkaz na mapu:&nbsp;<a href=\"http:\/\/mapy.cz\/s\/5EVd\" target=\"_blank\" rel=\"noreferrer noopener\">ZDE<\/a><\/p>\n\n\n\n<p><strong>&nbsp;JAK&nbsp;se tam dostat ?:<\/strong> Dostanete se tam bud p\u011b\u0161ky od metra Ladv\u00ed (1,5km), nebo St\u0159\u00ed\u017ekov (1km), tramvaj\u00ed (10) nebo autobusy (103, 183, 368, 369, 368, 348).<\/p>\n\n\n\n<p><strong>CO TAM ?<\/strong> : Krom\u011b sm\u00fd\u010den\u00ed lesa a hustn\u00edk\u016f, restaurace Na M\u011blnick\u00e9 \u010depuje Gambrinus 10, a Plze\u0148 12. Je zde i bohat\u00fd v\u00fdb\u011br minutek, tak ne, abyste se naprali p\u0159edem.<\/p>\n\n\n\n<p><strong>CO S SEBOU ? :<\/strong>&nbsp;S sebou si vemte: \u010delovku, sv\u00edtilnu \u010di kahan, <strong>buzolu \u010di kompas<\/strong>, <strong>tu\u017eku (ta se taky \u0161ikne)<\/strong>, oble\u010den\u00ed a ozut\u00ed dle po\u010das\u00ed, drobn\u00e9 na pivo. Mapa (form\u00e1t A4) <strong>nebude<\/strong> vodovzdorn\u011b upravena, a proto si <strong>vemte futr\u00e1lek<\/strong>.<\/p>\n\n\n\n<p><strong>Startovn\u00e9:<\/strong> dobrovoln\u00e9 (v\u00edc ne\u017e 40,- mi ned\u00e1vejte, nechci se dostat mezi tu bohatou pak\u00e1\u017e)<\/p>\n\n\n\n<p>Vemte si pevn\u00e9 nohavice! Ostru\u017e\u00edn\u00ed je v \u010e\u00e1bli\u010d\u00e1ku v\u00fd\u017eivn\u00e9.<\/p>\n\n\n\n<p><strong>Pravidla :<br><\/strong>Budou je\u0161t\u011b up\u0159esn\u011bna na startu a p\u00e1r dn\u00ed p\u0159edem zde \u2013 sledujte web.<br><br>Po p\u0159\u00edchodu do restaurace si <strong>NEJD\u0158\u00cdVE vyberte na p\u0159ipraven\u00e9m formul\u00e1\u0159i <\/strong>(na kule\u010dn\u00edkov\u00e9m stole)<strong> voln\u00e9 startovn\u00ed \u010d\u00edslo se startovn\u00edm \u010dasem (odstup 1 minuta).&nbsp;<\/strong> <strong>Do formul\u00e1\u0159e p\u0159ipi\u0161te sv\u00e9 ct\u011bn\u00e9 jm\u00e9no<\/strong>, a zapamatujte si startovn\u00ed \u010d\u00edslo a startovn\u00ed \u010das.<\/p>\n\n\n\n<p>Pot\u00e9 se vedle v m\u00edstnosti zaregistrujte (<strong>hla\u0161te p\u0159\u00edjmen\u00ed jm\u00e9no a startovn\u00ed \u010d\u00edslo<\/strong>).<\/p>\n\n\n\n<p>Dostanete pr\u016fkazku se startovn\u00edm \u010d\u00edslem do kter\u00e9 <strong>vypl\u0148te jm\u00e9no a startovn\u00ed \u010das.<\/strong><\/p>\n\n\n\n<p>Minutu p\u0159ed startem bu\u010fte u \u010dasom\u00edry s p\u0159ipravenou pr\u016fkazkou ke kontrole.<\/p>\n\n\n\n<p><strong>Startujte se se sami<\/strong> (p\u0159epokl\u00e1d\u00e1me fair play) a v okam\u017eiku startu (\u010das na pr\u016fkazu) si berte i mapu (n\u00e9 p\u0159edem).<\/p>\n\n\n\n<p><strong>Ra\u017een\u00ed voskovkou, kter\u00e1 je na stuze pobl\u00ed\u017e reflexn\u00ed ty\u010dky. P\u0159\u00edpadn\u00ed oblepova\u010di, lepte izolepu jen z jedn\u00e9 strany (t\u00e9 druh\u00e9 bez chl\u00edve\u010dk\u016f samoz\u0159ejm\u011b \u2026).<\/strong><\/p>\n\n\n\n<p><strong>Po dob\u011bhu<\/strong> si sami sami napi\u0161te dob\u011bhov\u00fd \u010das do pr\u016fkazu (dle \u010dasom\u00edry na stole) a pr\u016fkaz odevzdejte.<\/p>\n\n\n\n<p><strong>Hodnocen\u00ed : <\/strong>Nen\u00ed \u010dasov\u00fd limit. Rozhoduje po\u010det kontrol a p\u0159i shod\u011b pak \u010das.<\/p>\n\n\n\n<p><\/p>\n\n\n\n<p><strong>D\u00e9lka trasy :<\/strong>&nbsp;t\u011b\u017eko \u0159\u00edct, ale asi okolo 7 km, letos nen\u00ed \u010dasov\u00fd limit, ale po 22:30 si to m\u011b\u0159\u00edte sami <\/p>\n\n\n\n<p><strong>P\u0159ihl\u00e1\u0161ky<\/strong>&nbsp;: p\u0159es google formul\u00e1\u0159: <a href=\"https:\/\/docs.google.com\/forms\/d\/e\/1FAIpQLSecXykBRD58qiA6i-p8IKZhi4tkEmVOC6hQbVWfBDP3SVo7kg\/viewform?usp=sharing\">LINK<\/a> (jednodu\u0161e p\u0159ipi\u0161te jm\u00e9no p\u0159\u00edjmen\u00ed a email), nebo nouzov\u011b na email hyneku(uzen\u00e1\u010d)seznam.cz do 17.10.2023 23:30 SEC, nebo do napln\u011bn\u00ed limitu bludi\u010d\u016f. Pot\u00e9 jen po individu\u00e1ln\u00ed domluv\u011b a s d\u00e1rky pro po\u0159adatele. T\u011bm, co p\u0159ihl\u00e1\u0161ku nepo\u0161lou hroz\u00ed, \u017ee bu\u010f dostanou pou\u017eitou mapu od dob\u011bhnuv\u0161\u00edho bloudila, nebo se na n\u011b budu zlobit (p\u0159\u00edpadn\u011b oboj\u00ed). Ka\u017edop\u00e1dn\u011b maxim\u00e1ln\u00ed po\u010det \u00fa\u010dastn\u00edk\u016f je 60, hla\u0161te se v\u010das. Pro ty (ta d\u011bv\u010data), kte\u0159\u00ed (kter\u00e1) se strachuj\u00ed o svou po\u010destnost, je dovoleno vyraziti i ve dvou.<\/p>\n\n\n\n<p>Seznam p\u0159ihl\u00e1\u0161en\u00fdch: <a href=\"https:\/\/docs.google.com\/spreadsheets\/d\/1hxRAdu0fJEIqlyU4ULkTJMeT8Be0nV_MGQA-0dyWsrw\/edit?usp=sharing\">ZDE<\/a><\/p>\n\n\n\n<p>Za organiza\u010dn\u00ed team <a href=\"&#109;&#x61;&#x69;l&#116;&#x6f;&#x3a;h&#121;&#x6e;e&#107;&#x75;&#x40;s&#101;&#x7a;n&#97;&#x6d;&#x2e;c&#122;\">Hynek<\/a>&nbsp;(602 114 407)<\/p>\n","protected":false},"excerpt":{"rendered":"<p>\u010e\u00e1blick\u00e1 Bludi\u010dka, \u010dtvrtek 19.10.2023, 19.no\u010dn\u00edk\u00a0 Zhodnocen\u00ed:50 bludi\u010d\u016f a bludi\u010dek (z toho 3 DNF)21 kontrol roznesen\u00fdch (z toho dv\u011b blikaj\u00edc\u00ed)1 b\u011b\u017eec s IKEA ta\u0161kou napln\u011bnou psem1 Schr\u00f6dingerova ko\u010dka1 zapomenut\u00fd d\u00e1msk\u00fd kab\u00e1tek a stylov\u00e9 lodi\u010dky \u2013 majiteli, ozvi se Blahop\u0159ejeme v\u0161em dob\u011bhnuv\u0161\u00edm, \u017ee sv\u00fdm demonstrativn\u00edm \u00fas\u00edl\u00edm uctili sl\u00e1vu na\u0161ich velik\u00e1n\u016f. Jsme r\u00e1di, \u017ee jste si na vlastn\u00ed [&hellip;]<\/p>\n","protected":false},"author":1,"featured_media":0,"parent":0,"menu_order":0,"comment_status":"closed","ping_status":"closed","template":"","meta":{"footnotes":""},"class_list":["post-603","page","type-page","status-publish","hentry"],"_links":{"self":[{"href":"https:\/\/hynek.jason-drson.com\/index.php?rest_route=\/wp\/v2\/pages\/603","targetHints":{"allow":["GET"]}}],"collection":[{"href":"https:\/\/hynek.jason-drson.com\/index.php?rest_route=\/wp\/v2\/pages"}],"about":[{"href":"https:\/\/hynek.jason-drson.com\/index.php?rest_route=\/wp\/v2\/types\/page"}],"author":[{"embeddable":true,"href":"https:\/\/hynek.jason-drson.com\/index.php?rest_route=\/wp\/v2\/users\/1"}],"replies":[{"embeddable":true,"href":"https:\/\/hynek.jason-drson.com\/index.php?rest_route=%2Fwp%2Fv2%2Fcomments&post=603"}],"version-history":[{"count":40,"href":"https:\/\/hynek.jason-drson.com\/index.php?rest_route=\/wp\/v2\/pages\/603\/revisions"}],"predecessor-version":[{"id":675,"href":"https:\/\/hynek.jason-drson.com\/index.php?rest_route=\/wp\/v2\/pages\/603\/revisions\/675"}],"wp:attachment":[{"href":"https:\/\/hynek.jason-drson.com\/index.php?rest_route=%2Fwp%2Fv2%2Fmedia&parent=603"}],"curies":[{"name":"wp","href":"https:\/\/api.w.org\/{rel}","templated":true}]}}