
{"id":61,"date":"2016-12-26T23:23:21","date_gmt":"2016-12-26T22:23:21","guid":{"rendered":"http:\/\/hynek.jason-drson.com\/?page_id=61"},"modified":"2016-12-26T23:53:39","modified_gmt":"2016-12-26T22:53:39","slug":"2013-11-04-dablicka-bludicka","status":"publish","type":"page","link":"https:\/\/hynek.jason-drson.com\/?page_id=61","title":{"rendered":"2013 11 04 \u010e\u00e1blick\u00e1 Bludi\u010dka"},"content":{"rendered":"<div class=\"page\">\n<div class=\"content\">\n<p><strong>Protokol a v\u00fdsledky \u010e\u00e1blick\u00e9 Bludi\u010dky 2013.<\/strong><\/p>\n<p>Na start se postavilo 79 odv\u00e1\u017en\u00fdch bludi\u010d\u016f a v\u0161ichni po dob\u011bhu vzlykali radost\u00ed. N\u011bkte\u0159\u00ed i h\u00fdkali.<br \/>\nT\u00edm, \u017ee jsme letos nenastavili \u010dasov\u00fd limit, v\u0161echny naleziteln\u00e9 kontroly orazilo rekordn\u00ed mno\u017estv\u00ed hleda\u010d\u016f (52). K na\u0161emu zklam\u00e1n\u00ed v\u0161ak nenalezitelnou kontrolu S4 (nebyla v map\u011b, nesv\u00edtila a nem\u011bla reflexn\u00ed ty\u010dku) nena\u0161el nikdo. Je t\u0159eba se nad p\u0159\u00ed\u010dinou tohoto va\u0161eho ne\u00fasp\u011bchu \u0159adn\u011b zamyslet a proto v\u00e1m do p\u0159\u00ed\u0161t\u00edho ro\u010dn\u00edku doporu\u010dujeme za\u0159adit tr\u00e9ninkov\u00fd pl\u00e1n biotronick\u00fdch dohled\u00e1vek.<\/p>\n<p>V\u00edt\u011bzem \u010f\u00e1blick\u00e9 bojovky se stal m\u00edstn\u00ed rychl\u00edk \u00d3-P\u00e9r\u00e1k p\u0159ed Pavlem Kurzem a Petrem \u0160imkem. Nejv\u00fd\u0161e na d\u00edv\u010d\u00ed bedn\u011b stanula Jan\u010da Sajdlov\u00e1 (celkov\u011b 4.) p\u0159ed B\u00e1rou Gregorovou a \u0160\u00e1rkou Hnilicovou.<\/p>\n<p>Pole borc\u016f a borky\u0148 se v\u0161emi kontrolami uzav\u0159el J\u00e9\u0148a \u0160v\u00e1b, kter\u00fd nav\u00edc nejrychleji v\u011bd\u011bl odpov\u011b\u010f na kontroln\u00ed ot\u00e1zku &#8222;kolik je p\u0159esn\u011b Plancko-Cimrmanova konstanta&#8220; a t\u00edm vyhr\u00e1l sponzorsk\u00fd rum.<\/p>\n<p>Velk\u00fd d\u00edk pat\u0159\u00ed:<br \/>\n&#8211; Honzovi \u0158ez\u00e1\u010dovi za precizn\u00ed konstrukci sv\u011bteln\u00fdch bludi\u010dek, kter\u00e9 jist\u011b na Bludi\u010dce \u010di jin\u00fdch akc\u00edch je\u0161t\u011b vyu\u017eijeme (p\u0159\u00ed\u0161t\u011b ov\u0161em z \u010derstv\u00fdmi akumul\u00e1tory \ud83d\ude42 ).<br \/>\n&#8211; bezchybn\u00e9mu a precizn\u00edmu v\u00fdpo\u010detn\u00edmu st\u0159edisku, kter\u00e9 \u0159\u00eddila sehran\u00e1 dvojka Hanka s Honzou<\/p>\n<p>Tak\u00e9 d\u00edky v\u0161em, co obohatili tombolu sponzorsk\u00fdmi dary.<\/p>\n<p>Nalezeno po z\u00e1vod\u011b (majitel\u00e9 ozv\u011bte se):<\/p>\n<p>&#8211; br\u00fdle \u010d\u00edr\u00e9 s dioptrickou n\u00e1lepkou<br \/>\n&#8211; moira s dlouh\u00fdm ruk\u00e1vem<br \/>\n&#8211; \u010derven\u00e1 bundi\u010dka<\/p>\n<p><strong><a href=\"http:\/\/www.jason-drson.com\/bludicka\/vysledky_2013.pdf\">V\u00ddSLEDKY<\/a>\u00a0<\/strong><\/p>\n<p><strong><a href=\"http:\/\/jasondrson.rajce.idnes.cz\/2013_11_04_Dablicka_Bludicka\/\">FOTKY<\/a><\/strong><\/p>\n<p>&nbsp;<\/p>\n<p>&nbsp;<\/p>\n<p><strong>Pozv\u00e1nka:<\/strong><\/p>\n<p><strong>\u010e\u00e1blick\u00e1 Bludi\u010dka (pond\u011bl\u00ed, 4.11.2013 &#8211; 10.no\u010dn\u00edk)<\/strong><\/p>\n<p>Zveme v\u0161echny p\u0159\u00edznivce no\u010dn\u00edch ta\u0161ka\u0159ic, aby v pond\u011bl\u00ed 4. listopadu no\u010dn\u00edm prob\u011bhem v severn\u00ed \u010d\u00e1sti Prahy oslavili vyzna\u010dn\u00e9ho sv\u011btov\u00e9ho fyzika Maxe Plancka a jeho p\u0159\u00edtele J\u00e1ru Cimrmana.<\/p>\n<p>Oba g\u00e9niuse spojuje pohnut\u00fd osud ovlivn\u011bn\u00fd jejich nezodpov\u011bdn\u00fdmi u\u010diteli.<br \/>\nCimrman\u016fv u\u010ditel Jedli\u010dka: houslista t\u0159et\u00edho n\u00e1levu, p\u0159ipravil sv\u011bt o druh\u00e9ho Paganiniho t\u00edm, \u017ee v dev\u00e1t\u00e9 (osudov\u00e9) lekci vysv\u011btlil J\u00e1rovi, \u017ee to, co dosud hr\u00e1l p\u0159ed kobylkou, mus\u00ed hr\u00e1t za kobylkou.<br \/>\nMax Planck m\u011bl tak\u00e9 jako J\u00e1ra, krom\u011b nad\u00e1n\u00ed pro fyziku, i velmi kladn\u00fd vztah k hudb\u011b. Hr\u00e1l v kostele na varhany a doma na klav\u00edr, p\u016fsobil ve \u0161koln\u00edm p\u011bveck\u00e9m sboru a s\u00e1m skl\u00e1dal p\u00edsn\u011b a zda\u0159il\u00e9 skladby. Kdy\u017e se jako \u0161estn\u00e1ctilet\u00fd maturant Maximili\u00e1nsk\u00e9ho gymn\u00e1zia v Mnichov\u011b rozhodoval, co bude po maturit\u011b studovat, obr\u00e1til se s radou na sv\u00e9ho u\u010ditele na Hudebn\u00ed akademii.\u00a0Na\u0161t\u011bst\u00ed pro fyziku a nane\u0161t\u011bst\u00ed pro hudebn\u00ed sv\u011bt od n\u011bj dostal mrazivou odpov\u011b\u010f: \u201eKdy\u017e se v\u016fbec pt\u00e1te, tak jd\u011bte rad\u011bji studovat n\u011bco jin\u00e9ho!\u201c<\/p>\n<p>Oba borci se tedy mohli vrhnout na vyza\u0159ov\u00e1n\u00ed absolutn\u011b \u010dern\u00fdch t\u011bles, kvantovou mechaniku a slavnou Plancko-Cimrmanovu konstantu, kterou oba spole\u010dn\u011b odvodili na univerzit\u011b v Heidelbergu. Tam si J\u00e1ra odsko\u010dil z Tater po vynalezen\u00ed univerz\u00e1ln\u00ed bal\u00edc\u00ed techniky TetraPak.<\/p>\n<p>Zaj\u00edmav\u00e1 je historie ohledn\u011b ozna\u010den\u00ed t\u00e9to konstanty. Zat\u00edmco velkorys\u00fd Albert Einstein p\u0159enechal p\u00edsmeno symbolizuj\u00edc\u00ed rychlosti sv\u011btla Cimrmanovi: c = 300 000km\/s (Albert si asi s\u00e1m dob\u0159e uv\u011bdomoval, \u017ee jeho m\u011b\u0159en\u00ed na rozd\u00edl od J\u00e1ry byla zna\u010dn\u011b nep\u0159esn\u00e1 a\u017e zkreslen\u00e1), jin\u00e1 situace nastala po spole\u010dn\u00e9m objevu s Maxem.\u00a0Oba v\u011bdci, nerozlu\u010dn\u00ed p\u0159\u00e1tel\u00e9, se dohodli na ozna\u010den\u00ed konstanty p\u00edsmenem nep\u0159ipom\u00ednaj\u00edc\u00ed nikoho z obou objevitel\u016f. Konstantu pojmenovali po m\u011bst\u011b Heidelberg: h = 6,6.10-34 J.s, kde slavn\u00fd objev oba u\u010dinili. Bohu\u017eel pozd\u011bji v dob\u00e1ch protislovansky zam\u011b\u0159en\u00fdch si n\u011bmeck\u00e1 \u0161ovistick\u00e1 spole\u010dnost, spojenec Rakouska Uherska, nemohla dovolit ponechat u n\u00e1zvu slavn\u00e9 konstanty jm\u00e9no slavn\u00e9ho \u010desk\u00e9ho v\u011bdce. I p\u0159es mnoho protest\u016f samotn\u00e9ho Maxe Plancka, kter\u00fd dokonce v roce 1915 na podporu J\u00e1ry dr\u017eel kvantovou hladovku, do\u0161lo k tragick\u00e9mu v\u00fdmazu Cimrmana z n\u00e1zvu Plancko-Cimrmanovi konstanty.<br \/>\n\u0160koda.<\/p>\n<p>&nbsp;<\/p>\n<p><strong>V\u00edtejte na 10. no\u010dn\u00edku v L\u00e1dv\u00ed !<\/strong><\/p>\n<p>Op\u011bt se m\u016f\u017eete pobavit bloud\u011bn\u00edm v h\u00e1ji, hled\u00e1n\u00edm n\u011b\u010deho ve tm\u011b, v lese, v d\u00ed\u0159e, v j\u00e1m\u011b \u010f\u00e1blov\u011b, v r\u00fdze, v hustniku, v pelechu bezdomovce, za hromadou d\u0159eva, na sk\u00e1le \u010di v rybn\u00ed\u010dku.<\/p>\n<p><strong>\u00a0KDY:<\/strong>\u00a0v pond\u011bl\u00ed 4.11.2013, start otev\u0159en od 18:00 do 19:30<\/p>\n<p><strong>\u00a0KDE:\u00a0<\/strong>restaurace Na M\u011blnick\u00e9 v \u010e\u00e1blic\u00edch (naproti h\u0159bitovu). Restaurace se nach\u00e1z\u00ed na rozhran\u00ed ulic O\u0159echov\u00e1 a \u010e\u00e1blick\u00e1: GPS: [50\u00b08&#8217;4.707&#8243;N, 14\u00b028&#8217;39.846&#8243;E].<\/p>\n<p>Odkaz na mapu:\u00a0<a href=\"http:\/\/mapy.cz\/s\/5EVd\" target=\"_blank\">ZDE<\/a><\/p>\n<p><strong>\u00a0JAK\u00a0se tam dostat ?:<\/strong> Dostanete se tam bud p\u011b\u0161ky od metra Ladv\u00ed (1,5km), nebo St\u0159\u00ed\u017ekov (1km), tramvaj\u00ed (4, 10) nebo autobusy \u010d. 103,136,345,348,368.<\/p>\n<p><strong>CO TAM ?<\/strong>\u00a0: Krom\u011b oslavy Plancko-Cimrmanovy konstanty a bloud\u011bn\u00ed h\u00e1jem, restaurace Na M\u011blnick\u00e9 \u010depuje Gambrinus 10, a Plze\u0148 12. Je zde i bohat\u00fd v\u00fdb\u011br minutek za slu\u0161nou cenu, tak ne, abyste se naprali p\u0159edem.<\/p>\n<p><strong>CO S SEBOU ? :<\/strong>\u00a0S sebou si vemte: \u010delovku, sv\u00edtilnu \u010di kahan, <strong>buzolu \u010di kompas<\/strong> <strong>(letos se budou obzvl\u00e1\u0161t\u011b hodit !)<\/strong>, <strong>tu\u017eku (ta se taky \u0161ikne)<\/strong>, <strong>hodinky \u010di chronometr<\/strong>, oble\u010den\u00ed a ozut\u00ed dle po\u010das\u00ed, drobn\u00e9 na pivo a startovn\u00e9 (30,-). Mapa (form\u00e1t A4) <strong>nebude<\/strong> vodovzdorn\u011b upravena, a proto si <strong>vemte futr\u00e1lek<\/strong>.<\/p>\n<p>Vemte si pevn\u00e9 nohavice! Ostru\u017e\u00edn\u00ed je v \u010e\u00e1bli\u010d\u00e1ku v\u00fd\u017eivn\u00e9.<\/p>\n<p><strong>\u00a0Pravidla :<\/strong><\/p>\n<p>Budou up\u0159esn\u011bna na startu. Letos se <strong>speci\u00e1ln\u00edmi mikroprocesov\u00fdmi bludi\u010dkami z velmi precizn\u00ed d\u00edlny Honzy \u0158ez\u00e1\u010de &#8211; t\u011b\u0161te se!\u00a0<\/strong>Startuje se s\u00f3lo, jak kdo p\u0159ijde (odstup cca 1 min).<\/p>\n<p><strong>\u00a0Kontroly :<\/strong>\u00a0reflexn\u00ed ty\u010dky, sv\u011bteln\u00e9 bludi\u010dky, voskovky (pr\u016fkazku olepujte izolepou jen z jedn\u00e9 strany! )<\/p>\n<p><strong>\u00a0Vyhl\u00e1\u0161en\u00ed :<\/strong>\u00a0kr\u00e1tce po dob\u011bhnut\u00ed posledn\u00edho v limitu (cca 21:15); mo\u017en\u00e1 bude i tombola s n\u00e1slednou oslavou<\/p>\n<p><strong>\u00a0D\u00e9lka trasy :<\/strong>\u00a0t\u011b\u017eko \u0159\u00edct, ale asi okolo 6 km<\/p>\n<p><strong>P\u0159ihl\u00e1\u0161ky<\/strong>\u00a0: p\u0159es google dokument: <a title=\"p\u0159ihl\u00e1\u0161ka na Bludi\u010dku 2013\" href=\"https:\/\/docs.google.com\/spreadsheet\/ccc?key=0Av6sWvIt3dm6dFRoZ1RMYVhocGV3QWpGeHFXV29raWc&amp;usp=sharing\"> LINK<\/a> (jednodu\u0161e p\u0159ipi\u0161te jm\u00e9no p\u0159\u00edjmen\u00ed a email), nebo nouzov\u011b na email hyneku(uzen\u00e1\u010d)seznam.cz do 1.11.2013 23:30 SEC, nebo do napln\u011bn\u00ed limitu bludi\u010d\u016f. Pot\u00e9 jen po individu\u00e1ln\u00ed domluv\u011b a s d\u00e1rky pro po\u0159adatele. T\u011bm, co p\u0159ihl\u00e1\u0161ku nepo\u0161lou hroz\u00ed, \u017ee bu\u010f dostanou pou\u017eitou mapu od dob\u011bhnuv\u0161\u00edho bloudila, nebo se na n\u011b budu zlobit (p\u0159\u00edpadn\u011b oboj\u00ed). Ka\u017edop\u00e1dn\u011b maxim\u00e1ln\u00ed po\u010det \u00fa\u010dastn\u00edk\u016f je 60, hla\u0161te se v\u010das. Pro ty (ta d\u011bv\u010data), kte\u0159\u00ed (kter\u00e1) se strachuj\u00ed o svou po\u010destnost, je dovoleno vyraziti i ve dvou.<\/p>\n<p>Za organiza\u010dn\u00ed team Hynek\u00a0(602 114 407)\u00a0a Honza<\/p>\n<\/div>\n<\/div>\n","protected":false},"excerpt":{"rendered":"<p>Protokol a v\u00fdsledky \u010e\u00e1blick\u00e9 Bludi\u010dky 2013. Na start se postavilo 79 odv\u00e1\u017en\u00fdch bludi\u010d\u016f a v\u0161ichni po dob\u011bhu vzlykali radost\u00ed. N\u011bkte\u0159\u00ed i h\u00fdkali. T\u00edm, \u017ee jsme letos nenastavili \u010dasov\u00fd limit, v\u0161echny naleziteln\u00e9 kontroly orazilo rekordn\u00ed mno\u017estv\u00ed hleda\u010d\u016f (52). K na\u0161emu zklam\u00e1n\u00ed v\u0161ak nenalezitelnou kontrolu S4 (nebyla v map\u011b, nesv\u00edtila a nem\u011bla reflexn\u00ed ty\u010dku) nena\u0161el nikdo. Je [&hellip;]<\/p>\n","protected":false},"author":1,"featured_media":0,"parent":94,"menu_order":0,"comment_status":"closed","ping_status":"closed","template":"","meta":{"footnotes":""},"class_list":["post-61","page","type-page","status-publish","hentry"],"_links":{"self":[{"href":"https:\/\/hynek.jason-drson.com\/index.php?rest_route=\/wp\/v2\/pages\/61","targetHints":{"allow":["GET"]}}],"collection":[{"href":"https:\/\/hynek.jason-drson.com\/index.php?rest_route=\/wp\/v2\/pages"}],"about":[{"href":"https:\/\/hynek.jason-drson.com\/index.php?rest_route=\/wp\/v2\/types\/page"}],"author":[{"embeddable":true,"href":"https:\/\/hynek.jason-drson.com\/index.php?rest_route=\/wp\/v2\/users\/1"}],"replies":[{"embeddable":true,"href":"https:\/\/hynek.jason-drson.com\/index.php?rest_route=%2Fwp%2Fv2%2Fcomments&post=61"}],"version-history":[{"count":1,"href":"https:\/\/hynek.jason-drson.com\/index.php?rest_route=\/wp\/v2\/pages\/61\/revisions"}],"predecessor-version":[{"id":63,"href":"https:\/\/hynek.jason-drson.com\/index.php?rest_route=\/wp\/v2\/pages\/61\/revisions\/63"}],"up":[{"embeddable":true,"href":"https:\/\/hynek.jason-drson.com\/index.php?rest_route=\/wp\/v2\/pages\/94"}],"wp:attachment":[{"href":"https:\/\/hynek.jason-drson.com\/index.php?rest_route=%2Fwp%2Fv2%2Fmedia&parent=61"}],"curies":[{"name":"wp","href":"https:\/\/api.w.org\/{rel}","templated":true}]}}