
{"id":72,"date":"2016-12-26T23:28:15","date_gmt":"2016-12-26T22:28:15","guid":{"rendered":"http:\/\/hynek.jason-drson.com\/?page_id=72"},"modified":"2016-12-26T23:54:02","modified_gmt":"2016-12-26T22:54:02","slug":"2010-10-20-dablicka-bludicka","status":"publish","type":"page","link":"https:\/\/hynek.jason-drson.com\/?page_id=72","title":{"rendered":"2010 10 20 \u010e\u00e1blick\u00e1 Bludi\u010dka"},"content":{"rendered":"<p><center><strong><span style=\"font-size: xx-large;\"><a href=\"http:\/\/www.jason-drson.com\/bludicka\/Vysledky_2010.xls\">V\u00fdsledky<\/a><\/span><\/strong><\/center><center><strong><span style=\"font-size: xx-large;\"><a href=\"http:\/\/jasondrson.rajce.idnes.cz\/Dablicka_Bludicka_2010\/\">Fotky<\/a><\/span><\/strong><\/center><center><\/center>&nbsp;<\/p>\n<div align=\"left\"><span style=\"font-size: small;\">A\u010d byl 20.\u0159\u00edjen lp. 2010 zam\u00fd\u0161len jako oslava Vendel\u00edn\u016f, Mari\u00ed Terezi\u00ed a osteoropor\u00f3zovc\u016f, oslavn\u011b n\u00e1m nakonec zafidlal Antonio Vivaldi.<br \/>\nVe ve\u010dern\u00edch a\u017e no\u010dn\u00edch hodin\u00e1ch se toti\u017e nad \u010e\u00e1blick\u00fdm h\u00e1jem vyst\u0159\u00eddalo \u010ctvero ro\u010dn\u00edch obdob\u00ed.<br \/>\nNejd\u0159\u00edve se p\u0159ihnal sv\u011b\u017e\u00ed jarn\u00ed de\u0161t\u00edk. Pot\u00e9 zadul podzim\u00ed v\u00edtr z hor v intenzit\u011b Cimrmanova divadeln\u00edho spolku Lipany. P\u0159ev\u00e1\u017en\u00e1 \u010d\u00e1st noci se\u00a0pak odehr\u00e1vala v re\u017eii m\u011bs\u00edce, kter\u00fd p\u0159i b\u011bhu h\u0159\u00e1l jak v l\u00e9t\u011b.<br \/>\nZimn\u00ed kr\u00e1su okenn\u00edch skel jste nakonec mohli sledovat v hospod\u011b Na M\u011blnick\u00e9.<br \/>\nO tom, \u017ee v\u00e1\u017en\u00e1 hudba a no\u010dn\u00ed orienta\u010dn\u00ed b\u011bh pat\u0159\u00ed k sob\u011b, n\u00e1s p\u0159esv\u011bd\u010dil Petr Ko\u017eina.<br \/>\nJako milovn\u00edk oper Anton\u00edna Dvo\u0159\u00e1ka si cht\u011bl procvi\u010dit sv\u016fj bas (mimo jin\u00e9).<br \/>\nPobl\u00ed\u017e kontroly 23 narazil na sv\u016fdnou, neod\u011bnou, neo\u010d\u00edslovanou bludi\u010dku. V domn\u011bn\u00ed, \u017ee je to Rusalka se v roli chl\u00edpn\u00e9ho vodn\u00edka bezhlav\u011b vrhl do nastra\u017een\u00e9ho rybn\u00ed\u010dka.<br \/>\nJeho pon\u011bkud bublaj\u00edc\u00ed \u00e1rije : &#8222;Uboh\u00e1 Rusalko bled\u00e1 &#8230;..!&#8220; byla sly\u0161et a\u017e\u00a0k skl\u00e1dce komun\u00e1ln\u00edho odpadu v B\u0159ezin\u011bvsi,\u00a0odkud\u00a0\u00a0pot\u00e9\u00a0narychlo odjelo n\u011bkolik nevypr\u00e1zdn\u011bn\u00fdch kukabus\u016f.<br \/>\nKdy\u017e dop\u011bl a zav\u0159ela se nad n\u00edm milosrdn\u00e1 voda, rozhodl se opustit sv\u011bt poh\u00e1dkov\u00fdch bytost\u00ed a <a href=\"http:\/\/jasondrson.rajce.idnes.cz\/Dablicka_Bludicka_2010\/#Bludicka_2010_075.jpg\">vr\u00e1til se k n\u00e1m do hospody<\/a>, co\u017e dosv\u011bd\u010dil <a href=\"http:\/\/jasondrson.rajce.idnes.cz\/Dablicka_Bludicka_2010\/#Bludicka_2010_104.jpg\">smrdutou mapou<\/a> a pr\u016fkazkou.<br \/>\nNa p\u0159\u00ed\u0161t\u00ed Bludi\u010dku pr\u00fd nastuduje dal\u0161\u00ed operu: \u010cert a K\u00e1\u010da. O tom jestli na z\u00e1dech ponese \u0161t\u00edhlou man\u017eelku Janu, nebo si cestou do pekel (\u010e\u00e1blic)\u00a0p\u0159ibere te\u017e\u0161\u00ed z\u00e1va\u017e\u00ed, se nezm\u00ednil.<br \/>\nObl\u00edben\u00fd rybn\u00ed\u010dek pak okusili i dal\u0161\u00ed borci. Jejich cht\u00ed\u010d v\u0161ak ovadl ji\u017e, kdy\u017e jim voda dostoupila k pasu.<br \/>\nNovinkou na leto\u0161n\u00ed bludi\u010dce byla mobiln\u00ed kontrola M28, kter\u00e9 se v\u00fdte\u010dn\u011b zhostil <a href=\"http:\/\/jasondrson.rajce.idnes.cz\/Dablicka_Bludicka_2010\/#Bludicka_2010_057.jpg\">Jirka v reflexn\u00ed vest\u011b<\/a>.<br \/>\nN\u011bkter\u00fdm z v\u00e1s d\u011blalo pot\u00ed\u017ee jak zam\u011b\u0159en\u00ed p\u0159esn\u00e9 dr\u00e1hy jeho dvounoh\u00e9ho vozu, tak vyrovnat se parametr\u016fm jeho motoru. Ten dle na\u0161eho certifikovan\u00e9ho m\u011b\u0159en\u00ed zrychloval z 0 na 10km\/h za pouh\u00e9 1,85 sekundy, a to nav\u00edc do kopce !<br \/>\nP\u0159esto jej ulovilo \u00factyhodn\u00fdch 29 bludi\u010d\u016f a bludi\u010dek.<br \/>\nDva nejrychlej\u0161\u00ed bludi\u010de z tr\u016fnu lo\u0148sk\u00fdch medajlist\u016f nikdo nesesadil.<br \/>\nTitul nejrychlej\u0161\u00edho sb\u011bra\u010de obh\u00e1jil <a href=\"http:\/\/jasondrson.rajce.idnes.cz\/Dablicka_Bludicka_2010\/#Bludicka_2010_094.jpg\">Vojta Hora<\/a>. Za n\u00edm o pouh\u00fdch 13 sekund dosvi\u0161t\u011bl <a href=\"http:\/\/jasondrson.rajce.idnes.cz\/Dablicka_Bludicka_2010\/#Bludicka_2010_094.jpg\">Ct\u00edba Sysel<\/a>, kter\u00fd m\u011bl loni zpo\u017ed\u011bn\u00ed 20 sekund. Jak vidno, jeho piln\u00fd celoro\u010dn\u00ed tr\u00e9nink je sakra zn\u00e1t. T\u0159et\u00ed dorazil Michal Hodek.<br \/>\nBednu v d\u011bv\u010datech si v tomto po\u0159ad\u00ed odnesla: <a href=\"http:\/\/jasondrson.rajce.idnes.cz\/Dablicka_Bludicka_2010\/#Bludicka_2010_088.jpg\">Simona Karochov\u00e1 <\/a>a nest\u00e1rnouc\u00ed veter\u00e1nky orienta\u010dn\u00edho b\u011bhu Jana Ko\u017einov\u00e1 a Magdi\u010dka Horov\u00e1.<br \/>\nV\u0161ech 27 kontrol sebralo v limitu \u00factyhodn\u00fdch 10 borc\u016f\/ky\u0148 (mezi nimi dv\u011b \u017eeny).<\/span><\/div>\n<p align=\"left\"><span style=\"font-size: small;\">Protokol:<br \/>\n<\/span><span style=\"font-size: small;\">74x \u017eiv\u00fdch bloudi\u010d\u016f\/ek<br \/>\n<\/span><span style=\"font-size: small;\">27x bludi\u010dek s kle\u0161t\u011bmi<br \/>\n<\/span><span style=\"font-size: small;\">5x <a href=\"http:\/\/jasondrson.rajce.idnes.cz\/Dablicka_Bludicka_2010\/#Bludicka_2010_070.jpg\">bludi\u010dek bez kle\u0161t\u00ed<\/a><br \/>\n<\/span><span style=\"font-size: small;\">1x mobiln\u00ed bludi\u010dka v reflexn\u00ed vest\u011b<br \/>\n<\/span><span style=\"font-size: small;\">3x organiz\u00e1to\u0159i (v\u010detn\u011b mobiln\u00ed)<br \/>\n<\/span><span style=\"font-size: small;\">2x o\u0161lehan\u00e9 holen\u011b<br \/>\n<\/span><span style=\"font-size: small;\">1x ztracen\u00e9 br\u00fdle, kter\u00e9 se snad na\u0161ly<br \/>\n<\/span><span style=\"font-size: small;\">1x rozpadl\u00e1 \u010delovka a vypadl\u00e9 baterky, kter\u00e9 sejmula \u0161\u0148\u016fra su\u0161\u00e1ku na pr\u00e1dlo<br \/>\n1x <a href=\"http:\/\/jasondrson.rajce.idnes.cz\/Dablicka_Bludicka_2010\/#Bludicka_2010_105.jpg\">p\u00e1r dost &#8222;jet\u00fdch&#8220; funk\u010dn\u00edch pono\u017eek <\/a>(majiteli, ozvi se )<\/span><\/p>\n<p align=\"left\"><span style=\"font-size: small;\">Pod\u011bkov\u00e1n\u00ed pat\u0159\u00ed v\u00fdpo\u010detn\u00edmu st\u0159edisku st\u0159ed, kter\u00e9 \u0159idila <a href=\"http:\/\/jasondrson.rajce.idnes.cz\/Dablicka_Bludicka_2010\/#Bludicka_2010_081.jpg\">Baru\u0161ka s Lidu\u0161kou<\/a>, motorov\u00e9 bludi\u010dce <a href=\"http:\/\/jasondrson.rajce.idnes.cz\/Dablicka_Bludicka_2010\/#Bludicka_2010_056.jpg\">Jirkovi<\/a>, <a href=\"http:\/\/jasondrson.rajce.idnes.cz\/Dablicka_Bludicka_2010\/#Bludicka_2010_051.jpg\">Tomovi<\/a> za jeho skv\u011bl\u00e9 <a href=\"http:\/\/doprava.praha-mesto.cz\/%284jcxu145bvdu2i2p1ktet545%29\/zdroj.aspx?typ=2&amp;Id=70558&amp;sh=-893846312\">cyklomapy Prahy <\/a>a M\u00edrovi za pomoc se sb\u011brem kontrol.<\/span><\/p>\n<p align=\"left\"><span style=\"font-size: small;\">No\u010dn\u00edk\u016fm zdar !<\/span><\/p>\n<p align=\"left\"><span style=\"font-size: small;\">Hynek <\/span><\/p>\n","protected":false},"excerpt":{"rendered":"<p>V\u00fdsledkyFotky&nbsp; A\u010d byl 20.\u0159\u00edjen lp. 2010 zam\u00fd\u0161len jako oslava Vendel\u00edn\u016f, Mari\u00ed Terezi\u00ed a osteoropor\u00f3zovc\u016f, oslavn\u011b n\u00e1m nakonec zafidlal Antonio Vivaldi. Ve ve\u010dern\u00edch a\u017e no\u010dn\u00edch hodin\u00e1ch se toti\u017e nad \u010e\u00e1blick\u00fdm h\u00e1jem vyst\u0159\u00eddalo \u010ctvero ro\u010dn\u00edch obdob\u00ed. Nejd\u0159\u00edve se p\u0159ihnal sv\u011b\u017e\u00ed jarn\u00ed de\u0161t\u00edk. Pot\u00e9 zadul podzim\u00ed v\u00edtr z hor v intenzit\u011b Cimrmanova divadeln\u00edho spolku Lipany. P\u0159ev\u00e1\u017en\u00e1 \u010d\u00e1st noci [&hellip;]<\/p>\n","protected":false},"author":1,"featured_media":0,"parent":94,"menu_order":0,"comment_status":"closed","ping_status":"closed","template":"","meta":{"footnotes":""},"class_list":["post-72","page","type-page","status-publish","hentry"],"_links":{"self":[{"href":"https:\/\/hynek.jason-drson.com\/index.php?rest_route=\/wp\/v2\/pages\/72","targetHints":{"allow":["GET"]}}],"collection":[{"href":"https:\/\/hynek.jason-drson.com\/index.php?rest_route=\/wp\/v2\/pages"}],"about":[{"href":"https:\/\/hynek.jason-drson.com\/index.php?rest_route=\/wp\/v2\/types\/page"}],"author":[{"embeddable":true,"href":"https:\/\/hynek.jason-drson.com\/index.php?rest_route=\/wp\/v2\/users\/1"}],"replies":[{"embeddable":true,"href":"https:\/\/hynek.jason-drson.com\/index.php?rest_route=%2Fwp%2Fv2%2Fcomments&post=72"}],"version-history":[{"count":1,"href":"https:\/\/hynek.jason-drson.com\/index.php?rest_route=\/wp\/v2\/pages\/72\/revisions"}],"predecessor-version":[{"id":74,"href":"https:\/\/hynek.jason-drson.com\/index.php?rest_route=\/wp\/v2\/pages\/72\/revisions\/74"}],"up":[{"embeddable":true,"href":"https:\/\/hynek.jason-drson.com\/index.php?rest_route=\/wp\/v2\/pages\/94"}],"wp:attachment":[{"href":"https:\/\/hynek.jason-drson.com\/index.php?rest_route=%2Fwp%2Fv2%2Fmedia&parent=72"}],"curies":[{"name":"wp","href":"https:\/\/api.w.org\/{rel}","templated":true}]}}