
{"id":786,"date":"2025-09-05T09:48:08","date_gmt":"2025-09-05T08:48:08","guid":{"rendered":"https:\/\/hynek.jason-drson.com\/?page_id=786"},"modified":"2025-10-21T08:49:18","modified_gmt":"2025-10-21T07:49:18","slug":"2025-10-18-hon-na-lisku","status":"publish","type":"page","link":"https:\/\/hynek.jason-drson.com\/?page_id=786","title":{"rendered":"2025 10 18 Hon na Li\u0161ku"},"content":{"rendered":"\n<div>Kdy\u017e jsem ti tehdy \u0159ekl ANO,<\/div>\n<div>bylo to s tebou kr\u00e1sn\u00e9 Jano.<\/div>\n<div>Pak u\u017e se v\u0161e jen mra\u010dilo,<\/div>\n<div>5 let SPOLU STA\u010cILO.<\/div>\n<div>STAN si te\u010f n\u011bkde postav\u00edm,<\/div>\n<div>kde to bude dob\u0159e v\u00edm.<\/div>\n<div>\u00a0<\/div>\n<div>Ano p\u0159\u00e1tel\u00e9, jak jste jist\u011b z jinotaje v\u00fd\u0161e uveden\u00fdch ver\u0161\u016f pochopili (a kter\u00e9 jsme si prop\u016fj\u010dili z pr\u016fkazu t\u00fdmu \u010d.12 VlaVla),\u00a0 naposledy jsme Li\u0161ku po\u0159\u00e1dali p\u0159ed 5 lety a tu\u0161\u00edme, \u017ee i vy si po sobotn\u00ed ta\u0161ka\u0159ici \u0159\u00edk\u00e1te, \u017ee to u\u017e &#8222;sta\u010dilo&#8220; (alespo\u0148 na dal\u0161\u00edch 5let).<\/div>\n<div>Sv\u00fdmi b\u00e1sn\u011bmi z kontroly \u010d.5 (ver\u0161e s alespo\u0148 3 n\u00e1zvy politick\u00fdch stran leto\u0161n\u00edch voleb) jste potvrdili nehynouc\u00ed um mal\u00e9ho \u010desk\u00e9ho n\u00e1roda s poetick\u00fdm nad\u00e1n\u00edm a politickou obrazotvornost\u00ed.\u00a0<\/div>\n<div>Pro pobaven\u00ed se m\u016f\u017eete pokochat <a href=\"https:\/\/drive.google.com\/file\/d\/1O_mNI7VfWvtptk6XX5U3Da4uCrqfWcGM\/view?usp=sharing\" target=\"_blank\" rel=\"noopener\">jak se t\u00e9matu chopily i dal\u0161\u00ed t\u00fdmy<\/a>.<\/div>\n<div>\u00a0<\/div>\n<div>Jak vidno z listiny v\u00fdsledkov\u00e9, honc\u016f Li\u0161ek se se\u0161lo o sobotn\u00edm dopoledni nepo\u010d\u00edtan\u011b, tedy na 35 dru\u017estev.<\/div>\n<div>Divem z\u016fst\u00e1v\u00e1, \u017ee i toto \u010d\u00edslo se navr\u00e1tilo z drsn\u00fdch roklinek bez jak\u00e9koliv \u00fajmy na zdrav\u00ed, duchu \u010di sebev\u011bdom\u00ed.\u00a0<\/div>\n<div>Mistry sv\u011bta v Honu na Li\u0161ku za rok 2025 v\u0161ak m\u016f\u017eou b\u00fdti jen jedni, i kdy\u017e s jen t\u011bsn\u00fdm n\u00e1skokem p\u0159ed dal\u0161\u00edmi sm\u00fd\u010dily. Proto se t\u011b\u0161te, \u017ee p\u0159\u00ed\u0161t\u00ed ro\u010dn\u00edk po\u0159\u00e1dati budou: &#8222;T\u0159i Mojm\u00ed\u0159i&#8220;, i kdy\u017e byli vlastn\u011b dva (Mark\u00e9ta Hokrov\u00e1 a Pavel Hokr).<\/div>\n<div>Dal\u0161\u00ed \u010dtvero t\u00fdmu p\u0159ekro\u010dilo hranici 1000 bod\u016f, co\u017e je jist\u011b \u00factyhodn\u00fd v\u00fdkon. Jen jedin\u00e1 grupa v\u0161ak sebrala a orazila v\u0161echny kontroly, tj. 24x \u010dm\u00e1rnuli voskovkou do pr\u016fkazu. Byla to trojice, kter\u00e1 m\u00e1 do hrobu je\u0161t\u011b daleko: &#8222;Skialp nad hrobem&#8220; (Jitka Akrmanov\u00e1, Honza Obu\u0161kevi\u010d a Pavel Kurz). Dle v\u00fdpo\u010detn\u00edho centra nejlep\u0161\u00edm chytrostn\u00edm t\u00fdmem (tj. s nejlep\u0161\u00edm pom\u011brem bod\u016f z dob\u0159e zodpov\u011bzen\u00fdch ot\u00e1zek ku bod\u016fm za kontrolu) byl vyhodnocen t\u00fdm Alpin 3 (Eva Hokrov\u00e1. Lenka Hokrov\u00e1 a Pavel Troj\u00e1nek). Jejich koeficient \u010dinil 0,6087, co\u017e je v\u00fdkon, nad kter\u00fdm z\u016fst\u00e1v\u00e1 rozum st\u00e1t.<\/div>\n<div>\u00a0<\/div>\n<div>V hvozdy koko\u0159\u00ednsk\u00e9 se Li\u0161ky vydala lovit i dru\u017estva \u0161kol\u00e1k\u016f a p\u0159ed\u0161kol\u00e1k\u016f, kter\u00e1 mistrn\u011b zvl\u00e1dla tra\u0165 se zapeklit\u00fdmi kv\u00edzy, tajemn\u011b blikaj\u00edc\u00edmi li\u0161\u010d\u00edmi oky i pam\u011b\u0165ov\u00fdmi testy. Po kontrole pr\u016fkazu do\u0161lo ke korekci jist\u00fdch bod\u016f a k posunu t\u00fdm\u016f ve v\u00fdsledovce. Proto t\u00edmto m\u00edstop\u0159\u00edse\u017en\u011b d\u00e1v\u00e1m svolen\u00ed ku retu\u0161i diplom\u016f, kter\u00e9 bez postihu m\u016f\u017eete prov\u00e9sti a t\u00edm i na pravou m\u00edru uv\u00e9sti.<\/div>\n<div>\u00a0<\/div>\n<div>Hold pat\u0159\u00ed v\u0161em odv\u00e1\u017en\u00fdm, kdo\u017e se sobotn\u00edho kl\u00e1n\u00ed Li\u0161ek z\u00fa\u010dastnili a svaly kon\u010detinov\u00e9 \u010di mozkov\u00e9 pot\u00fdrali.<\/div>\n<div>D\u00edk velk\u00fd pat\u0159\u00ed pomocn\u00edk\u016fm piln\u00fdm pe\u010dliv\u00fdm a trp\u011bliv\u00fdm, kte\u0159\u00ed ruku k d\u00edlu zd\u00e1rn\u00e9mu p\u0159ilo\u017eili:<\/div>\n<div>U registrace, vyhodnocov\u00e1n\u00ed a vyhla\u0161ovan\u00ed vid\u011bti jste mohli: Lucku alias Vi\u0161\u0148u, Pavl\u00ednu a holky z \u0161koly p\u0161ovsk\u00e9. V c\u00edli v\u00e1s p\u0159iv\u00edtal a \u010das pe\u010dliv\u011b zapisoval Martin V.. Hr\u00e1tky vzdu\u0161n\u011b lanov\u00e9 p\u0159ipravil a na bezpe\u010dnost va\u0161i dbal Martin \u0160.. V hosp\u016fdce bosy\u0148sk\u00e9 v\u00e1s obsluhovala Pavla &#8211; \u0161enk\u00fd\u0159ka vl\u00eddn\u00e1 s ans\u00e1mblem sehran\u00fdm. Honzovi d\u00edky za zap\u016fj\u010den\u00ed \u00fa\u017easn\u00fdch programovateln\u00fdch blika\u010dek a Ivan\u011b za sb\u011br kontrol.<\/div>\n<div>\u00a0<\/div>\n<div>Do va\u0161ich nor v\u00e1s v\u0161echny zdrav\u00ed\u00a0<\/div>\n<div>\u00a0<\/div>\n<div>Hynek co Sesko\u010dil z rud\u00e9 sk\u00e1ly a vyrazil si dech\u00a0<\/div>\n<div>a<\/div>\n<div>Adam co Sk\u00e1kal p\u0159es ohe\u0148 a\u017e si prop\u00e1lil mokas\u00edny<\/div>\n<div>\u00a0<\/div>\n<div><b><u>V\u00fdsledky Honu na Li\u0161ku 18.10.2025<\/u><\/b>:<a href=\"https:\/\/drive.google.com\/file\/d\/1PP_nenBV_aFxrhHQpf3yTOUeGG6g2ZK6\/view?usp=sharing\" target=\"_blank\" rel=\"noopener\"> <b>Dosp\u011bl\u00ed<\/b><\/a><b>, <a href=\"https:\/\/drive.google.com\/file\/d\/1VRq_rs6c0uuD2je0U045zNS7rRWtWijt\/view?usp=sharing\" target=\"_blank\" rel=\"noopener\">D\u011bti<\/a><\/b><\/div>\n<div>\u00a0<\/div>\n<div><a href=\"https:\/\/drive.google.com\/file\/d\/1uolNC2lUaighNSqW-c2RxAs_yx2d9_Uh\/view?usp=sharing\" target=\"_blank\" rel=\"noopener\">Ot\u00e1zky dosp\u011bl\u00ed<\/a>, <a href=\"https:\/\/drive.google.com\/file\/d\/1DHITM4Emw75qfNHZxLjeAweOSEs4sJif\/view?usp=sharing\" target=\"_blank\" rel=\"noopener\">Spr\u00e1vn\u00e9 odpov\u011bdi<\/a><\/div>\n<div>\u00a0<\/div>\n<div>&#8230;. a na z\u00e1v\u011br trocha poezie od t\u00fdmu CZAR:<\/div>\n<div>\u00a0<\/div>\n<div>V Koko\u0159\u00edn\u011b je kr\u00e1sn\u011b to je jist\u00e9<\/div>\n<div>jezd\u00ed sem SPOLU i MOTORIST\u00c9.<\/div>\n<div>Na pl\u00e1\u017ei u Harasova<\/div>\n<div>stav\u00ed si Turek STAN zas a znova.<\/div>\n<div>Kol\u00edky m\u00edsto palic\u00ed<\/div>\n<div>zatlouk\u00e1 zdvi\u017eenou pravic\u00ed<\/div>\n<div>Po str\u00e1n\u00edch b\u011bhaj\u00ed jeleni<\/div>\n<div>s pu\u0161kou je lov\u00ed ZELEN\u00cd<\/div>\n<div>Fiala s Macinkou pop\u00edj\u00ed Mat\u00f3ni,<\/div>\n<div>z b\u0159ehu je sleduj\u00ed ru\u0161t\u00ed \u0161pi\u00f3ni.<\/div>\n<div>Snad jim dovolenou nezhat\u00ed<\/div>\n<div>po \u0159ece pluj\u00edc\u00ed PIR\u00c1TI.<\/div>\n<p>\u00a0<\/p>\n<p>\u00a0<\/p>\n<p>\u00a0<\/p>\n<p><strong>Pozv\u00e1nka:<\/strong><\/p>\n<p><em><strong>Motto:\u00a0 \u201cSpr\u00e1vn\u00fd Li\u0161\u00e1k je chytr\u00fd jak li\u0161ka, dob\u0159e se orientuje v\u00a0ter\u00e9nu a\u00a0 mapa je jeho kamar\u00e1d. Nav\u00edc je spole\u010densk\u00fd a tuze se t\u011b\u0161\u00ed na bloud\u011bn\u00ed v tlup\u011b dvou a v\u00edce\u201d<\/strong><\/em><\/p>\n<p align=\"center\"><strong>Na v\u011bdomost se d\u00e1v\u00e1 v\u0161em Li\u0161k\u00e1m, Li\u0161\u00e1k\u016fm, Li\u0161\u010dat\u016fm, jako\u017e i jin\u00e9 hav\u011bti, \u017ee<\/strong><\/p>\n<p align=\"center\"><strong>53. ro\u010dn\u00edk Honu na Li\u0161ku<\/strong><\/p>\n<p align=\"center\"><strong>konati se bude v sobotu dne 18.\u0159\u00edjna 2025.<\/strong><\/p>\n<p align=\"center\">Registrace otev\u0159ena bude <strong>od 9:00 <a href=\"https:\/\/mapy.com\/s\/pupajumone\" target=\"_blank\" rel=\"noopener\">v hosp\u016fdce v Bosyni (\u010dp. 49, GPS: 50.4139350N, 14.5493986E)<\/a><\/strong><\/p>\n<p>Honci dosp\u011bl\u00ed od hodiny dev\u00e1t\u00e9 postupn\u011b vypu\u0161t\u011bni budou po dru\u017estvech, jen\u017e minim\u00e1ln\u011b 2 p\u00e1r\u016f noh m\u00edti mus\u00ed.<\/p>\n<p>Li\u0161\u010dat \u010das ku zdol\u00e1n\u00ed trati d\u011btsk\u00e9 pak nastane od hodiny des\u00e1t\u00e9 dopoledn\u00ed. Trasa vybavena bude kv\u00edzy pro d\u011bcka mal\u00e1 a\u017e p\u0159ed\u0161koln\u00ed a z\u00e1rove\u0148 i pro ml\u00e1de\u017e \u0161koln\u00ed \u010dili zku\u0161en\u011bj\u0161\u00ed. D\u011bcka mal\u00e1 v doprovodu rodi\u010d\u016f v les vyraziti sm\u00ed.<\/p>\n<p>Jeliko\u017e \u0161m\u00edrov\u00e1n\u00ed li\u0161ek v\u00a0doupatech a skal\u00e1ch odehr\u00e1vati se bude, pom\u016fcek n\u00e1sleduj\u00edc\u00edch pro pln\u011bn\u00ed \u00fakol\u016f na dru\u017estvo dosp\u011bl\u00fdch hbit\u00e9 jest po\u017eadov\u00e1no:<\/p>\n<p>\u2013\u00a0\u00a0\u00a0\u00a0\u00a0\u00a0\u00a0\u00a0\u00a0 1x sed\u00e1k horolezeck\u00fd, 1x zamykac\u00ed karabina, 1x smyce, 1x osma \u010di jin\u00e9 sla\u0148ovadlo \u00a0 (lozen\u00ed neplat\u00ed pro d\u011bcka)<\/p>\n<p>\u2013 \u00a0 \u00a0 \u00a0 \u00a0 \u00a0 jest budou kontroly n\u011bkter\u00e9 obohaceny o snadn\u00e9 lozen\u00ed po sosn\u00e1ch \u010di haluz\u00edch rozsochat\u00fdch. Pro vyznava\u010de technik zabezpe\u010dovac\u00edch, jen\u017e ji\u0161t\u011bn\u00ed zbo\u017e\u0148uj\u00ed, jest mo\u017eno i k tomuto n\u00e1\u010din\u00ed si s sebou vz\u00edti (kup\u0159\u00edkladu lano).<\/p>\n<p>\u2013\u00a0\u00a0\u00a0\u00a0\u00a0\u00a0\u00a0\u00a0\u00a0 Jest umo\u017en\u011bno t\u011bm, jim\u017e lozen\u00ed ve v\u00fd\u0161k\u00e1ch ne\u0161timuje a vybaven\u00edm t\u00edmto nedisponuj\u00ed, odlovu li\u0161ek se takt\u00e9\u017e z\u00fa\u010dastniti. M\u00edsta technik lozi\u010dsk\u00fdch po\u017eaduj\u00edc\u00edch (i stromov\u00fdch) v\u00a0map\u011b zakreslena p\u0159edem budou a \u00a0t\u00edm jest mo\u017enost hr\u00e1tk\u00e1m vzdu\u0161n\u00fdm se vyhnouti a um sv\u016fj na kontroly jin\u00e9 koncentrovati. Av\u0161ak ot\u00e1zky li\u0161\u010d\u00ed plniti na t\u011bchto kontrol\u00e1ch umo\u017en\u011bno bude. U kontrol t\u011bchto op\u00e1\u010dn\u011b se to chyst\u00e1. Li\u0161ka viditeln\u00e1 a jednodu\u0161e vyzna\u010dena bude a brk ku ozna\u010den\u00ed pr\u016fkazu bude na m\u00edst\u011b, kde \u00fasil\u00ed jest nutno podat.<\/p>\n<p>D\u00e1le tlumok honc\u016f nesm\u00ed postr\u00e1dati:<\/p>\n<p>\u2013\u00a0\u00a0\u00a0\u00a0\u00a0\u00a0\u00a0\u00a0\u00a0 tu\u017eku psac\u00ed a vlhkosti odol\u00e1vaj\u00edc\u00ed, pergamen<\/p>\n<p>N\u00e1stroje a pom\u016fcky doporu\u010den\u00e9:<\/p>\n<p>\u2013\u00a0\u00a0\u00a0\u00a0\u00a0\u00a0\u00a0\u00a0\u00a0 r\u016f\u017eice magnetick\u00e1 ku severu v\u017edy m\u00ed\u0159\u00edc\u00ed<\/p>\n<p>\u2013\u00a0\u00a0\u00a0\u00a0\u00a0\u00a0\u00a0\u00a0\u00a0 sva\u010dina vydatn\u00e1 a lektvar posiluj\u00edc\u00ed<\/p>\n<p>\u2013\u00a0\u00a0\u00a0\u00a0\u00a0\u00a0\u00a0\u00a0\u00a0 obal nepromokav\u00fd na mapu jen\u017e velikost\u00ed p\u00edsmena A a \u010d\u00edslem 3 opl\u00fdvati bude<\/p>\n<p>N\u00e1stroje a pom\u016fcky zapov\u011bzen\u00e9:<\/p>\n<p>\u2013\u00a0\u00a0\u00a0\u00a0\u00a0\u00a0\u00a0\u00a0\u00a0 mobiln\u00edch p\u0159\u00edstroj\u016f prstem hon\u011bn\u00ed a rozum\u016f tak z\u00edsk\u00e1v\u00e1n\u00ed jest zapov\u011bzeno a krabi\u010dka pekeln\u00e1 tak nejl\u00e9pe v tlumoku nach\u00e1zeti se doporu\u010duje ve vypnut\u00e9m stavu p\u0159ipravena ku p\u0159ivol\u00e1n\u00ed pomoci<\/p>\n<p>\u2013\u00a0\u00a0\u00a0\u00a0\u00a0\u00a0\u00a0\u00a0\u00a0 p\u0159istroje fotografick\u00e9 jako\u017e i jin\u00e1 za\u0159\u00edzen\u00ed z\u00e1znamov\u00e1 nesm\u00ed b\u00fdti pou\u017eita pro pln\u011bn\u00ed \u00fakol\u016f<\/p>\n<p>Honcovn\u00e9 ku kl\u00e1n\u00ed oprav\u0148uj\u00edc\u00ed jest stanoveno na 200 zlat\u00fdch na tlupu vzrostl\u00fdch. Po sme\u010dce d\u011btsk\u00e9 pak 150 zlatek po\u017eadov\u00e1no bude.<\/p>\n<p>V \u00fatrob\u00e1ch restaurace \u00fatuln\u00e9 se pak zdr\u017ete konzumace j\u00eddel a lektvar\u016f dovezen\u00fdch a rad\u011bji od \u0161enk\u00fd\u0159ky vl\u00eddn\u00e9 \u017e\u00e1dejte krm\u011b lahodn\u00e9 a n\u00e1poje osv\u011b\u017euj\u00edc\u00ed.<\/p>\n<p>Pokrmy chutn\u00e9 rozli\u010dn\u00e9ho druhu p\u0159ipraveny budou (bosy\u0148sk\u00fd gul\u00e1\u0161ek s pol\u00e9vkou v\u00fd\u017eivnou) za pen\u00edz rozumn\u00fd. By krm\u011b dostatek p\u0159ipraven byl a i honce posledn\u00edho zasytil, v\u00fd\u0161kr\u00e1bn\u011bte v pergamen p\u0159ihla\u0161ovac\u00ed \u00famysl sv\u016fj nacpat b\u0159ich v \u0161enku bosy\u0148sk\u00e9m.\u00a0<\/p>\n<p>P\u0159ihl\u00e1\u0161ky p\u0159ij\u00edm\u00e1ny budou do doby p\u016flno\u010dn\u00ed dne 15.\u0159\u00edjence by map tisk barevn\u00fd zaji\u0161t\u011bn byl. Jen ten, kdo v listin\u011b startovn\u00ed zaregistrov\u00e1n do tohoto \u010dasu bude, s mapou li\u0161\u010d\u00ed na procent sto po\u010d\u00edtati m\u016f\u017ee. Ostatn\u00edm nezb\u00fdv\u00e1 ne\u017e doufati, \u017ee jak\u00e1s mapa zbude, \u010di mohou v pam\u011b\u0165 svoji m\u00edsta v map\u011b si zapamatovati. V\u0161ak jen jedinec nadan\u00fd schopnost\u00ed obraznicovou vybaven\u00fd toto zvl\u00e1dnouti um\u00ed a v kraji \u0161\u00edr\u00e9m jen jak \u0161afr\u00e1nu borc\u016f takov\u00fdch zem slyne.<br \/>\u00a0\u00a0<br \/>P\u0159ihl\u00e1\u0161ky vy\u0161krabujte v desku internetovou je\u017e nalinkov\u00e1na jest <a href=\"https:\/\/docs.google.com\/forms\/d\/e\/1FAIpQLSdpbDCmfAsMLumxtX-l_blu4ECyeB8Cw0sW_gow3iUbUWGPFw\/viewform?usp=header\" target=\"_blank\" rel=\"noopener\">ZDE.<\/a><\/p>\n<p>Listina p\u0159ihl\u00e1\u0161en\u00fdch.<\/p>\n<p>\u00a0<\/p>\n\n\n\n\n","protected":false},"excerpt":{"rendered":"<p>Kdy\u017e jsem ti tehdy \u0159ekl ANO, bylo to s tebou kr\u00e1sn\u00e9 Jano. Pak u\u017e se v\u0161e jen mra\u010dilo, 5 let SPOLU STA\u010cILO. STAN si te\u010f n\u011bkde postav\u00edm, kde to bude dob\u0159e v\u00edm. \u00a0 Ano p\u0159\u00e1tel\u00e9, jak jste jist\u011b z jinotaje v\u00fd\u0161e uveden\u00fdch ver\u0161\u016f pochopili (a kter\u00e9 jsme si prop\u016fj\u010dili z pr\u016fkazu t\u00fdmu \u010d.12 VlaVla),\u00a0 naposledy [&hellip;]<\/p>\n","protected":false},"author":1,"featured_media":0,"parent":0,"menu_order":0,"comment_status":"closed","ping_status":"closed","template":"","meta":{"footnotes":""},"class_list":["post-786","page","type-page","status-publish","hentry"],"_links":{"self":[{"href":"https:\/\/hynek.jason-drson.com\/index.php?rest_route=\/wp\/v2\/pages\/786","targetHints":{"allow":["GET"]}}],"collection":[{"href":"https:\/\/hynek.jason-drson.com\/index.php?rest_route=\/wp\/v2\/pages"}],"about":[{"href":"https:\/\/hynek.jason-drson.com\/index.php?rest_route=\/wp\/v2\/types\/page"}],"author":[{"embeddable":true,"href":"https:\/\/hynek.jason-drson.com\/index.php?rest_route=\/wp\/v2\/users\/1"}],"replies":[{"embeddable":true,"href":"https:\/\/hynek.jason-drson.com\/index.php?rest_route=%2Fwp%2Fv2%2Fcomments&post=786"}],"version-history":[{"count":26,"href":"https:\/\/hynek.jason-drson.com\/index.php?rest_route=\/wp\/v2\/pages\/786\/revisions"}],"predecessor-version":[{"id":867,"href":"https:\/\/hynek.jason-drson.com\/index.php?rest_route=\/wp\/v2\/pages\/786\/revisions\/867"}],"wp:attachment":[{"href":"https:\/\/hynek.jason-drson.com\/index.php?rest_route=%2Fwp%2Fv2%2Fmedia&parent=786"}],"curies":[{"name":"wp","href":"https:\/\/api.w.org\/{rel}","templated":true}]}}