
{"id":806,"date":"2025-09-15T19:19:06","date_gmt":"2025-09-15T18:19:06","guid":{"rendered":"https:\/\/hynek.jason-drson.com\/?page_id=806"},"modified":"2025-10-24T10:20:09","modified_gmt":"2025-10-24T09:20:09","slug":"2025-10-23-dablicka-bludicka","status":"publish","type":"page","link":"https:\/\/hynek.jason-drson.com\/?page_id=806","title":{"rendered":"2025 10 23 \u010e\u00e1blick\u00e1 Bludi\u010dka"},"content":{"rendered":"\n<p><strong>Zhodnocen\u00ed:<br \/><br \/><\/strong>45 bludi\u010d\u016f a bludi\u010dek<br \/>23 kontrol<br \/>1 de\u0161t\u00ed\u010dek, co brzy ustal<br \/>1 ztracen\u00fd pr\u016fkaz, co se na\u0161el<br \/>2 bludi\u010di byli v hospod\u011b zp\u011bt do hodiny<br \/>3 bludi\u010di se kochali v h\u00e1ji p\u0159es 3 hodiny<\/p>\n<p>Mistrem sv\u011bta v pob\u00edh\u00e1n\u00ed po \u010e\u00e1bli\u010d\u00e1ku za rok 2025 se st\u00e1v\u00e1 p\u0159ikladn\u00fd usp\u00e1va\u010d sv\u00fdch d\u011bt\u00ed (na Bludi\u010dku dorazil a\u017e po odvypr\u00e1v\u011bn\u00ed poh\u00e1dek) Borek Sysel, jen\u017e v \u010dase 58:12 i s pobloud\u011bn\u00edm t\u011bsn\u011b p\u0159edstihl Ale\u0161e Balcara (59:36). <a href=\"https:\/\/www.rajce.idnes.cz\/jasondrson\/album\/2025-10-23-dablicka-bludicka\/1694806567\" target=\"_blank\" rel=\"noopener\">Ale\u0161<\/a> se v\u0161ak st\u00e1v\u00e1 v\u00edt\u011bzem v po\u010dtu km, kter\u00e9 zdolal, aby se dostal na start (p\u0159ijel a\u017e z Hradce Kr\u00e1lov\u00e9). O p\u00e1r minut za &#8222;podhodinov\u00fdmi&#8220; b\u011bhouny dorazil t\u0159et\u00ed Vojta Hora a brambora zbyla na Myro Kov\u00e1\u0159e. Nejrychlej\u0161\u00ed d\u00e1mou byla pak Marcelka, p\u0159ed Janou a Vandou. Nejmlad\u0161\u00edm \u00fa\u010dastn\u00edkem v doprovodu ta\u0165ky byl <a href=\"https:\/\/www.rajce.idnes.cz\/jasondrson\/album\/2025-10-23-dablicka-bludicka\/1694806595\" target=\"_blank\" rel=\"noopener\">Ma\u0165o Marek<\/a>. Nejmlad\u0161\u00edm b\u011b\u017ecem bez doprovodu byl <a href=\"https:\/\/www.rajce.idnes.cz\/jasondrson\/album\/2025-10-23-dablicka-bludicka\/1694806568\" target=\"_blank\" rel=\"noopener\">Sk\u00e1kal p\u0159es ohe\u0148 a\u017e si prop\u00e1lil mokas\u00edny.<\/a> Nejhez\u010d\u00ed <a href=\"https:\/\/www.rajce.idnes.cz\/jasondrson\/album\/2025-10-23-dablicka-bludicka\/1694810308\" target=\"_blank\" rel=\"noopener\">pr\u016fkaz s kr\u00e1sn\u011b vypastelkovan\u00fdmi \u010d\u00edsly <\/a>odevzdal  reprezentant Korejsk\u00e9 republiky (ji\u017en\u00ed) <a href=\"https:\/\/www.rajce.idnes.cz\/jasondrson\/album\/2025-10-23-dablicka-bludicka\/1694806590\">Kyohoon Ahn<\/a>. Orien\u0165\u00e1ckou mapu dr\u017eel poprv\u00e9 a nau\u010dil m\u011b korejsky ahoj. Pod\u011bkov\u00e1n\u00ed pat\u0159\u00ed vypo\u010detn\u00edmu a registra\u010dn\u00edmu centru <a href=\"https:\/\/www.rajce.idnes.cz\/jasondrson\/album\/2025-10-23-dablicka-bludicka\/1694806571\" target=\"_blank\" rel=\"noopener\">veden\u00e9m Evi\u010dkou<\/a>.<\/p>\n<p>D\u00edky v\u0161em, \u017ee jste p\u0159i\u0161li uct\u00edt Avogadrovu konstantu !\u00a0<\/p>\n<p>a\u00a0<\/p>\n<p>Annyeong !!\u00a0 \ud83d\ude42<\/p>\n<p><a href=\"https:\/\/drive.google.com\/file\/d\/1O7qgvyNlGGe27ge-blDD9e630q-Pv57M\/view?usp=sharing\" target=\"_blank\" rel=\"noopener\">V\u00fdsledky Bludi\u010dka 2025<\/a><\/p>\n<p><a href=\"https:\/\/www.rajce.idnes.cz\/jasondrson\/album\/2025-10-23-dablicka-bludicka\" target=\"_blank\" rel=\"noopener\">Fotky Bludi\u010dka 2025<\/a><\/p>\n<p>\u00a0<\/p>\n<p>\u00a0<\/p>\n<p>\u00a0<\/p>\n<p><strong>Pozv\u00e1nka:<br \/>\u010e\u00e1blick\u00e1 Bludi\u010dka (\u010dtvrtek, 23.10.2025 \u2013 21.no\u010dn\u00edk) aneb pro\u010d prvn\u00ed mol vystartuje 23.10. v 6:02PM<\/strong><\/p>\n<p>Zveme v\u0161echny p\u0159\u00edznivce hmyzu, aby no\u010dn\u00edm orienta\u010dn\u00edm b\u011bhem \u010e\u00e1blick\u00fdm h\u00e1jem oslavili mezin\u00e1rodn\u00ed den mol\u016f. Inspir\u00e1torem tohoto dne byl popr\u00e1vu d\u011bde\u010dek J\u00e1ry Cimrmana, kter\u00fd se za sv\u00e9ho pobytu v Tur\u00edn\u011b v polovin\u011b 19.stolet\u00ed pravideln\u011b setk\u00e1val nad odpoledn\u00edm capuccinem s ne p\u0159ili\u0161 \u00fasp\u011b\u0161n\u00fdm v\u011bdcem Amedeem Avogadrem (cel\u00e9 jm\u00e9no Lorenzo Romano Amedeo Carlo Avogadro di Quaregna e Cerreto). Cimrman sledoval chab\u00e9 pokusy Avogadra s elektromagnetickou indukc\u00ed a doslova \u0161kol\u00e1ck\u00e9 chyby s experimenty v oblasti elektrochemie. V\u0161iml si v\u0161ak, \u017ee jeho p\u0159\u00edtel Amedeus vynik\u00e1 v matematick\u00e9 zru\u010dnosti. Zejm\u00e9na pak v pr\u00e1ci s kuli\u010dkov\u00fdm po\u010d\u00edtadlem (abakusem) dosahoval pozoruhodn\u00fdch v\u00fdsledk\u016f. Cimrman tak v dob\u011b, kter\u00e1 postr\u00e1dala v\u00fdpo\u010detn\u00ed kapacitu, vyu\u017eil Avogadrovy schopnosti k ji\u017e dlouho pl\u00e1novan\u00e9mu z\u00e1m\u011bru spo\u010d\u00edtat po\u010det molekul v mal\u00e9m objemu plynu. Avogadro se n\u011bkolikr\u00e1t Cimrmana dotazoval, jak\u00fd plyn m\u00e1 b\u00fdt pou\u017eit k v\u00fdpo\u010dt\u016fm. Unaven\u00fd Cimrman jen m\u00e1vl rukou a odbyl Amedea slovy: \u201cTo m\u00e1\u0161 jedno, v\u0161echny jsou stejn\u00e9\u201d. Dodnes nen\u00ed jasn\u00e9, jestli h\u016f\u0159e sly\u0161\u00edc\u00ed Cimrman reagoval na plyny, nebo na nedokon\u010den\u00fd p\u0159edchoz\u00ed hovor o \u017een\u00e1ch a man\u017eelk\u00e1ch. Punt\u00ed\u010dk\u00e1\u0159sk\u00fd Avogadro si Cimmanova slova zapsal a pozd\u011bji drze rozvinul v tzv. Avogadr\u016fv z\u00e1kon: \u201c Stejn\u00e9 objemy v\u0161ech plyn\u016f obsahuj\u00ed za stejn\u00e9ho tlaku a teploty v\u017edy stejn\u00fd po\u010det molekul\u201c. Bohu\u017eel d\u011bde\u010dka opomn\u011bl jakkoliv citovat. Avogadrovi se v\u0161ak jeho ne\u010destnost vr\u00e1tila. Ani za dvacet t\u0159i let tvrd\u00e9 pr\u00e1ce se mu toti\u017e na abakusu nepoda\u0159ilo se\u010d\u00edst v\u0161echny molekuly, a v roce 1856 um\u00edr\u00e1 s rozdr\u00e1san\u00fdmi prsty od p\u0159esouv\u00e1n\u00ed kuli\u010dek.<\/p>\n<p>Cimrman\u016fv d\u011bde\u010dek po dlouh\u00e1 l\u00e9ta pe\u010dliv\u011b st\u0159e\u017eil geni\u00e1ln\u00ed my\u0161lenku jak zjednodu\u0161ovat v\u00fdpo\u010dty chemick\u00fdch rovnic pomoc\u00ed mol\u016f. Jeho syn (otec J\u00e1ry), kter\u00e9mu jeho t\u00e1ta tajemstv\u00ed p\u0159edal, v\u0161ak neudr\u017eel jazyk za zuby a z\u00e1kladn\u00ed principy vysv\u011btlil sv\u00e9mu spolubydl\u00edc\u00edmu Johannu Josefu Loschmidtovi. Tento star\u00fd v\u00edde\u0148\u00e1k narozen\u00fd v Karlov\u00fdch Varech se hned pustil do pokra\u010dov\u00e1n\u00ed s\u010d\u00edt\u00e1n\u00ed molekul v jednom krychlov\u00e9m centimetru. Po dlouh\u00fdch 36 letech po\u010d\u00edt\u00e1n\u00ed, b\u011bhem kter\u00e9ho mu narostl dlouh\u00fd plnovous, kone\u010dn\u011b do\u0161el k v\u00fdsledku. V odborn\u00fdch kruz\u00edch zn\u00e1m\u00e9mu jako tzv. Loschmidtova konstanta. V literatu\u0159e se bohu\u017eel nesetk\u00e1me ani s n\u00e1znakem vd\u011bku Cimramanov\u011b rodin\u011b v tak podstatn\u00e9m objevu.<\/p>\n<p>Jedin\u00fdm zadostiu\u010din\u011bn\u00edm je pak rok 2019, kdy 144. Gener\u00e1ln\u00ed konference pro m\u00edry a v\u00e1hy, na n\u00e1tlak buditel\u016f J\u00e1ry Cimrmana, definitivn\u011b zvolila uhl\u00edk C12\/6 jako zdroj pro ur\u010den\u00ed Avogadro-Cimrmanovy konstanty.<\/p>\n<p>Nutno podotknout, \u017ee pr\u00e1v\u011b uhl\u00edk C12\/6 byl i kl\u00ed\u010dov\u00fdm k zji\u0161t\u011bn\u00ed, kdy se J\u00e1ra Cimrman p\u0159ist\u011bhoval do Lipt\u00e1kova (bylo to na podzim roku 1906 plus m\u00ednus 200 let).<\/p>\n<p>Na po\u010dest J\u00e1ry Cimrmana, kter\u00fd prosazoval zapamatovatelnost d\u016fle\u017eit\u00fdch \u00fadaj\u016f pomoc\u00ed mnemotechnick\u00fdch pom\u016fcek (aby se to v \u017e\u00e1kovsk\u00fdch kn\u00ed\u017ek\u00e1ch hem\u017eilo jen jedni\u010dkami a nedoch\u00e1zelo k sebevra\u017ed\u00e1m \u0161koln\u00edch inspektor\u016f) je od roku 2017\u00a0 23.\u0159\u00edjen vyhl\u00e1\u0161en jako &#8222;International Mole Day&#8220; a to od 6:02AM do 6:02PM.\u00a0<\/p>\n<p>Pozn\u00e1mka: V\u00edde\u0148sk\u00fd profesor F\u00eddler p\u0159i pokusu p\u0159i\u017eivit se na sl\u00e1v\u011b J\u00e1ry Cimrmana p\u0159elo\u017eil tento den jako: &#8222;Mezin\u00e1rodn\u00ed krtk\u016fv den&#8220;, co\u017e ho op\u011bt usv\u011bd\u010duje jak z ostudn\u00e9 neznalosti fyziky, tak i z angli\u010dtiny.\u00a0\u00a0<\/p>\n\n\n\n<p><strong>O CO JDE:<\/strong><\/p>\n<p>B\u011bhem \u010di ch\u016fz\u00ed se m\u016f\u017eete pobavit bloud\u011bn\u00edm v h\u00e1ji, hled\u00e1n\u00edm n\u011b\u010deho ve tm\u011b, v lese, v d\u00ed\u0159e, v j\u00e1m\u011b \u010f\u00e1blov\u011b, v r\u00fdze, v hustniku, v pelechu bezdomovce, za hromadou d\u0159eva, na sk\u00e1le \u010di v rybn\u00ed\u010dku a sou\u010dasn\u011b oslavit i Avogadro-Cimrmanovu konstantu.<\/p>\n<p><strong>KDY:<\/strong> <strong>v \u010dtvrtek 23.10.2025<\/strong>, start otev\u0159en od 18:00 do 19:30<\/p>\n<p><strong>KDE:\u00a0<\/strong>restaurace Na M\u011blnick\u00e9 v \u010e\u00e1blic\u00edch (naproti h\u0159bitovu). Restaurace se nach\u00e1z\u00ed na rozhran\u00ed ulic O\u0159echov\u00e1 a \u010e\u00e1blick\u00e1: GPS: [50\u00b08\u20194.707\u2033N, 14\u00b028\u201939.846\u2033E].<\/p>\n<p>Odkaz na mapu:\u00a0<a href=\"https:\/\/mapy.com\/s\/mufujosafu\" target=\"_blank\" rel=\"noreferrer noopener\">ZDE<\/a><\/p>\n<p><strong>\u00a0JAK\u00a0se tam dostat ?:<\/strong> Dostanete se tam bud p\u011b\u0161ky od metra Ladv\u00ed (1,5km), nebo St\u0159\u00ed\u017ekov (1km), tramvaj\u00ed (10) nebo autobusy (103, 183, 348, 349, 369).<\/p>\n<p><strong>CO TAM ?<\/strong> : Krom\u011b sm\u00fd\u010den\u00ed lesa a hustn\u00edk\u016f, restaurace Na M\u011blnick\u00e9 \u010depuje Gambrinus 10, a Plze\u0148 12. Je zde i bohat\u00fd v\u00fdb\u011br minutek, tak ne, abyste se naprali p\u0159edem.<\/p>\n<p><strong>CO S SEBOU ? :<\/strong>\u00a0S sebou si vemte: \u010delovku, sv\u00edtilnu \u010di kahan, <strong>buzolu \u010di kompas<\/strong>, <strong>tu\u017eku (ta se taky \u0161ikne)<\/strong>, oble\u010den\u00ed a ozut\u00ed dle po\u010das\u00ed, drobn\u00e9 na pivo. Mapa (form\u00e1t A4) <strong>nebude<\/strong> vodovzdorn\u011b upravena, a proto si <strong>vemte futr\u00e1lek<\/strong>.<\/p>\n<p><strong>Startovn\u00e9:<\/strong> dobrovoln\u00e9 (v\u00edc ne\u017e 50,- mi ned\u00e1vejte, nechci se dostat mezi tu bohatou pak\u00e1\u017e)<\/p>\n<p>Vemte si pevn\u00e9 nohavice! Ostru\u017e\u00edn\u00ed je v \u010e\u00e1bli\u010d\u00e1ku v\u00fd\u017eivn\u00e9.<\/p>\n<p><strong>Pravidla :<br \/><\/strong>Po p\u0159\u00edchodu do restaurace si <strong>NEJD\u0158\u00cdVE vyberte na p\u0159ipraven\u00e9m formul\u00e1\u0159i <\/strong>(na kule\u010dn\u00edkov\u00e9m stole)<strong> voln\u00e9 startovn\u00ed \u010d\u00edslo se startovn\u00edm \u010dasem (odstup 1 minuta).\u00a0<\/strong> <strong>Do formul\u00e1\u0159e p\u0159ipi\u0161te sv\u00e9 ct\u011bn\u00e9 jm\u00e9no<\/strong>, a zapamatujte si startovn\u00ed \u010d\u00edslo a startovn\u00ed \u010das.<\/p>\n<p>Pot\u00e9 se vedle v m\u00edstnosti zaregistrujte (<strong>hla\u0161te p\u0159\u00edjmen\u00ed jm\u00e9no a startovn\u00ed \u010d\u00edslo<\/strong>).<\/p>\n<p>Dostanete pr\u016fkazku se startovn\u00edm \u010d\u00edslem do kter\u00e9 <strong>vypl\u0148te jm\u00e9no a startovn\u00ed \u010das.<\/strong><\/p>\n<p>Minutu p\u0159ed startem bu\u010fte u \u010dasom\u00edry s p\u0159ipravenou pr\u016fkazkou ke kontrole.<\/p>\n<p><strong>Startujte se se sami<\/strong> (p\u0159epokl\u00e1d\u00e1me fair play) a v okam\u017eiku startu (\u010das na pr\u016fkazu) si berte i mapu (n\u00e9 p\u0159edem).<\/p>\n<p><strong>Ra\u017een\u00ed voskovkou, kter\u00e1 je na stuze pobl\u00ed\u017e reflexn\u00ed ty\u010dky. P\u0159\u00edpadn\u00ed oblepova\u010di, lepte izolepu jen z jedn\u00e9 strany (t\u00e9 druh\u00e9 bez chl\u00edve\u010dk\u016f samoz\u0159ejm\u011b \u2026).<\/strong><\/p>\n<p><strong>Po dob\u011bhu<\/strong> si sami sami napi\u0161te dob\u011bhov\u00fd \u010das do pr\u016fkazu (dle \u010dasom\u00edry na stole) a pr\u016fkaz odevzdejte.<\/p>\n<p><strong>Hodnocen\u00ed : <\/strong>Nen\u00ed \u010dasov\u00fd limit. Rozhoduje po\u010det kontrol a p\u0159i shod\u011b pak \u010das.<\/p>\n<p><strong>D\u00e9lka trasy :<\/strong>\u00a0t\u011b\u017eko \u0159\u00edct, ale asi okolo 7 km, letos nen\u00ed \u010dasov\u00fd limit, ale po 22:30 si to m\u011b\u0159\u00edte sami<\/p>\n<p><strong>P\u0159ihl\u00e1\u0161ky<\/strong>\u00a0: p\u0159es google formul\u00e1\u0159: <a href=\"https:\/\/docs.google.com\/forms\/d\/e\/1FAIpQLScjEZ9x3uxmZZErtvARRX4csF7Ln2roTaNkTdTDiVaVLaiycg\/viewform?usp=header\">LINK (jednodu\u0161e p\u0159ipi\u0161te jm\u00e9no p\u0159\u00edjmen\u00ed a email)<\/a>, nebo nouzov\u011b na email hyneku(uzen\u00e1\u010d)seznam.cz do 20.10.2025 23:30 SEC, nebo do napln\u011bn\u00ed limitu bludi\u010d\u016f. Pot\u00e9 jen po individu\u00e1ln\u00ed domluv\u011b a s d\u00e1rky pro po\u0159adatele. T\u011bm, co p\u0159ihl\u00e1\u0161ku nepo\u0161lou hroz\u00ed, \u017ee bu\u010f dostanou pou\u017eitou mapu od dob\u011bhnuv\u0161\u00edho bloudila, nebo se na n\u011b budu zlobit (p\u0159\u00edpadn\u011b oboj\u00ed). Ka\u017edop\u00e1dn\u011b maxim\u00e1ln\u00ed po\u010det \u00fa\u010dastn\u00edk\u016f je 60, hla\u0161te se v\u010das. Pro ty (ta d\u011bv\u010data), kte\u0159\u00ed (kter\u00e1) se strachuj\u00ed o svou po\u010destnost, je dovoleno vyraziti i ve dvou.<\/p>\n<p><a href=\"https:\/\/docs.google.com\/spreadsheets\/d\/1pp3eQQTraYRe2fjy7n8PN0XSrakZ1r9h4NMWZMYTM7I\/edit?usp=sharing\">Seznam p\u0159ihl\u00e1\u0161en\u00fdch<\/a><\/p>\n","protected":false},"excerpt":{"rendered":"<p>Zhodnocen\u00ed: 45 bludi\u010d\u016f a bludi\u010dek23 kontrol1 de\u0161t\u00ed\u010dek, co brzy ustal1 ztracen\u00fd pr\u016fkaz, co se na\u0161el2 bludi\u010di byli v hospod\u011b zp\u011bt do hodiny3 bludi\u010di se kochali v h\u00e1ji p\u0159es 3 hodiny Mistrem sv\u011bta v pob\u00edh\u00e1n\u00ed po \u010e\u00e1bli\u010d\u00e1ku za rok 2025 se st\u00e1v\u00e1 p\u0159ikladn\u00fd usp\u00e1va\u010d sv\u00fdch d\u011bt\u00ed (na Bludi\u010dku dorazil a\u017e po odvypr\u00e1v\u011bn\u00ed poh\u00e1dek) Borek Sysel, jen\u017e [&hellip;]<\/p>\n","protected":false},"author":1,"featured_media":0,"parent":0,"menu_order":0,"comment_status":"closed","ping_status":"closed","template":"","meta":{"footnotes":""},"class_list":["post-806","page","type-page","status-publish","hentry"],"_links":{"self":[{"href":"https:\/\/hynek.jason-drson.com\/index.php?rest_route=\/wp\/v2\/pages\/806","targetHints":{"allow":["GET"]}}],"collection":[{"href":"https:\/\/hynek.jason-drson.com\/index.php?rest_route=\/wp\/v2\/pages"}],"about":[{"href":"https:\/\/hynek.jason-drson.com\/index.php?rest_route=\/wp\/v2\/types\/page"}],"author":[{"embeddable":true,"href":"https:\/\/hynek.jason-drson.com\/index.php?rest_route=\/wp\/v2\/users\/1"}],"replies":[{"embeddable":true,"href":"https:\/\/hynek.jason-drson.com\/index.php?rest_route=%2Fwp%2Fv2%2Fcomments&post=806"}],"version-history":[{"count":11,"href":"https:\/\/hynek.jason-drson.com\/index.php?rest_route=\/wp\/v2\/pages\/806\/revisions"}],"predecessor-version":[{"id":873,"href":"https:\/\/hynek.jason-drson.com\/index.php?rest_route=\/wp\/v2\/pages\/806\/revisions\/873"}],"wp:attachment":[{"href":"https:\/\/hynek.jason-drson.com\/index.php?rest_route=%2Fwp%2Fv2%2Fmedia&parent=806"}],"curies":[{"name":"wp","href":"https:\/\/api.w.org\/{rel}","templated":true}]}}