
{"id":84,"date":"2016-12-26T23:38:31","date_gmt":"2016-12-26T22:38:31","guid":{"rendered":"http:\/\/hynek.jason-drson.com\/?page_id=84"},"modified":"2016-12-26T23:54:26","modified_gmt":"2016-12-26T22:54:26","slug":"2006-10-25-dablicka-bludicka","status":"publish","type":"page","link":"https:\/\/hynek.jason-drson.com\/?page_id=84","title":{"rendered":"2006 10 25 \u010e\u00e1blick\u00e1 Bludi\u010dka"},"content":{"rendered":"<p><a href=\"http:\/\/www.jason-drson.com\/bludicka\/vysledky_2006.xls\" target=\"_blank\">V\u00fdsledky 2006<\/a><\/p>\n<p>25.\u0159\u00edjna bezdomovci vyklidili \u010e\u00e1blick\u00fd h\u00e1j, znaje, \u017ee bloudi\u010di sv\u00fdmi sv\u011btlostroji op\u011bt po roce proz\u00e1\u0159\u00ed lesn\u00ed porost. N\u011bkte\u0159\u00ed zaujali vy\u010dk\u00e1vac\u00ed pozice za Penny marketem, kde je ov\u0161em na\u0161\u00ed bludi\u010di hrav\u011b vyp\u00e1trali.<br \/>\n21 kontrol na dvou map\u00e1ch nejrychleji orazil a prol\u00e9tl Jirka \u0160pl\u00edchal. Vl\u00e1\u010fa Marek pobl\u00ed\u017e kontroly 1 zkoumal d\u016fmysln\u00fd pelech bezdomovce. Trochu si zd\u0159imnul na slam\u00e1ku s pe\u0159inou a tud\u00ed\u017e dob\u011bhl druh\u00fd.<br \/>\n\u010cerstv\u011b oddan\u00e1 dvojice \u0160korpil\u016f dob\u011bhla t\u0159et\u00ed, pot\u00e9 co se na smy\u010dce sna\u017eili dohnat tramvaj. Tom\u00e1\u0161 Prousek b\u011b\u017eel tak usilovn\u011b, \u017ee se mu na lebce rozpustila \u010delovka a t\u00edm p\u0159i\u0161el o bednu.<br \/>\nSout\u011b\u017e o krvavou hole\u0148 vyhr\u00e1l Ale\u0161 Novotn\u00fd. Jeho nezahalen\u00e9 no\u017eky se objali s nejv\u00edce \u0161lahouny ostru\u017ein\u00ed.<br \/>\nNejd\u00e9le v lese pobyl Roman Spudil. Z\u00e1m\u011brn\u011b si nevzal m\u011b\u0159i\u010d \u010dasu, aby ho nic neznerv\u00f3z\u0148ovalo.<br \/>\nNejv\u00edce jehli\u010d\u00ed z lesa p\u0159inesl na z\u00e1dech Pavel Milenovsk\u00fd.<br \/>\nSponzorem hlavn\u00ed ceny byl op\u011bt cestovatel Martin Mykiska (www.mykiska.cz). Na lo\u0148sk\u00fd v\u00e1no\u010dn\u00ed orien\u0165\u00e1k pod Macchu Piccu jsme se dostavili jen dva, tak\u017ee jsme jej p\u0159ed\u011blali na b\u011bh do vrchu. V\u00edt\u011bze jsme nevyhla\u0161ovali.<\/p>\n","protected":false},"excerpt":{"rendered":"<p>V\u00fdsledky 2006 25.\u0159\u00edjna bezdomovci vyklidili \u010e\u00e1blick\u00fd h\u00e1j, znaje, \u017ee bloudi\u010di sv\u00fdmi sv\u011btlostroji op\u011bt po roce proz\u00e1\u0159\u00ed lesn\u00ed porost. N\u011bkte\u0159\u00ed zaujali vy\u010dk\u00e1vac\u00ed pozice za Penny marketem, kde je ov\u0161em na\u0161\u00ed bludi\u010di hrav\u011b vyp\u00e1trali. 21 kontrol na dvou map\u00e1ch nejrychleji orazil a prol\u00e9tl Jirka \u0160pl\u00edchal. Vl\u00e1\u010fa Marek pobl\u00ed\u017e kontroly 1 zkoumal d\u016fmysln\u00fd pelech bezdomovce. Trochu si zd\u0159imnul [&hellip;]<\/p>\n","protected":false},"author":1,"featured_media":0,"parent":94,"menu_order":0,"comment_status":"closed","ping_status":"closed","template":"","meta":{"footnotes":""},"class_list":["post-84","page","type-page","status-publish","hentry"],"_links":{"self":[{"href":"https:\/\/hynek.jason-drson.com\/index.php?rest_route=\/wp\/v2\/pages\/84","targetHints":{"allow":["GET"]}}],"collection":[{"href":"https:\/\/hynek.jason-drson.com\/index.php?rest_route=\/wp\/v2\/pages"}],"about":[{"href":"https:\/\/hynek.jason-drson.com\/index.php?rest_route=\/wp\/v2\/types\/page"}],"author":[{"embeddable":true,"href":"https:\/\/hynek.jason-drson.com\/index.php?rest_route=\/wp\/v2\/users\/1"}],"replies":[{"embeddable":true,"href":"https:\/\/hynek.jason-drson.com\/index.php?rest_route=%2Fwp%2Fv2%2Fcomments&post=84"}],"version-history":[{"count":1,"href":"https:\/\/hynek.jason-drson.com\/index.php?rest_route=\/wp\/v2\/pages\/84\/revisions"}],"predecessor-version":[{"id":86,"href":"https:\/\/hynek.jason-drson.com\/index.php?rest_route=\/wp\/v2\/pages\/84\/revisions\/86"}],"up":[{"embeddable":true,"href":"https:\/\/hynek.jason-drson.com\/index.php?rest_route=\/wp\/v2\/pages\/94"}],"wp:attachment":[{"href":"https:\/\/hynek.jason-drson.com\/index.php?rest_route=%2Fwp%2Fv2%2Fmedia&parent=84"}],"curies":[{"name":"wp","href":"https:\/\/api.w.org\/{rel}","templated":true}]}}