
{"id":87,"date":"2016-12-26T23:39:44","date_gmt":"2016-12-26T22:39:44","guid":{"rendered":"http:\/\/hynek.jason-drson.com\/?page_id=87"},"modified":"2016-12-26T23:54:31","modified_gmt":"2016-12-26T22:54:31","slug":"2005-10-25-dablicka-bludicka","status":"publish","type":"page","link":"https:\/\/hynek.jason-drson.com\/?page_id=87","title":{"rendered":"2005 10 25 \u010e\u00e1blick\u00e1 Bludi\u010dka"},"content":{"rendered":"<p><a href=\"http:\/\/www.jason-drson.com\/bludicka\/vysledky_2005.xls\" target=\"_blank\">V\u00fdsledky 2005<\/a><\/p>\n<p>Blahop\u0159ejeme v\u0161em dob\u011bhnuv\u0161\u00edm u\u010dastn\u00edk\u016fm no\u010dn\u00edkov\u00e9 ta\u0161ka\u0159ice.<br \/>\nTepl\u00fd a sv\u011b\u017e\u00ed v\u011bt\u0159\u00edk obla\u017eoval tv\u00e1\u0159e osv\u011btlen\u00fdch bludi\u010d\u016f a bludi\u010dek. Op\u011bt nikdo neorazil nastra\u017eenou pohyblivovou kontrolu na z\u00e1dech ouchyla Schmoranze, pohybuj\u00edc\u00edho se nedaleko pelechu bezdomovce. Dle posledn\u00edch zpr\u00e1v ho vyd\u011bsily nov\u00e9 typy vysoce sv\u00edt\u00edv\u00fdch \u010delovek, tak\u017ee se p\u0159esunul na klidn\u011bj\u0161\u00ed m\u00edsto v z\u00e1v\u011bsu Nuselsk\u00e9ho mostu.<br \/>\nNejrychleji ra\u017ebu provedl Du\u0161an Lebeda s tryskov\u00fdm \u010dasem 43 minut. Honza Rez\u00e1\u010d obhajil lonsk\u00e9 st\u0159\u00edbro a t\u0159et\u00ed medailista Honza Nov\u00e1k utekl \u010dtvrt\u00e9mu Jirkovi \u0160pl\u00edchalovi o pouh\u00fdch 17 sekund.<br \/>\nStabiln\u00ed formu potvrdil i team GeTe, kter\u00fd se nenechal konkurenty vyhodit ze sedla. Sv\u00fdm \u010dasem 2:46:00 potvrzuje roli milovn\u00edka no\u010dn\u00edch park\u016f.<br \/>\nD\u00e1msk\u00e1 dvojka Elena Berndtov\u00e1 a Radka Dole\u017ealov\u00e1 si p\u0159i \u010dten\u00ed popisu kontrol prohodila p\u00edsmena \u201db\u201d a \u201d\u00ed\u201d ve slov\u011b \u201dh\u0159b\u00edtek\u201d (nav\u00edc vypustily \u201dt\u201d). Po neusp\u011b\u0161n\u00e9m houba\u0159en\u00ed m\u00e1lem zdevastovaly vybaven\u00ed d\u011btsk\u00e9ho h\u0159i\u0161\u0165\u00e1tka, neb zkoumaly co se nach\u00e1z\u00ed pod kloboukem d\u0159ev\u011bn\u00e9ho h\u0159iba.<br \/>\nDal\u0161\u00ed no\u010dn\u00ed orien\u0165\u00e1k organizuje Martin Mykiska 21.12.2005. Sraz v 18:30 u nadra\u017en\u00ed kasy pod Machu Picchu. D\u00e9lka trasy cca 8km, p\u0159ev\u00fd\u0161en\u00ed 1500m. Nezapome\u0148te na \u010dasov\u00fd posun -5 hodin GMT. Popis kontrol jen ve \u0161pan\u011bl\u0161tin\u011b.<\/p>\n","protected":false},"excerpt":{"rendered":"<p>V\u00fdsledky 2005 Blahop\u0159ejeme v\u0161em dob\u011bhnuv\u0161\u00edm u\u010dastn\u00edk\u016fm no\u010dn\u00edkov\u00e9 ta\u0161ka\u0159ice. Tepl\u00fd a sv\u011b\u017e\u00ed v\u011bt\u0159\u00edk obla\u017eoval tv\u00e1\u0159e osv\u011btlen\u00fdch bludi\u010d\u016f a bludi\u010dek. Op\u011bt nikdo neorazil nastra\u017eenou pohyblivovou kontrolu na z\u00e1dech ouchyla Schmoranze, pohybuj\u00edc\u00edho se nedaleko pelechu bezdomovce. Dle posledn\u00edch zpr\u00e1v ho vyd\u011bsily nov\u00e9 typy vysoce sv\u00edt\u00edv\u00fdch \u010delovek, tak\u017ee se p\u0159esunul na klidn\u011bj\u0161\u00ed m\u00edsto v z\u00e1v\u011bsu Nuselsk\u00e9ho mostu. Nejrychleji ra\u017ebu [&hellip;]<\/p>\n","protected":false},"author":1,"featured_media":0,"parent":94,"menu_order":0,"comment_status":"closed","ping_status":"closed","template":"","meta":{"footnotes":""},"class_list":["post-87","page","type-page","status-publish","hentry"],"_links":{"self":[{"href":"https:\/\/hynek.jason-drson.com\/index.php?rest_route=\/wp\/v2\/pages\/87","targetHints":{"allow":["GET"]}}],"collection":[{"href":"https:\/\/hynek.jason-drson.com\/index.php?rest_route=\/wp\/v2\/pages"}],"about":[{"href":"https:\/\/hynek.jason-drson.com\/index.php?rest_route=\/wp\/v2\/types\/page"}],"author":[{"embeddable":true,"href":"https:\/\/hynek.jason-drson.com\/index.php?rest_route=\/wp\/v2\/users\/1"}],"replies":[{"embeddable":true,"href":"https:\/\/hynek.jason-drson.com\/index.php?rest_route=%2Fwp%2Fv2%2Fcomments&post=87"}],"version-history":[{"count":1,"href":"https:\/\/hynek.jason-drson.com\/index.php?rest_route=\/wp\/v2\/pages\/87\/revisions"}],"predecessor-version":[{"id":89,"href":"https:\/\/hynek.jason-drson.com\/index.php?rest_route=\/wp\/v2\/pages\/87\/revisions\/89"}],"up":[{"embeddable":true,"href":"https:\/\/hynek.jason-drson.com\/index.php?rest_route=\/wp\/v2\/pages\/94"}],"wp:attachment":[{"href":"https:\/\/hynek.jason-drson.com\/index.php?rest_route=%2Fwp%2Fv2%2Fmedia&parent=87"}],"curies":[{"name":"wp","href":"https:\/\/api.w.org\/{rel}","templated":true}]}}